{"id":5885,"date":"2024-06-12T12:25:59","date_gmt":"2024-06-12T10:25:59","guid":{"rendered":"https:\/\/www.japanweekend.com\/valencia\/?page_id=5885"},"modified":"2026-04-29T17:20:57","modified_gmt":"2026-04-29T15:20:57","slug":"zona-18-artistas","status":"publish","type":"page","link":"https:\/\/www.japanweekend.com\/valencia\/zona-18-artistas\/","title":{"rendered":"Zona +18"},"content":{"rendered":"[vc_row][vc_column][vc_single_image image=&#8221;7205&#8243; img_size=&#8221;full&#8221; alignment=&#8221;center&#8221;][vc_column_text]\n<h1 style=\"text-align: center;\"><strong>\u00a1NO TE PIERDAS NUESTRA ZONA +18!<\/strong><\/h1>\n<h5 style=\"text-align: center;\"><span style=\"color: #800080;\">No se permitir\u00e1 la entrada a menores de 18 a\u00f1os. <\/span><\/h5>\n<h5 style=\"text-align: center;\"><span style=\"color: #800080;\">Imprescindible documentaci\u00f3n oficial para acceder al interior de la zona.<\/span><\/h5>\n[\/vc_column_text][\/vc_column][\/vc_row][vc_row][vc_column][vc_column_text]\n<h2 style=\"text-align: center;\"><span style=\"color: #993366;\">COSPLAYERS<\/span><\/h2>\n[\/vc_column_text][vc_single_image image=&#8221;9302&#8243; img_size=&#8221;full&#8221; alignment=&#8221;center&#8221;][vc_column_text]\n<h2 style=\"text-align: center;\"><span style=\"color: #993366;\">ARTESANOS e <\/span><span style=\"color: #993366;\">ILUSTRADORES<\/span><\/h2>\n[\/vc_column_text][vc_single_image image=&#8221;9303&#8243; img_size=&#8221;full&#8221; alignment=&#8221;center&#8221;][vc_single_image image=&#8221;9304&#8243; img_size=&#8221;full&#8221; alignment=&#8221;center&#8221;][\/vc_column][\/vc_row]\n","protected":false},"excerpt":{"rendered":"<p>[vc_row][vc_column][vc_single_image image=&#8221;7205&#8243; img_size=&#8221;full&#8221; alignment=&#8221;center&#8221;][vc_column_text] \u00a1NO TE PIERDAS NUESTRA ZONA +18! No se permitir\u00e1 la entrada a menores de 18 a\u00f1os. Imprescindible documentaci\u00f3n oficial para acceder al interior de la zona. [\/vc_column_text][\/vc_column][\/vc_row][vc_row][vc_column][vc_column_text] COSPLAYERS [\/vc_column_text][vc_single_image image=&#8221;9302&#8243; img_size=&#8221;full&#8221; alignment=&#8221;center&#8221;][vc_column_text] ARTESANOS e ILUSTRADORES [\/vc_column_text][vc_single_image image=&#8221;9303&#8243; img_size=&#8221;full&#8221; alignment=&#8221;center&#8221;][vc_single_image image=&#8221;9304&#8243; img_size=&#8221;full&#8221; alignment=&#8221;center&#8221;][\/vc_column][\/vc_row]<\/p>\n","protected":false},"author":1,"featured_media":0,"parent":0,"menu_order":0,"comment_status":"closed","ping_status":"closed","template":"","meta":[],"_links":{"self":[{"href":"https:\/\/www.japanweekend.com\/valencia\/wp-json\/wp\/v2\/pages\/5885"}],"collection":[{"href":"https:\/\/www.japanweekend.com\/valencia\/wp-json\/wp\/v2\/pages"}],"about":[{"href":"https:\/\/www.japanweekend.com\/valencia\/wp-json\/wp\/v2\/types\/page"}],"author":[{"embeddable":true,"href":"https:\/\/www.japanweekend.com\/valencia\/wp-json\/wp\/v2\/users\/1"}],"replies":[{"embeddable":true,"href":"https:\/\/www.japanweekend.com\/valencia\/wp-json\/wp\/v2\/comments?post=5885"}],"version-history":[{"count":14,"href":"https:\/\/www.japanweekend.com\/valencia\/wp-json\/wp\/v2\/pages\/5885\/revisions"}],"predecessor-version":[{"id":9305,"href":"https:\/\/www.japanweekend.com\/valencia\/wp-json\/wp\/v2\/pages\/5885\/revisions\/9305"}],"wp:attachment":[{"href":"https:\/\/www.japanweekend.com\/valencia\/wp-json\/wp\/v2\/media?parent=5885"}],"curies":[{"name":"wp","href":"https:\/\/api.w.org\/{rel}","templated":true}]}}