{"id":5009,"date":"2024-03-21T17:02:14","date_gmt":"2024-03-21T15:02:14","guid":{"rendered":"https:\/\/www.japanweekend.com\/valencia\/?page_id=5009"},"modified":"2026-04-10T11:46:12","modified_gmt":"2026-04-10T09:46:12","slug":"asian-cover-dance-nkc","status":"publish","type":"page","link":"https:\/\/www.japanweekend.com\/valencia\/asian-cover-dance-nkc\/","title":{"rendered":"Asian Cover Dance + N\u00e4rCon Kpop Championship"},"content":{"rendered":"[vc_row][vc_column][vc_column_text]\n<h2 style=\"text-align: center;\"><b>BASES DE PARTICIPACI\u00d3N<\/b><\/h2>\n<p>&nbsp;<\/p>\n<ol style=\"text-align: justify;\">\n<li aria-level=\"1\">El concurso de dance se celebrar\u00e1 el<b> s\u00e1bado 9 de mayo a las 11:30\u00a0 en el escenario principal (hora por confirmar) .<\/b><\/li>\n<li aria-level=\"1\">La selecci\u00f3n de participantes ser\u00e1 en funci\u00f3n a la preselecci\u00f3n online detallada en el siguiente apartado.<\/li>\n<li aria-level=\"1\">El m\u00e1ximo de plazas permitidas es de 20 plazas, todos los inscritos que pasen de la plaza n\u00famero 20 ser\u00e1n tomados como reserva. Permitiremos un m\u00e1ximo de 5 reservas. En caso de que sea posible, ampliaremos las plazas a 25.<\/li>\n<li aria-level=\"1\"><strong>En esta edici\u00f3n contaremos con la preselecci\u00f3n espa\u00f1ola del concurso intenacional<a href=\"https:\/\/www.narcon.se\/kpop-championship\"> &#8220;N\u00e4rCon Kpop Championship&#8221;<\/a> (NKC) cuya final se celebrar\u00e1 en el evento <a href=\"https:\/\/www.narcon.se\/\">N\u00e4rCon<\/a> en Suecia<\/strong> (detalles en el apartado correspondiente). A parte, tendremos el formato habitual de concurso de Asian Cover Dance donde se permiten desde solistas a grupos de 10 personas (seg\u00fan participaci\u00f3n).<\/li>\n<li aria-level=\"1\">Un mismo participante no podr\u00e1 formar parte de m\u00e1s de un grupo o presentarse en dos categor\u00edas distintas.<\/li>\n<li aria-level=\"1\">Los participantes tendr\u00e1n que estar en el escenario 30 minutos antes del comienzo del concurso.<\/li>\n<li aria-level=\"1\">Todos los participantes dispondr\u00e1n de una pantalla en caso de que deseen proyectar alg\u00fan video durante su actuaci\u00f3n. El archivo de video ha de estar fusionado con el de la m\u00fasica, formando todo un \u00fanico archivo, y no debe superar los 200MB.<\/li>\n<li aria-level=\"1\">Queda prohibida la utilizaci\u00f3n de productos peligrosos para los asistentes, como material pirot\u00e9cnico. No se permitir\u00e1 que ning\u00fan participante manche el escenario o esparza objetos que requieran limpieza (polvos, confeti, p\u00e9talos&#8230;).<\/li>\n<li aria-level=\"1\">Est\u00e1 prohibido que los participantes utilicen en su actuaci\u00f3n armas y\/u otros objetos contundentes o imitaciones que por sus caracter\u00edsticas puedan inducir a confusi\u00f3n sobre su aut\u00e9ntica naturaleza, y elementos peligrosos para la integridad f\u00edsica de las personas como material pirot\u00e9cnico e inflamable. Asimismo se proh\u00edbe durante el consumo alcohol, cigarrillos o sustancias.<\/li>\n<li aria-level=\"1\">Se prohibir\u00e1 la participaci\u00f3n de todo aquel que cree altercados contra la organizaci\u00f3n, el jurado u otros participantes, ya sea presencialmente u online.<\/li>\n<li aria-level=\"1\">Se aplicar\u00e1 un\u00a0<strong>descuento del 50% en la entrada para las personas admitidas<\/strong>. Los detalles sobre c\u00f3mo obtener dicho descuento ser\u00e1n comunicados por correo electr\u00f3nico. La confirmaci\u00f3n de plaza implicar\u00e1 un c\u00f3digo para una entrada con descuento a una hora adecuada para participar en el concurso.<\/li>\n<li aria-level=\"1\">No se ceder\u00e1 ning\u00fan micr\u00f3fono, el audio ha de estar preparado con anterioridad.<\/li>\n<li aria-level=\"1\">Quedan prohibidas las escenas er\u00f3ticas y\/o pornogr\u00e1ficas, as\u00ed como tambi\u00e9n cualquier acto inmoral o contrario que no sea propio de la coreograf\u00eda y que pueda causar alteraciones en el orden del concurso o afectar a los asistentes.<\/li>\n<li aria-level=\"1\">Descalificaremos sin excepci\u00f3n a todos los participantes que no cumplan las bases del concurso o las medidas de seguridad. La no acataci\u00f3n de las indicaciones de la organizaci\u00f3n supondr\u00e1 una penalizaci\u00f3n de cara a futuros concursos.<\/li>\n<li aria-level=\"1\">Las im\u00e1genes tomadas durante el concurso podr\u00e1n ser usadas por Japan Weekend, Feria Valencia y NKC sin ning\u00fan tipo de compensaci\u00f3n econ\u00f3mica a los participantes ni a los fot\u00f3grafos.<\/li>\n<li aria-level=\"1\">Las bases podr\u00e1n sufrir cualquier modificaci\u00f3n de aqu\u00ed al d\u00eda del concurso seg\u00fan las necesidades de la organizaci\u00f3n, la participaci\u00f3n en el concurso supone la aceptaci\u00f3n de las mismas.<\/li>\n<\/ol>\n<p style=\"text-align: justify;\"><b>CRITERIOS DE PRESELECCI\u00d3N COMUNES<\/b><\/p>\n<ol style=\"text-align: justify;\">\n<li>El <strong>formulario de inscripci\u00f3n<\/strong> para ser seleccionado es com\u00fan para NKC y el concurso general se encuentra al final de las bases. Se abrir\u00e1 el pr\u00f3ximo 13 de abril a las 12:00\u00a0 y se cerrar\u00e1 el de 27 de abril de 2026 a las 23:59.<\/li>\n<li aria-level=\"1\">Al realizar la inscripci\u00f3n, en el formulario se tendr\u00e1 incluir un link a un video del baile de los interesados y otro a una carpeta en drive de acceso <b>p\u00fablico<\/b>\u00a0con la canci\u00f3n\/mix que se quiere presentar para realizar la preselecci\u00f3n.<\/li>\n<li aria-level=\"1\">El video deber\u00e1 subirse en <b>oculto a YouTube<\/b>, proporcionando el link en la inscripci\u00f3n, y debe tener una calidad m\u00ednima de <b>720p<\/b>\u00a0para poder observar bien los movimientos, detalles y expresiones.<\/li>\n<li aria-level=\"1\">Se deber\u00e1 mandar un video de m\u00ednimo un minuto de duraci\u00f3n y m\u00e1ximo un minuto y medio, mostrando la parte de la coreograf\u00eda que se considere conveniente (no es necesario que sea desde el principio de la canci\u00f3n o remix).<\/li>\n<li aria-level=\"1\">La c\u00e1mara debe ser\u00a0<b>est\u00e1tica<\/b> y el video no debe tener <b>ning\u00fan corte<\/b>. Es necesario que se pueda apreciar bien el baile. No se valorar\u00e1 el vestuario o el entorno para el proceso de preselecci\u00f3n.<\/li>\n<li aria-level=\"1\">La canci\u00f3n o remix que se baile en el video mandado para la preselecci\u00f3n deber\u00e1 ser el mismo con el que se vaya a actuar. <b>No se admitir\u00e1n cambios en el audio<\/b>.<\/li>\n<li aria-level=\"1\">En el caso de categor\u00eda grupal, todos los integrantes que aparezcan en el video deber\u00e1n estar disponibles para actuar el d\u00eda del concurso. No se permitir\u00e1n inclusiones de miembros que no salieran previamente en el video de preselecci\u00f3n, ni cambios de miembros del grupo. En caso de fuerza mayor y de que un miembro no pueda participar, el grupo podr\u00e1 actuar con una persona menos, pero nunca a\u00f1adiendo a alguien nuevo.<\/li>\n<li aria-level=\"1\">Los participantes seleccionados para el concurso se notificar\u00e1n mediante el correo electr\u00f3nico de contacto y se anunciar\u00e1n en la web el d\u00eda <strong>30\u00a0<\/strong><b>de abril de 2026<\/b>.<\/li>\n<li aria-level=\"1\">En el caso de haber alguna duda o cambio en la inscripci\u00f3n, se resolver\u00e1 mediante \u00a0<a href=\"mailto:kpopverse.es@gmail.com\">kpopverse.es@gmail.com<\/a><\/li>\n<\/ol>\n<p style=\"text-align: justify;\"><b>CRITERIOS DE PRESELECCI\u00d3N, ACTUACI\u00d3N Y EVALUACI\u00d3N NKC<\/b><\/p>\n<ol style=\"text-align: justify;\">\n<li>El m\u00ednimo de edad permitido ser\u00e1 de <strong>17 a\u00f1os\u00a0<\/strong>siempre y cuando se haya cumplido la <strong>mayor\u00eda de edad antes del 22 de julio de 2026<\/strong>.<\/li>\n<li>Se tendr\u00e1 que tener disponibilidad para viajar entre el 22 de julio y el 26 de julio de 2026.<\/li>\n<li>El n\u00famero de integrantes ser\u00e1 de un m\u00ednimo de 3 y un m\u00e1ximo de 5.<\/li>\n<li>La elecci\u00f3n de canciones ha de provenir de artistas coreanos, permitiendo idiomas como el coreano, japon\u00e9s, chino e ingl\u00e9s.<\/li>\n<li>El baile deber\u00e1 de ser igual a la coreograf\u00eda original del artista en la final en Suecia. Si el grupo elige hacer una versi\u00f3n de un remix, el remix debe tener una coreograf\u00eda existente.<\/li>\n<li>S\u00f3lo se permiten remixes si tienen una coreograf\u00eda existente en la final de Suecia. El remix debe ser oficial y seguir las dem\u00e1s reglas del concurso.<\/li>\n<li>La actuaci\u00f3n puede incluir una introducci\u00f3n en pantalla. Se recomienda para obtener puntos extra. No se juzgar\u00e1 la calidad de la edici\u00f3n, ya que se valora su contenido y no los conocimientos t\u00e9cnicos para la creaci\u00f3n del video.<\/li>\n<li>El tiempo m\u00e1ximo para la introducci\u00f3n ser\u00e1 de 1 minuto.<\/li>\n<li>El tiempo de duraci\u00f3n m\u00e1ximo de la actuaci\u00f3n ser\u00e1 de 5 minutos (intro + canci\u00f3n).<\/li>\n<li>El grupo puede optar por incluir coreograf\u00eda original en la parte de introducci\u00f3n de la actuaci\u00f3n, mientras el video se reproduce, pero esto no es un requisito ya que no ser\u00e1 juzgado. Subir al escenario inmediatamente despu\u00e9s de la introducci\u00f3n de la pantalla es suficiente.<\/li>\n<li>No se aceptar\u00e1n cambios en la canci\u00f3n elegida para actuar en el concurso, la indicada en la inscripci\u00f3n ser\u00e1 la definitiva.<\/li>\n<li>El criterio de evaluaci\u00f3n es el siguiente:\n<ul>\n<li aria-level=\"1\">T\u00e9cnica: 0-7 puntos<\/li>\n<li aria-level=\"1\">Vestuario y apariencia general: 0-7 puntos<\/li>\n<li aria-level=\"1\">Sincronizaci\u00f3n, formaciones y uniformidad: 0-7 puntos<\/li>\n<li aria-level=\"1\">Actitud, carisma y presencia en el escenario: 0-7 puntos<\/li>\n<li aria-level=\"1\">Intro: 0- 2 puntos<\/li>\n<\/ul>\n<\/li>\n<\/ol>\n<p style=\"text-align: justify;\"><b>CRITERIOS DE PRESELECCI\u00d3N, ACTUACI\u00d3N Y EVALUACI\u00d3N &#8211; CATEGOR\u00cdA GENERAL<\/b><\/p>\n<ol style=\"text-align: justify;\">\n<li>El m\u00ednimo de edad permitida ser\u00e1 de\u00a0<b>14 a\u00f1os. <\/b>Los participantes menores de 16 a\u00f1os que se presenten en cualquier categor\u00eda tendr\u00e1n que presentar un consentimiento firmado por un tutor legal que se har\u00e1 llegar cuando se confirme la plaza as\u00ed como ir acompa\u00f1ados al evento por el mismo.<\/li>\n<li>Por razones de seguridad cada grupo tendr\u00e1 un m\u00e1ximo de 10 integrantes.<\/li>\n<li>Se admiten canciones o remixes de toda clase de pop asi\u00e1tico. Si se trata de un remix no podr\u00e1n mezclarse m\u00e1s de tres canciones.<\/li>\n<li>Se permitir\u00e1 que un 20% de la actuaci\u00f3n sea coreograf\u00eda original realizada por el grupo o solista<\/li>\n<li>No se aceptar\u00e1n cambios en la canci\u00f3n elegida para actuar en el concurso, la indicada en la inscripci\u00f3n ser\u00e1 la definitiva.<\/li>\n<li>Es obligatorio realizar una actuaci\u00f3n <b>que no sea inferior a 1 minuto y medio y que no exceda de los 4 minutos<\/b> sin excepci\u00f3n. Se admitir\u00e1 un margen de 5 segundos extra siempre que sea necesario para la finalizaci\u00f3n de la actuaci\u00f3n pero se rechazar\u00e1n todas las\u00a0 \u00a0 \u00a0 \u00a0inscripciones que no cumplan dicha norma.<\/li>\n<li>Se evaluar\u00e1n las actuaciones conforme a los siguientes porcentajes:\n<ul>\n<li aria-level=\"1\">Baile, coreograf\u00eda, coordinaci\u00f3n, ritmo, limpieza de los pasos, t\u00e9cnica: 60%<\/li>\n<li aria-level=\"1\">Actitud, carisma, expresividad, interacci\u00f3n con el p\u00fablico, presencia en el escenario: 30%<\/li>\n<li aria-level=\"1\">Vestuario acorde al original: 10%<\/li>\n<\/ul>\n<\/li>\n<\/ol>\n<p style=\"text-align: justify;\"><b>JURADO<\/b><\/p>\n<ol style=\"text-align: justify;\">\n<li aria-level=\"1\">El jurado se anunciar\u00e1 pr\u00f3ximamente.<\/li>\n<li aria-level=\"1\">El jurado no discutir\u00e1 acerca del concurso o de los participantes antes del concurso ni despu\u00e9s. En caso de que un participante se acerque a un miembro del jurado se comunicar\u00e1 de inmediato y la organizaci\u00f3n tomar\u00e1 las medidas necesarias. Si un participante necesita consejos de cara a un futuro concurso ser\u00e1n dados sin tener en cuenta el presente.<\/li>\n<\/ol>\n<p style=\"text-align: justify;\"><b>PREMIOS<\/b><\/p>\n<ul>\n<li style=\"text-align: justify;\" aria-level=\"1\">Primer premio grupal (3-5 personas): Viaje para representar a Espa\u00f1a en N\u00e4rCon Kpop Championship en N\u00e4rCon, Suecia.<em>(Se incluye el viaje de ida y vuelta en fechas de evento, el hotel durante la duraci\u00f3n del evento y dietas durante el concurso)<\/em><\/li>\n<li style=\"text-align: justify;\" aria-level=\"1\">Segundo premio grupal: Suplente NKC (puede optar a otros premios)<\/li>\n<li aria-level=\"1\">Primer premio general: 250\u20ac<\/li>\n<li aria-level=\"1\">Segundo premio general: 150\u20ac<\/li>\n<li aria-level=\"1\">Menci\u00f3n grupal: 100\u20ac en material de <a href=\"https:\/\/kpopverse.es\/\">KpopVerse<\/a> (a canjear en su tienda durante el evento)<\/li>\n<li aria-level=\"1\">Menci\u00f3n individual: 50\u20ac en material de <a href=\"https:\/\/kpopverse.es\/\">KpopVerse<\/a> (a canjear en su tienda durante el evento)<\/li>\n<\/ul>\n<div class=\"vc_row wpb_row vc_row-fluid\">\n<div class=\"wpb_column vc_column_container vc_col-sm-12\">\n<div class=\"vc_column-inner\">\n<div class=\"wpb_wrapper\">\n<div class=\"wpb_text_column wpb_content_element \">\n<div class=\"wpb_wrapper\">\n<p><em>Los premios podr\u00e1n ser ajustados dependiendo de la participaci\u00f3n.\u00a0<\/em><\/div>\n<\/div>\n<\/div>\n<\/div>\n<\/div>\n<\/div>\n<div class=\"vc_row wpb_row vc_row-fluid\"><\/div>\n<h4>Contacto<\/h4>\n<p>Se ruega para cualquier duda contactar en\u00a0<a href=\"mailto:kpopverse.es@gmail.com\">kpopverse.es@gmail.com\u00a0<\/a>, si se contacta por las redes sociales de @kpopverse.es se les redirigir\u00e1 al mismo correo electr\u00f3nico.[\/vc_column_text][\/vc_column][vc_column][\/vc_column][\/vc_row][vc_row][vc_column][vc_btn title=&#8221;FORMULARIO DE PRESELECCI\u00d3N&#8221; style=&#8221;3d&#8221; shape=&#8221;round&#8221; color=&#8221;peacoc&#8221; align=&#8221;center&#8221; i_icon_fontawesome=&#8221;fas fa-file-alt&#8221; add_icon=&#8221;true&#8221; link=&#8221;url:https%3A%2F%2Fdocs.google.com%2Fforms%2Fd%2Fe%2F1FAIpQLSeG5i4s5SDAriKV5jbtqkgrIjmHgfNXMmobd5lDSxcQuJBluA%2Fviewform&#8221;][vc_separator color=&#8221;blue&#8221;][\/vc_column][\/vc_row][vc_row][vc_column]    <div class=\"vcx-sponsored-wrapper sponsors-area sponsors-area-default sponsors-area-nogap  sponsors-area-noshadow  vcx-spwrap-item3 sponsor-anim-default \">\r\n\r\n        <div class=\"vcx-sponsored-title\"><h3 class=\"sponsored-heading first-heading\" style=\"color:#554bb9;\">Concurso patrocinado por<\/h3><\/div>\r\n        <div class=\"sponsors-area\">\r\n                <div class=\"single single-default lgx-item3\">\r\n                    <a class=\"Concurso patrocinado por\" href=\"https:\/\/kpopverse.es\" target=\"_blank\" ><img src=\"https:\/\/www.japanweekend.com\/valencia\/wp-content\/uploads\/sites\/4\/2026\/04\/LOGO-COLOR.png\" alt=\"Sponsor\"\/><\/a>\r\n                <\/div> <!--\/\/single-->\r\n\r\n            <\/div>    <\/div>\r\n    [\/vc_column][\/vc_row]\n","protected":false},"excerpt":{"rendered":"<p>[vc_row][vc_column][vc_column_text] BASES DE PARTICIPACI\u00d3N &nbsp; El concurso de dance se celebrar\u00e1 el s\u00e1bado 9 de mayo a las 11:30\u00a0 en el escenario principal (hora por confirmar) . La selecci\u00f3n de participantes ser\u00e1 en funci\u00f3n a la preselecci\u00f3n online detallada en el siguiente apartado. El m\u00e1ximo de plazas permitidas es de 20 plazas, todos los inscritos [&hellip;]<\/p>\n","protected":false},"author":1,"featured_media":0,"parent":0,"menu_order":0,"comment_status":"closed","ping_status":"closed","template":"","meta":[],"_links":{"self":[{"href":"https:\/\/www.japanweekend.com\/valencia\/wp-json\/wp\/v2\/pages\/5009"}],"collection":[{"href":"https:\/\/www.japanweekend.com\/valencia\/wp-json\/wp\/v2\/pages"}],"about":[{"href":"https:\/\/www.japanweekend.com\/valencia\/wp-json\/wp\/v2\/types\/page"}],"author":[{"embeddable":true,"href":"https:\/\/www.japanweekend.com\/valencia\/wp-json\/wp\/v2\/users\/1"}],"replies":[{"embeddable":true,"href":"https:\/\/www.japanweekend.com\/valencia\/wp-json\/wp\/v2\/comments?post=5009"}],"version-history":[{"count":56,"href":"https:\/\/www.japanweekend.com\/valencia\/wp-json\/wp\/v2\/pages\/5009\/revisions"}],"predecessor-version":[{"id":9166,"href":"https:\/\/www.japanweekend.com\/valencia\/wp-json\/wp\/v2\/pages\/5009\/revisions\/9166"}],"wp:attachment":[{"href":"https:\/\/www.japanweekend.com\/valencia\/wp-json\/wp\/v2\/media?parent=5009"}],"curies":[{"name":"wp","href":"https:\/\/api.w.org\/{rel}","templated":true}]}}