{"id":4990,"date":"2024-03-07T22:16:55","date_gmt":"2024-03-07T20:16:55","guid":{"rendered":"https:\/\/www.japanweekend.com\/valencia\/?page_id=4990"},"modified":"2026-03-05T17:04:35","modified_gmt":"2026-03-05T15:04:35","slug":"zona-de-creadores","status":"publish","type":"page","link":"https:\/\/www.japanweekend.com\/valencia\/zona-de-creadores\/","title":{"rendered":"Zona de Creadores \/ Creators Area"},"content":{"rendered":"[vc_row][vc_column][vc_column_text]\n<h2 style=\"text-align: justify;\"><b>\ud83c\uddea\ud83c\uddf8 PARTICIPA EN LA ZONA DE CREADORES<\/b><\/h2>\n<ol style=\"text-align: justify;\">\n<li style=\"font-weight: 400;\" aria-level=\"1\"><span style=\"font-weight: 400;\">Este espacio est\u00e1 enfocado a individuos, ya sea cosplayers, autores, creadores de contenido, idols, youtubers, streamers\u2026 No se permitir\u00e1 que representantes, empresas o asociaciones participen.\u00a0<\/span><\/li>\n<li style=\"font-weight: 400;\" aria-level=\"1\"><span style=\"font-weight: 400;\">La edad m\u00ednima para participar es de 18 a\u00f1os.<\/span><\/li>\n<li style=\"font-weight: 400;\" aria-level=\"1\"><span style=\"font-weight: 400;\">El<\/span><a href=\"https:\/\/forms.gle\/d5tLyvBGbPo6tMFp6\"> <span style=\"font-weight: 400;\">formulario<\/span><\/a><span style=\"font-weight: 400;\"> estar\u00e1 abierto a partir del 5 de Marzo.<\/span><\/li>\n<li style=\"font-weight: 400;\" aria-level=\"1\"><span style=\"font-weight: 400;\">Las<\/span><b> inscripciones <\/b><span style=\"font-weight: 400;\">ser\u00e1n online en el formulario que encontrar\u00e9is al final de la p\u00e1gina y se cerrar\u00e1n al llenarse las plazas.\u00a0<\/span><\/li>\n<li style=\"font-weight: 400;\" aria-level=\"1\"><span style=\"font-weight: 400;\">El espacio podr\u00e1 ser ocupado para la venta de merchandising, meet and greet, firmas\u2026 Pero el espacio no sustituir\u00e1 un stand de artista, es decir, se seguir\u00e1 un sistema de turnos para que todos los interesados que cumplan los requisitos puedan acceder al espacio.\u00a0<\/span><\/li>\n<li style=\"font-weight: 400;\" aria-level=\"1\"><span style=\"font-weight: 400;\">Si se desea vender merchandising (prints, llaveros\u2026) deber\u00e1 estar hecho por la persona interesada en el espacio, y no por terceros. Las normas a seguir ser\u00e1n las de la zona de artistas.<\/span><\/li>\n<li style=\"font-weight: 400;\" aria-level=\"1\"><span style=\"font-weight: 400;\">De cara a las <\/span><b>prints de cosplay<\/b><span style=\"font-weight: 400;\">, tanto el cosplayer como el fot\u00f3grafo deber\u00e1n contar con el permiso escrito de todos los implicados para venderlas. Si se descubriese que no se tiene permiso el stand ser\u00e1 cerrado y se tendr\u00e1 en cuenta de cara a futuras peticiones. Japan Weekend no se hace responsable de posibles incidentes. \u00danicamente se puede vender material de cosplay del propio cosplayer o fot\u00f3grafo, si hay fotograf\u00edas grupales o en pareja pueden venderse siempre que los otros participantes den su consentimiento o est\u00e9n presentes en el stand como cosplayer acreditado. Esto incluye: prints, photobooks y merchandising (camisetas, tazas y\/o llaveros). No se podr\u00e1 vender material en el cual no aparezca ning\u00fan cosplay.<\/span><\/li>\n<li style=\"font-weight: 400;\" aria-level=\"1\"><span style=\"font-weight: 400;\">En caso de ser un autor autopublicado o publicado por editorial, se tendr\u00e1 que encargar el propio autor de la gesti\u00f3n del producto con los proveedores y de su venta. No se permite la participaci\u00f3n de terceros.\u00a0<\/span><\/li>\n<li style=\"font-weight: 400;\" aria-level=\"1\"><span style=\"font-weight: 400;\">No se proh\u00edbe el material pornogr\u00e1fico, pero \u00fanicamente podr\u00e1 estar dentro de una carpeta en la que ponga claramente +18. El representante ser\u00e1 el responsable de pedirle el DNI al asistente que desee abrir esa carpeta. No se permitir\u00e1 que se venda nada de dicha carpeta a menores de edad.<\/span><\/li>\n<li style=\"font-weight: 400;\" aria-level=\"1\"><span style=\"font-weight: 400;\">Se permite un m\u00e1ximo de dos personas por mesa donde ambas partes tendr\u00edan que cumplir con los requisitos de aceptaci\u00f3n. En caso de disponer de m\u00e1s espacio, se har\u00e1 saber por si se quiere aprovechar el espacio.<\/span><\/li>\n<li style=\"font-weight: 400;\" aria-level=\"1\"><span style=\"font-weight: 400;\">Los stands incluyen un pase para el d\u00eda seleccionado por persona. Dicho pase se recoger\u00e1 en acreditados el d\u00eda en el que se vaya a poner stand. La organizaci\u00f3n no se har\u00e1 responsable si los participantes ya ten\u00edan entrada.<\/span><\/li>\n<li style=\"font-weight: 400;\" aria-level=\"1\"><span style=\"font-weight: 400;\">Los stands seguir\u00e1n un sistema por turnos. El interesado debe presentarse en su stand 5 minutos antes de su turno y prepararse para salir 5 minutos antes del siguiente turno.<\/span><\/li>\n<li style=\"font-weight: 400;\" aria-level=\"1\"><span style=\"font-weight: 400;\">Los turnos son de 2 horas. Los turnos tanto para s\u00e1bado como ser\u00e1n: 10:00 \u2013 12:00, 12:00 \u2013 14:00, 14:00 \u2013 16:00, 16:00 \u2013 18:00, 18:00 \u2013 20:00 y el domingo 11:00-13:00, 13:00-15:00, 15:00-17:00, 17:00-19:00 El s\u00e1bado el evento abre a las 10:00\u00a0 y cierra a las 20:00, el domingo el evento abre a las 11:00 y cierra a las 19:00. Dependiendo del n\u00famero de participaci\u00f3n los turnos podr\u00e1n ampliarse a 2,5 o 3 horas.\u00a0<\/span><\/li>\n<li style=\"font-weight: 400;\" aria-level=\"1\"><span style=\"font-weight: 400;\">Se har\u00e1 una criba preliminar para asegurarse de que el interesado cuenta con el p\u00fablico suficiente para tener stand en la Zona de Creadores. Los stands son una oportunidad para conocer a tus seguidores y que puedan adquirir tu material, no un acceso al evento con un pase.\u00a0<\/span><\/li>\n<li style=\"font-weight: 400;\" aria-level=\"1\"><span style=\"font-weight: 400;\">El contenido debe estar directamente relacionado con el evento.\u00a0<\/span><\/li>\n<li style=\"font-weight: 400;\" aria-level=\"1\"><span style=\"font-weight: 400;\">El m\u00ednimo de seguidores para pedir stand es de:*<\/span>\n<ul>\n<li style=\"font-weight: 400;\" aria-level=\"2\"><span style=\"font-weight: 400;\">1.500 en Instagram<\/span><\/li>\n<li style=\"font-weight: 400;\" aria-level=\"2\"><span style=\"font-weight: 400;\">2.000 en Twitter<\/span><\/li>\n<li style=\"font-weight: 400;\" aria-level=\"2\"><span style=\"font-weight: 400;\">15.000 en TikTok<\/span><\/li>\n<li style=\"font-weight: 400;\" aria-level=\"2\"><span style=\"font-weight: 400;\">1.000 en Twitch<\/span><\/li>\n<li style=\"font-weight: 400;\" aria-level=\"2\"><span style=\"font-weight: 400;\">7.000 en YouTube<\/span><span style=\"font-weight: 400;\"><br \/>\n<\/span><span style=\"font-weight: 400;\">* Se debe cumplir al menos en una de las redes sociales, no se trata de un total.\u00a0<\/span><\/li>\n<\/ul>\n<\/li>\n<li aria-level=\"1\"><span style=\"font-weight: 400;\">El retraso de los siguientes interesados no implica que los anteriores deban permanecer en el stand, deber\u00e1 vaciarse 5 minutos antes del final del turno. Se aplicar\u00e1 una penalizaci\u00f3n en caso de retraso o desperfectos en el stand y se prohibir\u00e1 el acceso a futuras actividades de darse el caso.\u00a0<\/span><\/li>\n<li aria-level=\"1\"><span style=\"font-weight: 400;\">Se puede solicitar un turno para cada d\u00eda pero no dos turnos en el mismo d\u00eda. Si quedasen huecos libres avisar\u00edamos por correo.\u00a0<\/span><\/li>\n<li aria-level=\"1\"><span style=\"font-weight: 400;\">Si se sube a alg\u00fan concurso recomendamos compartir stand con otro cosplayer o fot\u00f3grafo que venda prints para que se cuide el puesto durante la revisi\u00f3n o participaci\u00f3n. El stand no puede quedarse vac\u00edo en ning\u00fan momento pero puede ser cubierto por el compa\u00f1ero cosplayer o fot\u00f3grafo acreditado para el stand durante un m\u00e1ximo de una hora. Es responsabilidad del cosplayer conseguir un turno que no se solape con otra responsabilidad o concurso. Si un cosplayer que participa en un concurso se apunta de los \u00faltimos, y los primeros en apuntarse han seleccionado el turno que le conviene, es responsabilidad del cosplayer que ha llegado tarde adaptarse al turno que le toque o denegar la plaza. Por esto mismo recomendamos compartir stand.<\/span><\/li>\n<li aria-level=\"1\"><span style=\"font-weight: 400;\">La mesa cuenta con un mantel negro proporcionado por la organizaci\u00f3n.<\/span><\/li>\n<li aria-level=\"1\"><span style=\"font-weight: 400;\">Nadie ajeno al stand y que no se encuentre acreditado por el mismo podr\u00e1 estar dentro. Es responsabilidad de los interesados que las personas se queden al otro lado del stand. Se penalizar\u00e1 si personas ajenas al stand han entrado en el mismo sin autorizaci\u00f3n de la organizaci\u00f3n, aunque el responsable est\u00e9 solo y necesite ayuda.<\/span><\/li>\n<li aria-level=\"1\"><span style=\"font-weight: 400;\">Las bases podr\u00e1n sufrir cualquier modificaci\u00f3n de aqu\u00ed al d\u00eda del evento seg\u00fan las necesidades de la organizaci\u00f3n.<\/span><\/li>\n<\/ol>\n<h2 style=\"text-align: justify;\"><\/h2>\n<h2 style=\"text-align: justify;\"><b>\ud83c\uddea\ud83c\uddfa<\/b> <b>JOIN THE CREATORS AREA<\/b><\/h2>\n<p style=\"text-align: justify;\"><span style=\"font-weight: 400;\">\u00a0<\/span><\/p>\n<ol>\n<li style=\"font-weight: 400; text-align: justify;\" aria-level=\"1\"><span style=\"font-weight: 400;\">This space is focused on individuals, cosplayers, authors, content creators, idols, youtubers, streamers&#8230; No agents, companies or associations will be allowed to participate.\u00a0<\/span><\/li>\n<li style=\"font-weight: 400; text-align: justify;\" aria-level=\"1\"><span style=\"font-weight: 400;\">The minimum age to participate is 18 years old.<\/span><\/li>\n<li style=\"font-weight: 400; text-align: justify;\" aria-level=\"1\">The form will be open from march 5th<b style=\"font-weight: 400;\">.<\/b><span style=\"font-weight: 400;\">\u00a0<\/span><\/li>\n<li style=\"font-weight: 400; text-align: justify;\" aria-level=\"1\"><b>Registrations <\/b><span style=\"font-weight: 400;\">will be online in the <a href=\"https:\/\/forms.gle\/d5tLyvBGbPo6tMFp6\">form<\/a> that you can find at the bottom of the page. It will be closed when the places are filled.\u00a0<\/span><\/li>\n<li style=\"font-weight: 400; text-align: justify;\" aria-level=\"1\"><span style=\"font-weight: 400;\">The space can be used to sell merchandising, for meet and greet, signings&#8230; But the space will not replace an artist&#8217;s booth. A system of shifts will be followed so those interested who meet the requirements can access the space.\u00a0<\/span><\/li>\n<li style=\"font-weight: 400; text-align: justify;\" aria-level=\"1\"><span style=\"font-weight: 400;\">If you want to sell merchandising (prints, keychans&#8230;) it must be originally created by the person interested in the booth, and not by third parties. The rules to be followed will be the same as the Artist Zone.\u00a0<\/span><\/li>\n<li style=\"font-weight: 400; text-align: justify;\" aria-level=\"1\"><span style=\"font-weight: 400;\">For <\/span><b>cosplay prints<\/b><span style=\"font-weight: 400;\">, both the cosplayer and the photographer must have written permission from everyone involved to sell photos. If permission is not found, the booth will be closed and will be taken into consideration for future requests. Japan Weekend is not responsible for possible incidents. Only merchandising of the cosplayer or photographer can be sold, if there are group or couple pictures they can be sold as long as the other participants give their consent or are present at the booth as an accredited cosplayer. This includes: prints, photobooks and merchandising (t-shirts, mugs and\/or keychans). It will not be allowed to sell merch in which no cosplayer appears.<\/span><\/li>\n<li style=\"font-weight: 400; text-align: justify;\" aria-level=\"1\"><span style=\"font-weight: 400;\">In case you are a self-published author or published by a publishing house, you will be responsible for the management of the product with the suppliers and its sale.<\/span><\/li>\n<li style=\"font-weight: 400; text-align: justify;\" aria-level=\"1\"><span style=\"font-weight: 400;\">Pornographic material is not forbidden, but it must be inside a folder where it is clearly marked as +18. The creator will be responsible for asking for the ID of the client who wishes to open that folder. It will not be allowed to sell anything from that folder to minors.<\/span><\/li>\n<li style=\"font-weight: 400; text-align: justify;\" aria-level=\"1\"><span style=\"font-weight: 400;\">A maximum of two people per table are allowed where both parties would have to comply with the acceptance requirements. If more space is available, we will let you know in case you would like to take advantage of the space.<\/span><\/li>\n<li style=\"font-weight: 400; text-align: justify;\" aria-level=\"1\"><span style=\"font-weight: 400;\">The booths include a pass for the selected day per person. This apass will be picked up at the entrance counter the day the booth will be set up. The organization will not be responsible if the participants already have a ticket.<\/span><\/li>\n<li style=\"font-weight: 400; text-align: justify;\" aria-level=\"1\"><span style=\"font-weight: 400;\">The booths will follow a rotatory system. The participant must be at his booth 5 minutes before his turn and be ready to leave 5 minutes before the next turn.<\/span><\/li>\n<li style=\"font-weight: 400; text-align: justify;\" aria-level=\"1\"><span style=\"font-weight: 400;\">The shifts are 2 hours each. The shifts for Saturday will be: 10:00 &#8211; 12:00, 12:00 &#8211; 14:00, 14:00 &#8211; 16:00, 16:00 &#8211; 18:00, 18:00 &#8211; 20:00 and for Sunday 11:00-13:00, 13:00-15:00, 15:00-17:00 and 17:00-19:00. On Saturday the convention opens at 10:00 and closes at 20:00, on Sunday the event opens at 11:00 and closes at 19:00. Depending on the number of participants, shifts may be extended to 2.5 or 3 hours.\u00a0<\/span><\/li>\n<li style=\"font-weight: 400; text-align: justify;\" aria-level=\"1\"><span style=\"font-weight: 400;\">A preliminary filter will be made to ensure that the interested party has enough audience to have a booth in the Creators Area. Booths are an opportunity to meet your followers so they can purchase your material, not just a free pass to the event.\u00a0<\/span><\/li>\n<li style=\"font-weight: 400; text-align: justify;\" aria-level=\"1\"><span style=\"font-weight: 400;\">The content must be directly related to the event.\u00a0<\/span><\/li>\n<li style=\"font-weight: 400; text-align: justify;\" aria-level=\"1\"><span style=\"font-weight: 400;\">The minimum number of followers to request a booth is:*<\/span>\n<ul>\n<li style=\"font-weight: 400;\" aria-level=\"2\"><span style=\"font-weight: 400;\">1,500 on Instagram<\/span><\/li>\n<li style=\"font-weight: 400;\" aria-level=\"2\"><span style=\"font-weight: 400;\">2,000 on Twitter<\/span><\/li>\n<li style=\"font-weight: 400;\" aria-level=\"2\"><span style=\"font-weight: 400;\">15,000 on TikTok<\/span><\/li>\n<li style=\"font-weight: 400;\" aria-level=\"2\"><span style=\"font-weight: 400;\">1,000 on Twitch<\/span><\/li>\n<li style=\"font-weight: 400;\" aria-level=\"2\"><span style=\"font-weight: 400;\">7,000 on YouTube<\/span><\/li>\n<\/ul>\n<p><span style=\"font-weight: 400;\">* Must be fulfilled in at least one of the social networks, it is not a total.<\/span><\/li>\n<li style=\"text-align: justify;\">The delay of the following interested parties does not imply that the previous ones must remain in the booth, it must be emptied 5 minutes before the end of the shift. A penalty will be applied in case of delay or damage to the booth and access to future activities will be forbidden.<\/li>\n<li style=\"text-align: justify;\" aria-level=\"1\"><span style=\"font-weight: 400;\">You can request a shift for each day but not two shifts on the same day. If there are vacancies we will notify by mail.<\/span><\/li>\n<li style=\"text-align: justify;\" aria-level=\"1\"><span style=\"font-weight: 400;\">If you are entering a contest we recommend sharing a booth with another cosplayer or photographer selling prints so that the booth is taken care of during the review or participation. The booth cannot be left empty at any time but can be covered by the fellow cosplayer or photographer accredited for the booth for a maximum of one hour. It is the cosplayer&#8217;s responsibility to get a shift that does not overlap with another responsibility or contest. If a cosplayer who participates in a contest signs up last, and the first to sign up have selected the shift that suits him, it is the responsibility of the cosplayer who has arrived late to adapt to his shift or deny the place. For this reason we recommend sharing a booth.<\/span><\/li>\n<li style=\"text-align: justify;\" aria-level=\"1\"><span style=\"font-weight: 400;\">The tables have a black tablecloth provided by the organization.<\/span><\/li>\n<li style=\"text-align: justify;\" aria-level=\"1\"><span style=\"font-weight: 400;\">No one outside the booth and who is not accredited by the same may be inside. It is the responsibility of those interested that people stay on the other side of the booth. It will be penalized if people from outside the booth have entered it without authorization from the organization, even if the cosplayer is alone and needs help.<\/span><\/li>\n<li style=\"text-align: justify;\" aria-level=\"1\"><span style=\"font-weight: 400;\">The rules may be subject to modification according to the needs of the organization.<\/span><\/li>\n<\/ol>\n[\/vc_column_text][\/vc_column][\/vc_row][vc_row][vc_column][vc_btn title=&#8221;Formulario de inscripci\u00f3n &#8220;Zona de Creadores&#8220; \/ &#8220;Creators Area&#8220; registration form&#8221; style=&#8221;gradient&#8221; gradient_color_1=&#8221;purple&#8221; shape=&#8221;round&#8221; align=&#8221;center&#8221; link=&#8221;url:https%3A%2F%2Fforms.gle%2Fd5tLyvBGbPo6tMFp6&#8243;][\/vc_column][\/vc_row]\n","protected":false},"excerpt":{"rendered":"<p>[vc_row][vc_column][vc_column_text] \ud83c\uddea\ud83c\uddf8 PARTICIPA EN LA ZONA DE CREADORES Este espacio est\u00e1 enfocado a individuos, ya sea cosplayers, autores, creadores de contenido, idols, youtubers, streamers\u2026 No se permitir\u00e1 que representantes, empresas o asociaciones participen.\u00a0 La edad m\u00ednima para participar es de 18 a\u00f1os. El formulario estar\u00e1 abierto a partir del 5 de Marzo. Las inscripciones ser\u00e1n [&hellip;]<\/p>\n","protected":false},"author":1,"featured_media":0,"parent":0,"menu_order":0,"comment_status":"closed","ping_status":"closed","template":"","meta":[],"_links":{"self":[{"href":"https:\/\/www.japanweekend.com\/valencia\/wp-json\/wp\/v2\/pages\/4990"}],"collection":[{"href":"https:\/\/www.japanweekend.com\/valencia\/wp-json\/wp\/v2\/pages"}],"about":[{"href":"https:\/\/www.japanweekend.com\/valencia\/wp-json\/wp\/v2\/types\/page"}],"author":[{"embeddable":true,"href":"https:\/\/www.japanweekend.com\/valencia\/wp-json\/wp\/v2\/users\/1"}],"replies":[{"embeddable":true,"href":"https:\/\/www.japanweekend.com\/valencia\/wp-json\/wp\/v2\/comments?post=4990"}],"version-history":[{"count":9,"href":"https:\/\/www.japanweekend.com\/valencia\/wp-json\/wp\/v2\/pages\/4990\/revisions"}],"predecessor-version":[{"id":9144,"href":"https:\/\/www.japanweekend.com\/valencia\/wp-json\/wp\/v2\/pages\/4990\/revisions\/9144"}],"wp:attachment":[{"href":"https:\/\/www.japanweekend.com\/valencia\/wp-json\/wp\/v2\/media?parent=4990"}],"curies":[{"name":"wp","href":"https:\/\/api.w.org\/{rel}","templated":true}]}}