{"id":4556,"date":"2023-03-16T11:39:15","date_gmt":"2023-03-16T09:39:15","guid":{"rendered":"https:\/\/www.japanweekend.com\/valencia\/?page_id=4556"},"modified":"2026-04-20T09:48:33","modified_gmt":"2026-04-20T07:48:33","slug":"idolfest","status":"publish","type":"page","link":"https:\/\/www.japanweekend.com\/valencia\/idolfest\/","title":{"rendered":"Idol Festival"},"content":{"rendered":"[vc_row][vc_column][vc_column_text]\n<h3 style=\"text-align: justify;\"><b>\u00bfEn qu\u00e9 consiste Japan Weekend Idol Festival?<\/b><\/h3>\n<p style=\"text-align: justify;\"><span style=\"font-weight: 400;\">Cada d\u00eda aparecen m\u00e1s cosplayers de series y videojuegos de tem\u00e1tica idol por lo que Japan Weekend ha decido hacer un festival de baile e interpretaci\u00f3n \u00fanicamente para dichos cosplayers. La nueva edici\u00f3n del Japan Weekend Idol Festival <b>se celebrar\u00e1 el domingo 10 de mayo en el\u00a0 escenario principal a las 15:00<\/b>\u00a0y consistir\u00e1 en un concurso para todo aquel que quiera apuntarse y cumpla los requisitos. En el caso de que las inscripciones sean de cinco participaciones o menos se entregar\u00e1 un \u00fanico premio de 50\u20ac, si hubiese tres participaciones o menos se pasar\u00eda al formato exhibici\u00f3n. Los premios se confirmar\u00e1n cuando se compruebe la participaci\u00f3n.<\/span><\/p>\n[\/vc_column_text][vc_column_text]\n<h2 style=\"text-align: center;\"><b>BASES DE PARTICIPACI\u00d3N<\/b><\/h2>\n<p>&nbsp;<\/p>\n<ol>\n<li style=\"list-style-type: none;\">\n<ol style=\"text-align: justify;\">\n<li style=\"text-align: justify;\">La edad m\u00ednima para participar es de 16 a\u00f1os cumplidos el d\u00eda del concurso.<\/li>\n<li style=\"text-align: justify;\">Las inscripciones se abrir\u00e1n el <strong>20\u00a0de abril a las 15:00<\/strong> y se anunciar\u00e1n en <a href=\"https:\/\/x.com\/Japan_Weekend\">twitter<\/a>. El enlace ser\u00e1: <a href=\"https:\/\/forms.gle\/1fEZRDsEUswp8bWx9\"><strong data-start=\"332\" data-end=\"358\">INSCRIPCIONES IDOLFEST<\/strong><\/a>.<\/li>\n<li style=\"text-align: justify;\">En el formulario se deber\u00e1 incluir un enlace a una carpeta <strong>p\u00fablica de Drive<\/strong> con im\u00e1genes de referencia del personaje\/idol, traje y v\u00eddeo de la coreograf\u00eda. Puedes consultar la <strong><a href=\"https:\/\/docs.google.com\/forms\/d\/e\/1FAIpQLSfjfBZvxv_NMBq6-JbHp5sJUeHLm3bYjolYOxhUQftOcizZIw\/viewform?usp=header\">muestra del formulario<\/a><\/strong>, pero no es v\u00e1lida como inscripci\u00f3n.<\/li>\n<li style=\"text-align: justify;\">Los grupos deben estar completos al momento de la inscripci\u00f3n. No se permite inscribirse individualmente para luego formar grupo. Solo se permitir\u00e1n cambios por causas mayores.<\/li>\n<li data-start=\"230\" data-end=\"359\">En el caso de recibir varias solicitudes de inscripci\u00f3n para un mismo participante, se tomar\u00e1 como v\u00e1lida la \u00faltima seg\u00fan la marca temporal. En caso de que el formulario est\u00e9 incompleto, contenga errores, o la carpeta de archivos est\u00e9 en privado o no incluya el material requerido, la participaci\u00f3n quedar\u00e1 autom\u00e1ticamente en lista de reserva.<\/li>\n<li data-start=\"230\" data-end=\"359\">Se permiten actuaciones individuales y grupales. El m\u00e1ximo por grupo es de 9 personas y cada persona solo puede participar una vez por edici\u00f3n. Se admitir\u00e1n hasta 20 actuaciones en total<\/li>\n<li style=\"text-align: justify;\">Al confirmar la participaci\u00f3n, se pedir\u00e1 un cartel. Una vez publicado, no se permiten cambios de integrantes ni se puede a\u00f1adir a nadie m\u00e1s salvo causas justificadas.<\/li>\n<li>Se permiten cosplays de tem\u00e1tica idol japonesa (anime, videojuegos, idols reales, etc.) o de series que incluyan m\u00fasica y baile en su trama <span style=\"font-weight: 400;\">(A3, BanG Dream!, Macross Frontier)<\/span>. Tambi\u00e9n se aceptan vtubers japoneses, canciones oficiales de VOCALOID\u00a0 y artistas japoneses con est\u00e9tica idol <span style=\"font-weight: 400;\">(Kyary Pamyu Pamyu, Garnidelia&#8230;)<\/span>. Las versiones de g\u00e9nero est\u00e1n permitidas si el traje es fiel al original. <span style=\"font-weight: 400;\">Quedan permitidas las versiones propias cis-swap \/ versiones masculinas o femeninas de cualquier personaje de la serie siempre y cuando la adaptaci\u00f3n sea fiel al traje que se quiere representar. Para consultar cualquier duda al respecto, escribid a inscripciones@japanweekend.com<\/span><\/li>\n<li style=\"text-align: justify;\">Se aceptan coreograf\u00edas no oficiales si existe un v\u00eddeo de referencia que no haya sido creado por los participantes. Si los autores proh\u00edben su uso, no podr\u00e1 utilizarse.<\/li>\n<li>Un participante individual puede interpretar una coreograf\u00eda grupal siempre que destaque su personaje a<span style=\"font-weight: 400;\">unque tambi\u00e9n baile parte de otros para dinamizar la coreograf\u00eda.<\/span><\/li>\n<li>El personaje del cosplay debe coincidir con la coreograf\u00eda. No se puede ir de un personaje y bailar una coreograf\u00eda de otro aunque sea de la misma fuente. En el caso de existir una cover del personaje, se podr\u00e1 valorar el caso.<\/li>\n<li style=\"text-align: justify;\">Se permite incluir hasta 3 canciones en un remix, siempre que se respeten las bases.<\/li>\n<li>La duraci\u00f3n m\u00e1xima por actuaci\u00f3n es de 3 minutos para individuales y 3 minutos y medio para grupales. <span style=\"font-weight: 400;\">Podremos admitir un margen de 5 segundos extra si fuese necesario para la finalizaci\u00f3n de la canci\u00f3n.<\/span><\/li>\n<li style=\"text-align: justify;\"><span style=\"font-weight: 400;\">Se priorizar\u00e1 el baile a la actuaci\u00f3n interpretativa, al fin y al cabo es un concurso de cosplay de idols. No se permitir\u00e1n actuaciones que no incluyan baile.<\/span><\/li>\n<li style=\"text-align: justify;\"><span style=\"font-weight: 400;\">Los cosplays pueden ser comprados o hechos a mano pero se valorar\u00e1 positivamente el hecho de que sean hechos a mano de cara a un empate. El jurado puede decidir revisar los cosplays antes, despu\u00e9s del concurso o no revisarlos.<\/span><\/li>\n<li>Es obligatorio ir caracterizado y con el cosplay del personaje\/idol. Las versiones casuales solo se permiten si aparecen en la obra original. El color y corte de pelo deben ser fieles, aunque se permiten peque\u00f1as modificaciones si no se usa peluca.<\/li>\n<li aria-level=\"1\">Se aplicar\u00e1 un\u00a0<strong>descuento del 50% en la entrada para las personas admitidas<\/strong>. Los detalles sobre c\u00f3mo obtener dicho descuento ser\u00e1n comunicados por correo electr\u00f3nico tras ser admitidos y recibir los archivos del concurso.<\/li>\n<li>No se pueden usar trajes que hayan ganado premios en ediciones anteriores. Si se hace, no se podr\u00e1 optar a premio econ\u00f3mico. No se puede usar el mismo cosplay en la pasarela o JWCS del s\u00e1bado.<\/li>\n<li style=\"text-align: justify;\"><span style=\"font-weight: 400;\">Est\u00e1\u00a0 prohibido ensuciar el escenario (incluyendo confeti aunque luego sea limpiable) y lanzar objetos al p\u00fablico. Las normas de seguridad ser\u00e1n las mismas que las de cualquier concurso de cosplay normal.<\/span><\/li>\n<li style=\"text-align: justify;\">Se permite usar atrezzo si el montaje y desmontaje no dura m\u00e1s de 20 segundos y lo hacen los propios participantes.<\/li>\n<li style=\"text-align: justify;\">Las im\u00e1genes y v\u00eddeos tomados durante el evento podr\u00e1n ser usados por Japan Weekend sin compensaci\u00f3n a los participantes ni fot\u00f3grafos y\/o vide\u00f3grafos.<\/li>\n<li style=\"text-align: justify;\">Cualquier altercado o falta de respeto hacia otros participantes, el jurado o el propio concurso, ya sea durante el evento o en redes sociales, podr\u00e1 conllevar la <strong>no aceptaci\u00f3n o<\/strong> <strong data-start=\"163\" data-end=\"192\">descalificaci\u00f3n inmediata<\/strong> del concurso.<\/li>\n<li style=\"text-align: justify;\">Participar implica aceptar estas bases. Las bases pueden modificarse hasta el d\u00eda del concurso.<\/li>\n<\/ol>\n<\/li>\n<\/ol>\n<h3 style=\"text-align: justify;\"><b>JURADO<\/b><\/h3>\n<ol style=\"text-align: justify;\">\n<li aria-level=\"1\">El jurado se anunciar\u00e1 pr\u00f3ximamente.<\/li>\n<li aria-level=\"1\">El jurado no discutir\u00e1 acerca del concurso o de los participantes antes del concurso ni despu\u00e9s. En caso de que un participante se acerque a un miembro del jurado se comunicar\u00e1 de inmediato y la organizaci\u00f3n tomar\u00e1 las medidas necesarias. Si un participante necesita consejos de cara a un futuro concurso ser\u00e1n dados sin tener en cuenta el presente.<\/li>\n<li aria-level=\"1\">La decisi\u00f3n del jurado ser\u00e1 irrevocable.<\/li>\n<\/ol>\n<h3 style=\"text-align: justify;\"><b>\u00bfCu\u00e1les son los premios?*<\/b><\/h3>\n<p style=\"padding-left: 40px;\">\ud83e\udd47 Primer premio : 200\u20ac + mu\u00f1eca\/s 4SF cortes\u00eda de Famosa<\/p>\n<p style=\"padding-left: 40px;\">\ud83e\udd48 Segundo premio: 100\u20ac + mu\u00f1eca\/s 4SF cortes\u00eda de Famosa<\/p>\n<p style=\"padding-left: 40px;\">\ud83e\udd49 Tercer premio: 50\u20ac + mu\u00f1eca\/s 4SF cortes\u00eda de Famosa<\/p>\n<p style=\"padding-left: 40px;\">\ud83c\udf96 Menci\u00f3n especial de Famosa: 4 mu\u00f1ecas 4SF cortes\u00eda de Famosa<\/p>\n<p style=\"text-align: justify;\"><i>Los premios pueden variar dependiendo de la participaci\u00f3n*<\/i><\/p>\n[\/vc_column_text][\/vc_column][\/vc_row][vc_row][vc_column][vc_single_image image=&#8221;9123&#8243; img_size=&#8221;large&#8221; alignment=&#8221;center&#8221; onclick=&#8221;custom_link&#8221; img_link_target=&#8221;_blank&#8221; link=&#8221;https:\/\/www.famosa.es&#8221;][\/vc_column][\/vc_row][vc_row][vc_column][vc_btn title=&#8221;FORMULARIO DE INSCRIPCI\u00d3N IDOLFESTIVAL&#8221; color=&#8221;sky&#8221; align=&#8221;center&#8221; link=&#8221;url:https%3A%2F%2Fdocs.google.com%2Fforms%2Fd%2Fe%2F1FAIpQLSeq_0LuG4kvt5EJMZuJoo8cRIpbuLWWBFyumAkFK5OjQWgWLA%2Fviewform%3Fusp%3Dheader&#8221;][\/vc_column][\/vc_row]\n","protected":false},"excerpt":{"rendered":"<p>[vc_row][vc_column][vc_column_text] \u00bfEn qu\u00e9 consiste Japan Weekend Idol Festival? Cada d\u00eda aparecen m\u00e1s cosplayers de series y videojuegos de tem\u00e1tica idol por lo que Japan Weekend ha decido hacer un festival de baile e interpretaci\u00f3n \u00fanicamente para dichos cosplayers. La nueva edici\u00f3n del Japan Weekend Idol Festival se celebrar\u00e1 el domingo 10 de mayo en el\u00a0 [&hellip;]<\/p>\n","protected":false},"author":1,"featured_media":0,"parent":0,"menu_order":0,"comment_status":"closed","ping_status":"closed","template":"","meta":[],"_links":{"self":[{"href":"https:\/\/www.japanweekend.com\/valencia\/wp-json\/wp\/v2\/pages\/4556"}],"collection":[{"href":"https:\/\/www.japanweekend.com\/valencia\/wp-json\/wp\/v2\/pages"}],"about":[{"href":"https:\/\/www.japanweekend.com\/valencia\/wp-json\/wp\/v2\/types\/page"}],"author":[{"embeddable":true,"href":"https:\/\/www.japanweekend.com\/valencia\/wp-json\/wp\/v2\/users\/1"}],"replies":[{"embeddable":true,"href":"https:\/\/www.japanweekend.com\/valencia\/wp-json\/wp\/v2\/comments?post=4556"}],"version-history":[{"count":50,"href":"https:\/\/www.japanweekend.com\/valencia\/wp-json\/wp\/v2\/pages\/4556\/revisions"}],"predecessor-version":[{"id":9192,"href":"https:\/\/www.japanweekend.com\/valencia\/wp-json\/wp\/v2\/pages\/4556\/revisions\/9192"}],"wp:attachment":[{"href":"https:\/\/www.japanweekend.com\/valencia\/wp-json\/wp\/v2\/media?parent=4556"}],"curies":[{"name":"wp","href":"https:\/\/api.w.org\/{rel}","templated":true}]}}