{"id":10400,"date":"2026-01-07T12:46:28","date_gmt":"2026-01-07T10:46:28","guid":{"rendered":"https:\/\/www.japanweekend.com\/madrid\/?page_id=10400"},"modified":"2026-02-25T12:21:08","modified_gmt":"2026-02-25T10:21:08","slug":"zonatcg","status":"publish","type":"page","link":"https:\/\/www.japanweekend.com\/madrid\/zonatcg\/","title":{"rendered":"Zona TCG"},"content":{"rendered":"[vc_row][vc_column][vc_single_image image=&#8221;10414&#8243; img_size=&#8221;full&#8221;][vc_column_text]La <strong>Zona TCG<\/strong> de Japan Weekend es un espacio creado para coleccionistas de cartas, exclusivamente dedicada a la <strong>venta de cartas sueltas originales de juegos de cartas coleccionables (TCG).<\/strong><\/p>\n<p>En esta zona, el p\u00fablico podr\u00e1 encontrar una gran variedad de cartas de distintos TCG, ideal tanto para quienes buscan completar su colecci\u00f3n como para quienes quieren descubrir nuevas incorporaciones. \u00a1La Zona TCG nace con el objetivo de ofrecer un entorno centrado en el coleccionismo, donde las cartas son las protagonistas!<\/p>\n<p><span style=\"color: #ff00ff;\"><em>Al final de esta p\u00e1gina encontrar\u00e1s el enlace para acceder al formulario de solicitud de este espacio.<\/em><\/span><\/p>\n<h3>1. Modalidad de espacio<\/h3>\n<ul>\n<li>El espacio contratado consistir\u00e1 en una mesa (stand tipo mesa).<\/li>\n<li>La organizaci\u00f3n determinar\u00e1 la ubicaci\u00f3n final dentro de la Zona TCG seg\u00fan necesidades log\u00edsticas del evento.<\/li>\n<\/ul>\n<h3>2. Productos autorizados<\/h3>\n<p>En la Zona TCG se permite \u00fanicamente:<\/p>\n<ul>\n<li>Venta de cartas sueltas de TCG.<\/li>\n<li>Venta de cartas gradeadas (graded), siempre que sean originales.<\/li>\n<\/ul>\n<h3>3. Productos prohibidos<\/h3>\n<p>Queda expresamente prohibido:<\/p>\n<ul>\n<li>Vender productos distintos a los indicados en el apartado 2.<\/li>\n<li>Vender copias, falsificaciones, reproducciones, proxies o cualquier material que no sea original.<\/li>\n<li>Cualquier pr\u00e1ctica que pueda inducir a error sobre autenticidad, estado o procedencia del producto.<\/li>\n<\/ul>\n<h3>4. Obligaci\u00f3n de apertura y permanencia<\/h3>\n<ul>\n<li>La persona\/empresa expositora se compromete a:<\/li>\n<li>Mantener el stand abierto y atendido durante todo el horario de apertura al p\u00fablico del evento, ambos d\u00edas.<\/li>\n<li>No desmontar ni abandonar el espacio antes del cierre diario, salvo causa justificada y autorizada por la organizaci\u00f3n.<\/li>\n<\/ul>\n<h3>5. Acreditaci\u00f3n incluida<\/h3>\n<p>La contrataci\u00f3n del stand da derecho a una \u00fanica acreditaci\u00f3n para acceso y gesti\u00f3n del espacio. En caso de necesitar m\u00e1s acreditaciones se adquirir\u00e1n mediante pago.<\/p>\n<h3>6. Inscripci\u00f3n y participaci\u00f3n<\/h3>\n<p>Para participar, es necesario rellenar el formulario disponible al final de esta p\u00e1gina.<\/p>\n<p>La presentaci\u00f3n del formulario no garantiza la aceptaci\u00f3n autom\u00e1tica: la organizaci\u00f3n podr\u00e1 validar las solicitudes en funci\u00f3n de disponibilidad y cumplimiento de la normativa.<\/p>\n<h3>7. Cumplimiento y medidas<\/h3>\n<p>El incumplimiento de esta normativa podr\u00e1 conllevar medidas por parte de la organizaci\u00f3n, incluyendo, entre otras:<\/p>\n<ul>\n<li>Requerimiento de retirada de productos no permitidos.<\/li>\n<li>Advertencia formal.<\/li>\n<li>Cierre temporal del stand o, en casos graves o reiterados, expulsi\u00f3n de la Zona TCG.<\/li>\n<\/ul>\n<p><em>Para cualquier duda, pod\u00e9is contactar por escrito a tcg@japanweekend.com<\/em>[\/vc_column_text][vc_btn title=&#8221;Formulario de contrataci\u00f3n de espacio en la Zona TCG&#8221; style=&#8221;3d&#8221; shape=&#8221;round&#8221; color=&#8221;purple&#8221; align=&#8221;center&#8221; i_icon_fontawesome=&#8221;fas fa-pen&#8221; add_icon=&#8221;true&#8221; link=&#8221;url:https%3A%2F%2Fdocs.google.com%2Fforms%2Fd%2Fe%2F1FAIpQLSdRkyWdJKksJ4Sjc69OPvDSlYWlZjpsERK8w2RBe4OKYlE8Ww%2Fviewform&#8221;][\/vc_column][\/vc_row]\n","protected":false},"excerpt":{"rendered":"<p>[vc_row][vc_column][vc_single_image image=&#8221;10414&#8243; img_size=&#8221;full&#8221;][vc_column_text]La Zona TCG de Japan Weekend es un espacio creado para coleccionistas de cartas, exclusivamente dedicada a la venta de cartas sueltas originales de juegos de cartas coleccionables (TCG). En esta zona, el p\u00fablico podr\u00e1 encontrar una gran variedad de cartas de distintos TCG, ideal tanto para quienes buscan completar su colecci\u00f3n como [&hellip;]<\/p>\n","protected":false},"author":1,"featured_media":0,"parent":0,"menu_order":0,"comment_status":"closed","ping_status":"closed","template":"","meta":[],"_links":{"self":[{"href":"https:\/\/www.japanweekend.com\/madrid\/wp-json\/wp\/v2\/pages\/10400"}],"collection":[{"href":"https:\/\/www.japanweekend.com\/madrid\/wp-json\/wp\/v2\/pages"}],"about":[{"href":"https:\/\/www.japanweekend.com\/madrid\/wp-json\/wp\/v2\/types\/page"}],"author":[{"embeddable":true,"href":"https:\/\/www.japanweekend.com\/madrid\/wp-json\/wp\/v2\/users\/1"}],"replies":[{"embeddable":true,"href":"https:\/\/www.japanweekend.com\/madrid\/wp-json\/wp\/v2\/comments?post=10400"}],"version-history":[{"count":14,"href":"https:\/\/www.japanweekend.com\/madrid\/wp-json\/wp\/v2\/pages\/10400\/revisions"}],"predecessor-version":[{"id":12303,"href":"https:\/\/www.japanweekend.com\/madrid\/wp-json\/wp\/v2\/pages\/10400\/revisions\/12303"}],"wp:attachment":[{"href":"https:\/\/www.japanweekend.com\/madrid\/wp-json\/wp\/v2\/media?parent=10400"}],"curies":[{"name":"wp","href":"https:\/\/api.w.org\/{rel}","templated":true}]}}