{"id":5212,"date":"2024-08-14T17:25:19","date_gmt":"2024-08-14T15:25:19","guid":{"rendered":"https:\/\/www.japanweekend.com\/bilbao\/?page_id=5212"},"modified":"2026-01-05T15:19:26","modified_gmt":"2026-01-05T13:19:26","slug":"creadores","status":"publish","type":"page","link":"https:\/\/www.japanweekend.com\/bilbao\/creadores\/","title":{"rendered":"Zona de Creadores"},"content":{"rendered":"[vc_row][vc_column][vc_column_text]\n<h2><b>PARTICIPA EN LA ZONA DE CREADORES<\/b><\/h2>\n<ol>\n<li aria-level=\"1\">Este espacio est\u00e1 enfocado a individuos, ya sea cosplayers, autores, creadores de contenido, idols, youtubers, streamers\u2026 No se permitir\u00e1 que representantes, empresas o asociaciones participen.<\/li>\n<li aria-level=\"1\">La edad m\u00ednima para participar es de 18 a\u00f1os.<\/li>\n<li aria-level=\"1\">El<a href=\"https:\/\/forms.gle\/pijhVJwfg4HWMAJcA\">\u00a0formulario<\/a> estar\u00e1 abierto desde el <strong>martes 6 de enero de 2026<\/strong><b>.\u00a0<\/b><\/li>\n<li aria-level=\"1\">Las<b>\u00a0inscripciones\u00a0<\/b>ser\u00e1n online en el formulario que encontrar\u00e9is al final de la p\u00e1gina y se cerrar\u00e1n al llenarse las plazas. A partir del 20 de febrero se comenzar\u00e1n a mandar confirmaciones.<\/li>\n<li aria-level=\"1\">El espacio podr\u00e1 ser ocupado para la venta de merchandising, meet and greet, firmas\u2026 Pero el espacio no sustituir\u00e1 un stand de artista, es decir, se seguir\u00e1 un sistema de turnos para que todos los interesados que cumplan los requisitos puedan acceder al espacio.<\/li>\n<li aria-level=\"1\">Si se desea vender merchandising (prints, llaveros\u2026) deber\u00e1 estar hecho por la persona interesada en el espacio, y no por terceros. Las normas a seguir ser\u00e1n las de la zona de artistas.<\/li>\n<li aria-level=\"1\">De cara a las\u00a0<b>prints de cosplay<\/b>, tanto el cosplayer como el fot\u00f3grafo deber\u00e1n contar con el permiso escrito de todos los implicados para venderlas. Si se descubriese que no se tiene permiso el stand ser\u00e1 cerrado y se tendr\u00e1 en cuenta de cara a futuras peticiones. Japan Weekend no se hace responsable de posibles incidentes. \u00danicamente se puede vender material de cosplay del propio cosplayer o fot\u00f3grafo, si hay fotograf\u00edas grupales o en pareja pueden venderse siempre que los otros participantes den su consentimiento o est\u00e9n presentes en el stand como cosplayer acreditado. Esto incluye: prints, photobooks y merchandising (camisetas, tazas y\/o llaveros). No se podr\u00e1 vender material en el cual no aparezca ning\u00fan cosplay.<\/li>\n<li aria-level=\"1\">En caso de ser un autor autopublicado o publicado por editorial, se tendr\u00e1 que encargar el propio autor de la gesti\u00f3n del producto con los proveedores y de su venta. No se permite la participaci\u00f3n de terceros.<\/li>\n<li aria-level=\"1\">No se proh\u00edbe el material pornogr\u00e1fico, pero \u00fanicamente podr\u00e1 estar dentro de una carpeta en la que ponga claramente +18. El representante ser\u00e1 el responsable de pedirle el DNI al asistente que desee abrir esa carpeta. No se permitir\u00e1 que se venda nada de dicha carpeta a menores de edad.<\/li>\n<li aria-level=\"1\">Se permite un m\u00e1ximo de dos personas por mesa donde ambas partes tendr\u00edan que cumplir con los requisitos de aceptaci\u00f3n. En caso de disponer de m\u00e1s espacio, se har\u00e1 saber por si se quiere aprovechar el espacio.<\/li>\n<li aria-level=\"1\">Los stands incluyen un pase para el d\u00eda seleccionado por persona. Dicho pase se recoger\u00e1 en acreditados el d\u00eda en el que se vaya a poner stand. La organizaci\u00f3n no se har\u00e1 responsable si los participantes ya ten\u00edan entrada.<\/li>\n<li aria-level=\"1\">Los stands seguir\u00e1n un sistema por turnos. El interesado debe presentarse en su stand 5 minutos antes de su turno y prepararse para salir 5 minutos antes del siguiente turno.<\/li>\n<li aria-level=\"1\">Los turnos son de 2 horas. Los turnos del s\u00e1bado ser\u00e1n: 10:00 \u2013 12:00, 12:00 \u2013 14:00, 14:00 \u2013 16:00, 16:00 \u2013 18:00, 18:00 \u2013 20:00.\u00a0 Dependiendo del n\u00famero de participaci\u00f3n los turnos podr\u00e1n ampliarse a 2,5 o 3 horas.<\/li>\n<li aria-level=\"1\">Se har\u00e1 una criba preliminar para asegurarse de que el interesado cuenta con el p\u00fablico suficiente para tener stand en la Zona de Creadores. Los stands son una oportunidad para conocer a tus seguidores y que puedan adquirir tu material, no un acceso al evento con un pase.<\/li>\n<li aria-level=\"1\">El contenido debe estar directamente relacionado con el evento.<\/li>\n<li aria-level=\"1\">El m\u00ednimo de seguidores para pedir stand es de:*\n<ul>\n<li aria-level=\"2\">1.500 en Instagram<\/li>\n<li aria-level=\"2\">2.000 en Twitter<\/li>\n<li aria-level=\"2\">15.000 en TikTok<\/li>\n<li aria-level=\"2\">1.000 en Twitch<\/li>\n<li aria-level=\"2\">7.000 en YouTube<br \/>\n* Se debe cumplir al menos en una de las redes sociales, no se trata de un total.<\/li>\n<\/ul>\n<\/li>\n<li aria-level=\"1\">El retraso de los siguientes interesados no implica que los anteriores deban permanecer en el stand, deber\u00e1 vaciarse 5 minutos antes del final del turno. Se aplicar\u00e1 una penalizaci\u00f3n en caso de retraso o desperfectos en el stand y se prohibir\u00e1 el acceso a futuras actividades de darse el caso.<\/li>\n<li aria-level=\"1\">Se puede solicitar un turno para cada d\u00eda pero no dos turnos en el mismo d\u00eda. Si quedasen huecos libres avisar\u00edamos por correo.<\/li>\n<li aria-level=\"1\">Si se sube a alg\u00fan concurso recomendamos compartir stand con otro cosplayer o fot\u00f3grafo que venda prints para que se cuide el puesto durante la revisi\u00f3n o participaci\u00f3n. El stand no puede quedarse vac\u00edo en ning\u00fan momento pero puede ser cubierto por el compa\u00f1ero cosplayer o fot\u00f3grafo acreditado para el stand durante un m\u00e1ximo de una hora. Es responsabilidad del cosplayer conseguir un turno que no se solape con otra responsabilidad o concurso. Si un cosplayer que participa en un concurso se apunta de los \u00faltimos, y los primeros en apuntarse han seleccionado el turno que le conviene, es responsabilidad del cosplayer que ha llegado tarde adaptarse al turno que le toque o denegar la plaza. Por esto mismo recomendamos compartir stand.<\/li>\n<li aria-level=\"1\">La mesa cuenta con un mantel negro proporcionado por la organizaci\u00f3n.<\/li>\n<li aria-level=\"1\">Nadie ajeno al stand y que no se encuentre acreditado por el mismo podr\u00e1 estar dentro. Es responsabilidad de los interesados que las personas se queden al otro lado del stand. Se penalizar\u00e1 si personas ajenas al stand han entrado en el mismo sin autorizaci\u00f3n de la organizaci\u00f3n, aunque el responsable est\u00e9 solo y necesite ayuda.<\/li>\n<li aria-level=\"1\">Las bases podr\u00e1n sufrir cualquier modificaci\u00f3n de aqu\u00ed al d\u00eda del evento seg\u00fan las necesidades de la organizaci\u00f3n.<\/li>\n<\/ol>\n[\/vc_column_text][\/vc_column][\/vc_row][vc_row][vc_column][vc_btn title=&#8221;Formulario de inscripci\u00f3n &#8220;Zona de Creadores&#8220;&#8221; style=&#8221;gradient&#8221; gradient_color_1=&#8221;purple&#8221; gradient_color_2=&#8221;sky&#8221; shape=&#8221;round&#8221; align=&#8221;center&#8221; link=&#8221;url:https%3A%2F%2Fforms.gle%2FpijhVJwfg4HWMAJcA&#8221;][\/vc_column][\/vc_row]\n","protected":false},"excerpt":{"rendered":"<p>[vc_row][vc_column][vc_column_text] PARTICIPA EN LA ZONA DE CREADORES Este espacio est\u00e1 enfocado a individuos, ya sea cosplayers, autores, creadores de contenido, idols, youtubers, streamers\u2026 No se permitir\u00e1 que representantes, empresas o asociaciones participen. La edad m\u00ednima para participar es de 18 a\u00f1os. El\u00a0formulario estar\u00e1 abierto desde el martes 6 de enero de 2026.\u00a0 Las\u00a0inscripciones\u00a0ser\u00e1n online en [&hellip;]<\/p>\n","protected":false},"author":1,"featured_media":0,"parent":0,"menu_order":0,"comment_status":"closed","ping_status":"closed","template":"","meta":[],"_links":{"self":[{"href":"https:\/\/www.japanweekend.com\/bilbao\/wp-json\/wp\/v2\/pages\/5212"}],"collection":[{"href":"https:\/\/www.japanweekend.com\/bilbao\/wp-json\/wp\/v2\/pages"}],"about":[{"href":"https:\/\/www.japanweekend.com\/bilbao\/wp-json\/wp\/v2\/types\/page"}],"author":[{"embeddable":true,"href":"https:\/\/www.japanweekend.com\/bilbao\/wp-json\/wp\/v2\/users\/1"}],"replies":[{"embeddable":true,"href":"https:\/\/www.japanweekend.com\/bilbao\/wp-json\/wp\/v2\/comments?post=5212"}],"version-history":[{"count":10,"href":"https:\/\/www.japanweekend.com\/bilbao\/wp-json\/wp\/v2\/pages\/5212\/revisions"}],"predecessor-version":[{"id":5987,"href":"https:\/\/www.japanweekend.com\/bilbao\/wp-json\/wp\/v2\/pages\/5212\/revisions\/5987"}],"wp:attachment":[{"href":"https:\/\/www.japanweekend.com\/bilbao\/wp-json\/wp\/v2\/media?parent=5212"}],"curies":[{"name":"wp","href":"https:\/\/api.w.org\/{rel}","templated":true}]}}