{"id":5116,"date":"2024-06-05T13:25:54","date_gmt":"2024-06-05T11:25:54","guid":{"rendered":"https:\/\/www.japanweekend.com\/bilbao\/?page_id=5116"},"modified":"2025-10-16T10:49:58","modified_gmt":"2025-10-16T08:49:58","slug":"faq","status":"publish","type":"page","link":"https:\/\/www.japanweekend.com\/bilbao\/faq\/","title":{"rendered":"F.A.Q"},"content":{"rendered":"[vc_row][vc_column width=&#8221;1\/2&#8243;][vc_custom_heading text=&#8221;Preguntas sobre las entradas&#8221; font_container=&#8221;tag:h2|text_align:left|color:%23ffffff&#8221; use_theme_fonts=&#8221;yes&#8221; css=&#8221;.vc_custom_1717508359271{padding-top: 10px !important;padding-bottom: 10px !important;padding-left: 30px !important;background-color: #000000 !important;}&#8221;][vc_toggle title=&#8221;\u00bfC\u00f3mo funcionan las horas de entrada? \u00bfSon modificables?&#8221; style=&#8221;square&#8221;]\n<p style=\"text-align: justify;\">Cuando compras tu entrada te pide seleccionar una hora de entrada. Podr\u00e1s entrar siempre a partir de esa hora, <strong>pero no antes<\/strong>. Puedes entrar aunque hayan pasado horas desde la hora de tu entrada. Una vez seleccionada y pagada una entrada con una hora de entrada, no puede cambiarse.<\/p>\n[\/vc_toggle][vc_toggle title=&#8221;\u00bfQu\u00e9 es la entrada anticrisis?&#8221; style=&#8221;square&#8221;]La entrada anticrisis incluye la entrada general al evento, y un manga, una pel\u00edcula o serie a elegir. El listado se encuentra en el apartado de las entradas anticrisis, y se recoger\u00e1 en la zona anticrisis del evento hasta agotar existencias.[\/vc_toggle][vc_toggle title=&#8221;\u00bfQu\u00e9 hago si he comprado la entrada pero no la he recibido?&#8221; style=&#8221;square&#8221;]Generalmente las entradas se env\u00edan autom\u00e1ticamente, si no la has recibido puede que hayas puesto mal el correo electr\u00f3nico. Escribe a entradas@japanweekend.com y te ayudaremos. La misma semana del evento no revisaremos ese correo ya que estaremos ocupados trabajando en el evento, por lo que te atenderemos en el mostrador de incidencias del evento.[\/vc_toggle][vc_toggle title=&#8221;\u00bfTengo que llevar la entrada impresa o puedo ense\u00f1arla en el m\u00f3vil?&#8221; style=&#8221;square&#8221;]No es necesario que imprimas la entrada, puedes ense\u00f1arla en el m\u00f3vil. Japan Weekend no se responsabiliza si te quedas sin bater\u00eda en el m\u00f3vil antes de pasar la entrada.[\/vc_toggle][vc_toggle title=&#8221;\u00bfEs necesario que ponga mi deadname al comprar la entrada?&#8221; style=&#8221;square&#8221;]Si tu documento de identidad todav\u00eda no ha sido revisado, no es necesario que uses tu <em>deadname<\/em>. Si hay cualquier problema nos vale con que coincidan apellidos y correo electr\u00f3nico.[\/vc_toggle][vc_toggle title=&#8221;Ya no puedo ir al evento, \u00bfme devolv\u00e9is el dinero de la entrada?&#8221; style=&#8221;square&#8221;]\n<p style=\"text-align: justify;\">No se aceptan devoluciones de las entradas de Japan Weekend. Puedes darle tu entrada a un amigo si no puedes venir.<\/p>\n[\/vc_toggle][vc_toggle title=&#8221;\u00bfPuedo comprar la entrada en taquillas el d\u00eda del evento?&#8221; style=&#8221;square&#8221;]\n<p style=\"text-align: justify;\">S\u00ed. Abriremos las taquillas despu\u00e9s de la apertura del evento, y las entradas costar\u00e1n algo mas que las online.<\/p>\n[\/vc_toggle][vc_toggle title=&#8221;No puedo comprar la entrada online, \u00bfqu\u00e9 hago?&#8221; style=&#8221;square&#8221;]\n<p style=\"text-align: justify;\">Podr\u00e1s comprarlas en taquillas. Si tienes discapacidad acreditada, puedes escribirnos a entradas@japanweekend.com para que te ayudemos a adquirir la entrada y puedas acudir al evento.<\/p>\n[\/vc_toggle][vc_toggle title=&#8221;\u00bfPuedo darle mi entrada a un amigo o familiar?&#8221; style=&#8221;square&#8221;]\n<p style=\"text-align: justify;\">S\u00ed, aunque si surge cualquier contratiempo con la entrada y tienes que acudir al mostrador de incidencias en el evento, ser\u00e1 complicado gestionarlo si los datos y el correo de la entrada son los tuyos y no los del nuevo due\u00f1o de la entrada.<\/p>\n[\/vc_toggle][vc_toggle title=&#8221;\u00bfA partir de qu\u00e9 edad se paga entrada?&#8221; style=&#8221;square&#8221;]La entrada ser\u00e1 obligatoria a partir de los 7 a\u00f1os. Aquellos que tengan 6 a\u00f1os o menos no tendr\u00e1n que comprar entrada, pero se podr\u00e1 pedir un documento acreditativo en la puerta.[\/vc_toggle][vc_toggle title=&#8221;\u00bfDispon\u00e9is de descuentos o se puede pagar con el bono cultural?&#8221; style=&#8221;square&#8221;]No. El \u00fanico &#8220;descuento&#8221; es para menores de 7 a\u00f1os, que no pagan entrada para acceder al recinto.[\/vc_toggle][vc_toggle title=&#8221;\u00bfEntro gratis si llevo cosplay?&#8221; style=&#8221;square&#8221;]\n<p style=\"text-align: justify;\">No. Japan Weekend nunca ha dado entrada gratuita por ser cosplayer y no planeamos hacerlo en un futuro.<\/p>\n[\/vc_toggle][vc_toggle title=&#8221;\u00bfEntro gratis si participo en alg\u00fan concurso?&#8221; style=&#8221;square&#8221;]\n<p style=\"text-align: justify;\">Generalmente no. En ocasiones se han hecho excepciones con determinados concursos, pero si es el caso se comunicar\u00e1 en la normativa de los concursos o por correo electr\u00f3nico a los inscritos.<\/p>\n[\/vc_toggle][vc_toggle title=&#8221;\u00bfC\u00f3mo puedo entrar gratis al evento?&#8221; style=&#8221;square&#8221;]\n<p style=\"text-align: justify;\">Aquellos que no pagan entrada, para un d\u00eda o dos dependiendo de la actividad, son:<\/p>\n<ul>\n<li style=\"text-align: justify;\">Ni\u00f1os menores de 7 a\u00f1os.<\/li>\n<li style=\"text-align: justify;\">Asociaciones o personas que organizan una actividad dentro del evento, siempre y cuando se hayan inscrito mediante el formulario oficial y su actividad o asociaci\u00f3n haya sido aprobada.<\/li>\n<li style=\"text-align: justify;\">Medios de prensa, fot\u00f3grafos o creadores de contenido cuyo pase de prensa haya sido aprobado por la organizaci\u00f3n.<\/li>\n<li style=\"text-align: justify;\">Personas que cuenten con un stand dentro del evento, que haya sido aprobado por la organizaci\u00f3n.<\/li>\n<li style=\"text-align: justify;\">Invitados o colaboradores oficiales, cuyo pase haya sido aprobado por la organizaci\u00f3n.<\/li>\n<li style=\"text-align: justify;\">Fot\u00f3grafos que participen en el photocall o en la exposici\u00f3n de fotograf\u00eda de cosplay (m\u00e1s informaci\u00f3n en dichos apartados).<\/li>\n<li style=\"text-align: justify;\">Creadores de contenido que tengan mesa en la Zona de Creadores (m\u00e1s informaci\u00f3n en dicho apartado).<\/li>\n<\/ul>\n[\/vc_toggle][vc_toggle title=&#8221;\u00bfPuedo entrar y salir del recinto?&#8221; style=&#8221;square&#8221;]S\u00ed. Para poder acceder, salir y volver a entrar al recinto es imprescindible que tengas el QR de la entrada a mano.[\/vc_toggle][vc_toggle title=&#8221;\u00bfPor qu\u00e9 ha subido el precio de la entrada en los \u00faltimos a\u00f1os?&#8221; style=&#8221;square&#8221;]Desde la pandemia, el precio de la mayor\u00eda de servicios, alquileres y del propio recinto ha subido mucho, por lo que nos es imposible no subir el precio de la entrada. Adem\u00e1s, cada vez apostamos por nuevas actividades y m\u00e1s invitados.[\/vc_toggle][\/vc_column][vc_column width=&#8221;1\/2&#8243;][vc_custom_heading text=&#8221;Preguntas generales&#8221; font_container=&#8221;tag:h2|text_align:left|color:%23ffffff&#8221; use_theme_fonts=&#8221;yes&#8221; css=&#8221;.vc_custom_1717508377149{padding-top: 10px !important;padding-bottom: 10px !important;padding-left: 30px !important;background-color: #000000 !important;}&#8221;][vc_toggle title=&#8221;\u00bfD\u00f3nde se celebra Japan Weekend Bilbao?&#8221; style=&#8221;square&#8221;]Bilbao Exhibition Centre. Azkue Kalea, 1, 48902 Barakaldo, Bizkaia.[\/vc_toggle][vc_toggle title=&#8221;\u00bfC\u00f3mo llego al recinto?&#8221; style=&#8221;square&#8221;]La forma m\u00e1s sencilla de llegar al recinto es usando el metro con la L\u00ednea 2, la parada es Estaci\u00f3n Ansio, con salida al recinto ferial (acceso norte de BEC!)[\/vc_toggle][vc_toggle title=&#8221;\u00bfPuedo entrar comida del exterior? \u00bfHabr\u00e1 puestos de comida dentro?&#8221; style=&#8221;square&#8221;]\n<div id=\"collapse36663\" class=\"collapse show\" aria-labelledby=\"headingOne\" data-parent=\"#accordion\">\n<div class=\"card-body font-body font-weight-bold black\">\n<p>S\u00ed, puedes traer comida y bebida de casa. Dentro del recinto encontrar\u00e1s cafeter\u00edas y tiendas para comprar comida y bebida.<\/p><\/div>\n<\/div>\n[\/vc_toggle][vc_toggle title=&#8221;\u00bfPuedo entrar con armas de cosplay o airsoft?&#8221; style=&#8221;square&#8221;]\n<p style=\"text-align: justify;\">De acuerdo con el Real Decreto 137\/1993 sobre el Reglamento de Armas, queda terminantemente prohibido que los visitantes lleven armas de fuego, de metal y otros objetos contundentes o imitaciones que por sus caracter\u00edsticas puedan inducir a confusi\u00f3n sobre su aut\u00e9ntica naturaleza. Tambi\u00e9n se proh\u00edbe el uso de elementos peligrosos para la integridad f\u00edsica de las personas como material pirot\u00e9cnico e inflamable. S\u00f3lo se permiten imitaciones de armas hechas de pl\u00e1stico, cart\u00f3n y otros materiales que no comporten peligro. La seguridad del recinto es ajena a Japan Weekend y siempre podr\u00e1n requisar cualquier complemento que consideren contundente o afilado. Los complementos de cosplay hechos de pl\u00e1stico, goma eva o worbla, siempre que no sean contundentes, no dar\u00e1n problemas. Las armas de fuego falsas deben tener la caracter\u00edstica punta naranja.<\/p>\n[\/vc_toggle][vc_toggle title=&#8221;\u00bfPuedo acceder al evento con mi mascota?&#8221; style=&#8221;square&#8221;]No. Solo se aceptan perros gu\u00eda.[\/vc_toggle][vc_toggle title=&#8221;Quiero hacer una actividad en el evento, \u00bfc\u00f3mo os contacto?&#8221; style=&#8221;square&#8221;]\u00a1Est\u00e1s de suerte! Disponemos de un formulario para que cualquiera proponga su actividad o participe con su asociaci\u00f3n en el evento. Puedes encontrarlo <a href=\"https:\/\/www.japanweekend.com\/bilbao\/asociaciones-y-actividades\/\">en el siguiente apartado de nuestra web<\/a>.[\/vc_toggle][vc_toggle title=&#8221;\u00bfC\u00f3mo me inscribo a un concurso?&#8221; style=&#8221;square&#8221;]\n<p style=\"text-align: justify;\">Depender\u00e1 del tipo de concurso al que quieras inscribirte. Si est\u00e1 organizado por nosotros, aparecer\u00e1 en el apartado de concursos de esta p\u00e1gina web y en las bases encontrar\u00e1s c\u00f3mo inscribirte. Si solo est\u00e1 en el horario, significa que est\u00e1 organizado por una asociaci\u00f3n, y es la propia asociaci\u00f3n la que gestiona las inscripciones. Puedes ponerte en contacto con ellos.<\/p>\n[\/vc_toggle][vc_toggle title=&#8221;\u00bfC\u00f3mo consigo la firma o el merchandising de un invitado?&#8221; style=&#8221;square&#8221;]A medida que se acerca el evento actualizaremos el horario de firmas de nuestros invitados con detalles, en la secci\u00f3n HORARIO de nuestra web. Igualmente, puedes encontrar informaci\u00f3n al respecto en el anuncio de cada invitado.[\/vc_toggle][vc_toggle title=&#8221;Quiero tener stand de artista \u00bfqu\u00e9 hago?&#8221; style=&#8221;square&#8221;]La informaci\u00f3n de los stands de arte se suele publicar en nuestras redes sociales y en nuestra <a href=\"https:\/\/www.japanweekend.com\/faqarte\/\">p\u00e1gina web principal<\/a>. Te recomendamos seguir el Twitter de la cuenta de arte <a href=\"https:\/\/x.com\/JW_Arte\">@JW_Arte<\/a> para enterarte de todas las novedades. Una vez ha pasado el plazo de inscripci\u00f3n, no se puede solicitar stand de artista.[\/vc_toggle][vc_toggle title=&#8221;\u00bfSe puede pagar con tarjeta dentro del evento?&#8221; style=&#8221;square&#8221;]Depender\u00e1 de cada tienda. La mayor\u00eda de puestos comerciales, de restauraci\u00f3n o de Artist House suelen tener dat\u00e1fonos, pero la mayor\u00eda de stands no comerciales solo aceptan efectivo, paypal o bizum. La tienda oficial de Japan Weekend y Odaiba Ediciones acepta tarjeta y efectivo. Te recomendamos llevar efectivo.[\/vc_toggle][vc_toggle title=&#8221;Me he sentido acosade en el evento, \u00bfqu\u00e9 hago?&#8221; style=&#8221;square&#8221;]Localiza a cualquier miembro de la organizaci\u00f3n con chaleco rojo, o a cualquier vigilante de seguridad, y te ayudaremos. Tenemos tolerancia 0 con el acoso.[\/vc_toggle][vc_toggle title=&#8221;Soy neurodivergente, \u00bfhay muchos est\u00edmulos en el evento?&#8221; style=&#8221;square&#8221;]Disponemos de varios escenarios a lo largo del evento que generan sonido. Igualmente contamos con servicio de enfermer\u00eda, si tienes cualquier problema contacta con un vigilante de seguridad o con un miembro de la organizaci\u00f3n (chaleco rojo).[\/vc_toggle][vc_toggle title=&#8221;\u00bfHay ba\u00f1os gender neutral en el evento?&#8221; style=&#8221;square&#8221;]El recinto no dispone de este tipo de ba\u00f1os, pero si eres una persona no binaria puedes usar el ba\u00f1o con el que te sientas m\u00e1s c\u00f3mode en ese momento. Si cualquier asistente te increpa, localiza a un miembro de la organizaci\u00f3n (chaleco rojo) y te ayudaremos.[\/vc_toggle][vc_toggle title=&#8221;\u00bfEs necesario que use mi deadname para inscribirme a actividades u otros?&#8221; style=&#8221;square&#8221;]Si tu documento de identidad todav\u00eda no ha sido revisado, no es necesario que uses tu <em>deadname<\/em>. Nos vale con que coincidan apellidos y correo electr\u00f3nico.[\/vc_toggle][vc_toggle title=&#8221;Me han tomado fotograf\u00edas durante el evento, \u00bfd\u00f3nde est\u00e1n?&#8221; style=&#8221;square&#8221;]Depender\u00e1 del fot\u00f3grafo que te haya hecho esas fotograf\u00edas. F\u00edjate siempre si ese fot\u00f3grafo cuenta con el pase de prensa visible, y pregunta d\u00f3nde van a subirse antes de despediros. Japan Weekend no puede controlar donde aparecen las fotograf\u00edas que toman nuestros asistentes, pero podemos limitar el otorgar pases de prensa si se genera malestar con alg\u00fan fot\u00f3grafo o vide\u00f3grafo en concreto. Si las fotograf\u00edas o videos son oficiales, los encontrar\u00e1s en nuestra p\u00e1gina web o redes pasados unos d\u00edas del evento. Nuestros fot\u00f3grafos y vide\u00f3grafos oficiales cuentan con una acreditaci\u00f3n que lo indica, y suelen pedir permiso siempre y cuando no sean fotograf\u00edas o videos de ambiente.[\/vc_toggle][vc_toggle title=&#8221;\u00bfPor qu\u00e9 hab\u00e9is subido una fotograf\u00eda m\u00eda a vuestras redes sociales?&#8221; style=&#8221;square&#8221;]Generalmente nuestros fot\u00f3grafos y vide\u00f3grafos oficiales toman muchas fotograf\u00edas y videos de ambiente o stands, y entra dentro de nuestras pol\u00edticas que podemos tomar fotograf\u00edas o videos libremente y subirlas a nuestras redes sociales. Si igualmente no te sientes c\u00f3modo con una fotograf\u00eda que ha sido subida en la que aparezcas, puedes escribirnos a eventos@japanweekend.com para que veamos si es borrable, ya que depender\u00e1 de cada red social el poder eliminarla. No es lo mismo poder eliminar una fotograf\u00eda de un carrusel de Instagram, que eliminar una escena en concreto de un Reel que ya se haya subido.[\/vc_toggle][\/vc_column][\/vc_row][vc_row][vc_column][vc_separator][vc_single_image image=&#8221;6577&#8243; img_size=&#8221;full&#8221;][\/vc_column][\/vc_row]\n","protected":false},"excerpt":{"rendered":"<p>[vc_row][vc_column width=&#8221;1\/2&#8243;][vc_custom_heading text=&#8221;Preguntas sobre las entradas&#8221; font_container=&#8221;tag:h2|text_align:left|color:%23ffffff&#8221; use_theme_fonts=&#8221;yes&#8221; css=&#8221;.vc_custom_1717508359271{padding-top: 10px !important;padding-bottom: 10px !important;padding-left: 30px !important;background-color: #000000 !important;}&#8221;][vc_toggle title=&#8221;\u00bfC\u00f3mo funcionan las horas de entrada? \u00bfSon modificables?&#8221; style=&#8221;square&#8221;] Cuando compras tu entrada te pide seleccionar una hora de entrada. Podr\u00e1s entrar siempre a partir de esa hora, pero no antes. Puedes entrar aunque hayan pasado horas desde [&hellip;]<\/p>\n","protected":false},"author":2,"featured_media":0,"parent":0,"menu_order":0,"comment_status":"closed","ping_status":"closed","template":"","meta":[],"_links":{"self":[{"href":"https:\/\/www.japanweekend.com\/bilbao\/wp-json\/wp\/v2\/pages\/5116"}],"collection":[{"href":"https:\/\/www.japanweekend.com\/bilbao\/wp-json\/wp\/v2\/pages"}],"about":[{"href":"https:\/\/www.japanweekend.com\/bilbao\/wp-json\/wp\/v2\/types\/page"}],"author":[{"embeddable":true,"href":"https:\/\/www.japanweekend.com\/bilbao\/wp-json\/wp\/v2\/users\/2"}],"replies":[{"embeddable":true,"href":"https:\/\/www.japanweekend.com\/bilbao\/wp-json\/wp\/v2\/comments?post=5116"}],"version-history":[{"count":11,"href":"https:\/\/www.japanweekend.com\/bilbao\/wp-json\/wp\/v2\/pages\/5116\/revisions"}],"predecessor-version":[{"id":5971,"href":"https:\/\/www.japanweekend.com\/bilbao\/wp-json\/wp\/v2\/pages\/5116\/revisions\/5971"}],"wp:attachment":[{"href":"https:\/\/www.japanweekend.com\/bilbao\/wp-json\/wp\/v2\/media?parent=5116"}],"curies":[{"name":"wp","href":"https:\/\/api.w.org\/{rel}","templated":true}]}}