{"id":4912,"date":"2023-12-21T02:44:13","date_gmt":"2023-12-21T00:44:13","guid":{"rendered":"https:\/\/www.japanweekend.com\/bilbao\/?page_id=4912"},"modified":"2025-12-24T16:03:47","modified_gmt":"2025-12-24T14:03:47","slug":"asociaciones-y-actividades","status":"publish","type":"page","link":"https:\/\/www.japanweekend.com\/bilbao\/asociaciones-y-actividades\/","title":{"rendered":"Asociaciones y Actividades"},"content":{"rendered":"[vc_row][vc_column]<div class=\"lgx-heading  \" >\r\n                    <h2 class=\"heading\">ACTIVIDADES<\/h2>\r\n                    <h3 class=\"subheading\">\u00bfTe gustar\u00eda tener un espacio en nuestros escenarios o tatamis? \u00bfA tu asociaci\u00f3n le gustar\u00eda tener un stand donde presentarse y hacer actividades? \u00a1Echa un vistazo a las condiciones en los formularios!<\/h3>              \r\n              <\/div>[\/vc_column][\/vc_row][vc_row][vc_column][vc_btn title=&#8221;\u00bfFormas parte de una asociaci\u00f3n o agrupaci\u00f3n y quer\u00e9is tener espacio propio en el evento para gestionar vuestras propias actividades? \u00a1Apuntaos aqu\u00ed!&#8221; color=&#8221;purple&#8221; align=&#8221;center&#8221; link=&#8221;url:https%3A%2F%2Fdocs.google.com%2Fforms%2Fd%2Fe%2F1FAIpQLSeQrWtnuxzlPOFALcAWnY3JNIVqE8uvMxrpQ6ErUB8MwMjCdA%2Fviewform&#8221;][vc_btn title=&#8221;\u00bfQuieres participar haciendo actividades en escenarios y\/o tatamis? Si quieres ofrecer una conferencia, taller o exhibici\u00f3n. \u00a1Inscr\u00edbete aqu\u00ed!&#8221; color=&#8221;info&#8221; align=&#8221;center&#8221; link=&#8221;url:https%3A%2F%2Fdocs.google.com%2Fforms%2Fd%2Fe%2F1FAIpQLScYDPBxFegU1K6mPS81Yz5KcJxOdZ8CcXe2Sqm_R9z0CDa5nQ%2Fviewform&#8221;][\/vc_column][\/vc_row]\n","protected":false},"excerpt":{"rendered":"<p>[vc_row][vc_column][\/vc_column][\/vc_row][vc_row][vc_column][vc_btn title=&#8221;\u00bfFormas parte de una asociaci\u00f3n o agrupaci\u00f3n y quer\u00e9is tener espacio propio en el evento para gestionar vuestras propias actividades? \u00a1Apuntaos aqu\u00ed!&#8221; color=&#8221;purple&#8221; align=&#8221;center&#8221; link=&#8221;url:https%3A%2F%2Fdocs.google.com%2Fforms%2Fd%2Fe%2F1FAIpQLSeQrWtnuxzlPOFALcAWnY3JNIVqE8uvMxrpQ6ErUB8MwMjCdA%2Fviewform&#8221;][vc_btn title=&#8221;\u00bfQuieres participar haciendo actividades en escenarios y\/o tatamis? Si quieres ofrecer una conferencia, taller o exhibici\u00f3n. \u00a1Inscr\u00edbete aqu\u00ed!&#8221; color=&#8221;info&#8221; align=&#8221;center&#8221; link=&#8221;url:https%3A%2F%2Fdocs.google.com%2Fforms%2Fd%2Fe%2F1FAIpQLScYDPBxFegU1K6mPS81Yz5KcJxOdZ8CcXe2Sqm_R9z0CDa5nQ%2Fviewform&#8221;][\/vc_column][\/vc_row]<\/p>\n","protected":false},"author":1,"featured_media":0,"parent":0,"menu_order":0,"comment_status":"closed","ping_status":"closed","template":"","meta":[],"_links":{"self":[{"href":"https:\/\/www.japanweekend.com\/bilbao\/wp-json\/wp\/v2\/pages\/4912"}],"collection":[{"href":"https:\/\/www.japanweekend.com\/bilbao\/wp-json\/wp\/v2\/pages"}],"about":[{"href":"https:\/\/www.japanweekend.com\/bilbao\/wp-json\/wp\/v2\/types\/page"}],"author":[{"embeddable":true,"href":"https:\/\/www.japanweekend.com\/bilbao\/wp-json\/wp\/v2\/users\/1"}],"replies":[{"embeddable":true,"href":"https:\/\/www.japanweekend.com\/bilbao\/wp-json\/wp\/v2\/comments?post=4912"}],"version-history":[{"count":10,"href":"https:\/\/www.japanweekend.com\/bilbao\/wp-json\/wp\/v2\/pages\/4912\/revisions"}],"predecessor-version":[{"id":5979,"href":"https:\/\/www.japanweekend.com\/bilbao\/wp-json\/wp\/v2\/pages\/4912\/revisions\/5979"}],"wp:attachment":[{"href":"https:\/\/www.japanweekend.com\/bilbao\/wp-json\/wp\/v2\/media?parent=4912"}],"curies":[{"name":"wp","href":"https:\/\/api.w.org\/{rel}","templated":true}]}}