{"id":4861,"date":"2023-11-22T18:06:55","date_gmt":"2023-11-22T16:06:55","guid":{"rendered":"https:\/\/www.japanweekend.com\/bilbao\/?page_id=4861"},"modified":"2026-03-10T12:34:03","modified_gmt":"2026-03-10T10:34:03","slug":"concurso-de-karaoke","status":"publish","type":"page","link":"https:\/\/www.japanweekend.com\/bilbao\/concurso-de-karaoke\/","title":{"rendered":"Concurso de Karaoke"},"content":{"rendered":"[vc_row][vc_column][vc_column_text]\n<div id=\"toolbar-97ff1166-632e-4d6a-8d02-79d5b8b68b76\" class=\"block-library-classic__toolbar has-advanced-toolbar\" data-placeholder=\"Cl\u00e1sico\">\n<div id=\"mceu_52\" class=\"mce-tinymce mce-tinymce-inline mce-container mce-panel\" tabindex=\"-1\" role=\"application\">\n<div id=\"mceu_52-body\" class=\"mce-container-body mce-abs-layout\">\n<div id=\"mceu_53\" class=\"mce-toolbar-grp mce-container mce-panel mce-abs-layout-item mce-first mce-last\" tabindex=\"-1\" role=\"group\">\n<div id=\"mceu_53-body\" class=\"mce-container-body mce-stack-layout\">\n<div id=\"mceu_57\" class=\"mce-container mce-toolbar mce-stack-layout-item mce-last\" role=\"toolbar\">\n<div id=\"mceu_57-body\" class=\"mce-container-body mce-flow-layout\">\n<div id=\"mceu_58\" class=\"mce-container mce-flow-layout-item mce-first mce-last mce-btn-group\" role=\"group\">\n<div id=\"mceu_58-body\">\n<div id=\"mceu_46\" class=\"mce-widget mce-btn\" tabindex=\"-1\" role=\"button\" aria-label=\"Caracter especial\">\n<div id=\"editor-97ff1166-632e-4d6a-8d02-79d5b8b68b76\" class=\"wp-block-freeform block-library-rich-text__tinymce mce-content-body html5-captions mce-edit-focus\" contenteditable=\"true\"><\/div>\n<\/div>\n<\/div>\n<\/div>\n<\/div>\n<\/div>\n<\/div>\n<\/div>\n<\/div>\n<\/div>\n<\/div>\n<div id=\"editor-97ff1166-632e-4d6a-8d02-79d5b8b68b76\" class=\"wp-block-freeform block-library-rich-text__tinymce mce-content-body html5-captions mce-edit-focus\" contenteditable=\"true\">\n<h2 style=\"text-align: center;\"><b>BASES DE PARTICIPACI\u00d3N<\/b><\/h2>\n<ol>\n<li><span style=\"font-weight: 400;\">El concurso se realizar\u00e1 a las 14:00<\/span><span style=\"font-weight: 400;\"> en el &#8220;Escenario de Actividades&#8221;<\/span><span style=\"font-weight: 400;\">.<\/span><\/li>\n<li>Las inscripciones ser\u00e1n presenciales al lado del escenario de actividades y <b>se cerrar\u00e1n 30 minutos antes<\/b>\u00a0de que comience el concurso.<\/li>\n<li>Habr\u00e1 un m\u00e1ximo de\u00a0<b>20 plazas<\/b>\u00a0con 5 suplentes en el caso de que alg\u00fan participante llegase tarde o por otras causas que impidan participar.<\/li>\n<li>Los menores de 16 a\u00f1os no podr\u00e1n optar al premio econ\u00f3mico.<\/li>\n<li>La participaci\u00f3n en el concurso supone la aceptaci\u00f3n de las bases y el permiso para tomar fotograf\u00edas y v\u00eddeos de dicha participaci\u00f3n.<\/li>\n<li>La canci\u00f3n\u00a0<b>no podr\u00e1 sobrepasar los 3 minutos<\/b>\u00a0y deber\u00e1 ser instrumental a excepci\u00f3n de incluir coros para una buena valoraci\u00f3n del jurado. Se dejar\u00e1 un margen de m\u00e1ximo 15 segundos extras, despu\u00e9s\u00a0<b>se cortar\u00e1 el audio suavemente.<\/b><\/li>\n<li>El formato del archivo de la canci\u00f3n deber\u00e1 estar en\u00a0<b>MP3 o WAV<\/b>. Si es un v\u00eddeo, deber\u00e1 de estar en mp4 (no se garantiza que pueda ser proyectado). Se recomienda tener la canci\u00f3n con el m\u00ednimo silencio posible al principio para una buena gesti\u00f3n t\u00e9cnica desde el escenario, adem\u00e1s que el silencio forma parte de la duraci\u00f3n de la canci\u00f3n. Tambi\u00e9n se recomienda una entrada preparada previamente por la persona participante si lo necesitara, como por ejemplo un metr\u00f3nomo, un golpe sonoro o similar.<\/li>\n<li><b>Se tendr\u00e1 que entregar el audio en un dispositivo con conexi\u00f3n USB<\/b>\u00a0(pendrive preferiblemente) en el momento de la inscripci\u00f3n. Para facilitar la gesti\u00f3n, en el dispositivo USB solo podr\u00e1 estar la canci\u00f3n. La canci\u00f3n deber\u00e1 estar nombrada con el nombre del participante (se admiten apodos siempre y cuando se apunten\u00a0<b>igual\u00a0<\/b>en la lista) y el nombre de la canci\u00f3n. Ejemplo: Jolyne &#8211; Sono chi no Sadame.mp3<\/li>\n<li>La canci\u00f3n deber\u00e1 de ser con tem\u00e1tica de anime, videojuegos o m\u00fasica asi\u00e1tica oriental, sin importar el idioma.<\/li>\n<li>Se valorar\u00e1 la actuaci\u00f3n y vestimenta de los participantes acorde a la serie, juego o grupo. En caso de ser as\u00ed se deber\u00e1 entregar en el formulario una imagen del personaje\/artista en concreto, para poder ser valorado por el jurado. No ser\u00e1 determinante para ganar, puesto que en este concurso se valora la voz, pero es un extra para la performance.<\/li>\n<li>Queda permitido cantar con la letra a la vista pero restar\u00e1 puntos de cara a la valoraci\u00f3n final.<\/li>\n<\/ol>\n<p><span style=\"font-weight: 400;\">\u00a0<\/span><\/p>\n<p><b>Jurado y premios<\/b><\/p>\n<ul>\n<li>El jurado se anunciar\u00e1 pr\u00f3ximamente.<\/li>\n<li aria-level=\"1\">El jurado no discutir\u00e1 acerca del concurso o de los participantes antes del concurso ni despu\u00e9s.<\/li>\n<li aria-level=\"1\">Si un participante necesita consejos de cara a un futuro concurso ser\u00e1n dados sin tener en cuenta el presente.<\/li>\n<li aria-level=\"1\">La decisi\u00f3n del jurado ser\u00e1 irrevocable.<\/li>\n<\/ul>\n<p>&nbsp;<\/p>\n<h3><strong>Premios<\/strong><\/h3>\n<p>\u25ba<b>Primer\u00a0<span class=\"il\">premio<\/span>:<\/b> 100\u20ac, dar un concierto y ser jurado en la pr\u00f3xima edici\u00f3n de Japan Weekend Bilbao.<\/p>\n<p>\u25ba<b>Segundo\u00a0<span class=\"il\">premio<\/span>:<\/b> 50\u20ac<\/p>\n<p>&nbsp;<\/p>\n<\/div>\n[\/vc_column_text][\/vc_column][\/vc_row]\n","protected":false},"excerpt":{"rendered":"<p>[vc_row][vc_column][vc_column_text] BASES DE PARTICIPACI\u00d3N El concurso se realizar\u00e1 a las 14:00 en el &#8220;Escenario de Actividades&#8221;. Las inscripciones ser\u00e1n presenciales al lado del escenario de actividades y se cerrar\u00e1n 30 minutos antes\u00a0de que comience el concurso. Habr\u00e1 un m\u00e1ximo de\u00a020 plazas\u00a0con 5 suplentes en el caso de que alg\u00fan participante llegase tarde o por otras [&hellip;]<\/p>\n","protected":false},"author":1,"featured_media":0,"parent":0,"menu_order":0,"comment_status":"closed","ping_status":"closed","template":"","meta":[],"_links":{"self":[{"href":"https:\/\/www.japanweekend.com\/bilbao\/wp-json\/wp\/v2\/pages\/4861"}],"collection":[{"href":"https:\/\/www.japanweekend.com\/bilbao\/wp-json\/wp\/v2\/pages"}],"about":[{"href":"https:\/\/www.japanweekend.com\/bilbao\/wp-json\/wp\/v2\/types\/page"}],"author":[{"embeddable":true,"href":"https:\/\/www.japanweekend.com\/bilbao\/wp-json\/wp\/v2\/users\/1"}],"replies":[{"embeddable":true,"href":"https:\/\/www.japanweekend.com\/bilbao\/wp-json\/wp\/v2\/comments?post=4861"}],"version-history":[{"count":19,"href":"https:\/\/www.japanweekend.com\/bilbao\/wp-json\/wp\/v2\/pages\/4861\/revisions"}],"predecessor-version":[{"id":6102,"href":"https:\/\/www.japanweekend.com\/bilbao\/wp-json\/wp\/v2\/pages\/4861\/revisions\/6102"}],"wp:attachment":[{"href":"https:\/\/www.japanweekend.com\/bilbao\/wp-json\/wp\/v2\/media?parent=4861"}],"curies":[{"name":"wp","href":"https:\/\/api.w.org\/{rel}","templated":true}]}}