{"id":4576,"date":"2022-12-23T16:15:41","date_gmt":"2022-12-23T14:15:41","guid":{"rendered":"https:\/\/www.japanweekend.com\/bilbao\/?page_id=4576"},"modified":"2026-02-27T13:55:42","modified_gmt":"2026-02-27T11:55:42","slug":"idol-exhibition","status":"publish","type":"page","link":"https:\/\/www.japanweekend.com\/bilbao\/idol-exhibition\/","title":{"rendered":"Idol Exhibition"},"content":{"rendered":"[vc_row][vc_column]<div class=\"lgx-heading  \" >\r\n                    <h2 class=\"heading\">\u00a1Conoce a les participantes!<\/h2>\r\n                    <h3 class=\"subheading\">El orden de los carteles tambi\u00e9n ser\u00e1 el orden de actuaci\u00f3n, \u00a1venid a animarles!<\/h3>              \r\n              <\/div>[vc_single_image image=&#8221;6084&#8243; img_size=&#8221;full&#8221; alignment=&#8221;center&#8221; title=&#8221;1- HarmonyX Showtime.&#8221;][vc_single_image image=&#8221;6075&#8243; img_size=&#8221;full&#8221; alignment=&#8221;center&#8221; title=&#8221;2- HarmonyX: AriAran&#8221;][vc_single_image image=&#8221;6076&#8243; img_size=&#8221;full&#8221; alignment=&#8221;center&#8221; title=&#8221;3- Ander&#8221;][vc_single_image image=&#8221;6077&#8243; img_size=&#8221;full&#8221; alignment=&#8221;center&#8221; title=&#8221;4- DOUBLE:B&#8221;][vc_single_image image=&#8221;6078&#8243; img_size=&#8221;full&#8221; alignment=&#8221;center&#8221; title=&#8221;5- REBEL$TARS&#8221;][vc_single_image image=&#8221;6079&#8243; img_size=&#8221;full&#8221; alignment=&#8221;center&#8221; title=&#8221;6- Kumiku&#8221;][vc_single_image image=&#8221;6080&#8243; img_size=&#8221;full&#8221; alignment=&#8221;center&#8221; title=&#8221;7- Rockstars&#8221;][vc_single_image image=&#8221;6081&#8243; img_size=&#8221;full&#8221; alignment=&#8221;center&#8221; title=&#8221;8- Yaras&#8221;][vc_single_image image=&#8221;6082&#8243; img_size=&#8221;full&#8221; alignment=&#8221;center&#8221; title=&#8221;9- Guilty&#8221;][vc_single_image image=&#8221;6085&#8243; img_size=&#8221;full&#8221; alignment=&#8221;center&#8221; title=&#8221;10- \u2606WonderTime\u2606&#8221;][vc_single_image image=&#8221;6083&#8243; img_size=&#8221;full&#8221; alignment=&#8221;center&#8221; title=&#8221;11- Starly&#8221;][vc_column_text]\n<h2 style=\"text-align: center;\">Normativa Idol Exhibition<\/h2>\n<p>&nbsp;<\/p>\n<ol style=\"text-align: justify;\">\n<li data-start=\"168\" data-end=\"202\">La edad m\u00ednima permitida es de 16 a\u00f1os. Se permiten participantes entre 12 y 15 a\u00f1os \u00fanicamente si van acompa\u00f1ados de un mayor de 16 a\u00f1os que participe junto a ellos o en su defecto acompa\u00f1ados de un tutor legal sin necesidad de participaci\u00f3n.<\/li>\n<li data-start=\"168\" data-end=\"202\">La participaci\u00f3n en la exhibici\u00f3n incluye entrada gratuita para el s\u00e1bado 21 de marzo.<\/li>\n<li>Apertura el 26 de enero a las 15:00 (formulario publicado al final de las bases y anunciado en @Japan_Weekend). Los grupos deben estar completos al inscribirse, no se aceptar\u00e1n modificaciones salvo causa mayor. No se puede inscribir una persona y luego buscar un grupo, no se permitir\u00e1n modificaciones en la inscripci\u00f3n exceptuando causas mayores. Plazas limitadas y 5 reservas adicionales.<\/li>\n<li>En el formulario deber\u00e1 incluirse un enlace p\u00fablico a una carpeta de Drive con las canciones y referencias solicitadas.Pod\u00e9is consultar la\u00a0<a href=\"https:\/\/forms.gle\/zqWFpGE83yh7QYVT9\">MUESTRA DEL FORMULARIO<\/a>\u00a0de inscripci\u00f3n para ver lo que pedimos. Las respuestas en este formulario no ser\u00e1n v\u00e1lidas.<\/li>\n<li>Las inscripciones pueden ser individuales o grupales (m\u00e1ximo de 9 personas). Un participante puede actuar hasta 3 veces por edici\u00f3n, con canciones y formaciones distintas. Se permiten colaboraciones entre grupos.<\/li>\n<li>M\u00e1ximo 10 inscripciones (ampliable a 15). Cada inscripci\u00f3n puede durar hasta 10 minutos.<\/li>\n<li>El tiempo de la exhibici\u00f3n total ser\u00e1 de dos horas aproximadamente a repartir entre todos los participantes. En funci\u00f3n al n\u00famero de peticiones, la organizaci\u00f3n se reserva el derecho de seleccionar las canciones propuestas por orden de inscripci\u00f3n, ya que si todos los participantes se apuntaran con el tope de tiempo no dar\u00eda tiempo a que todos los inscritos bailaran.<\/li>\n<li>\u00a0Una vez confirmada la plaza pediremos un cartel cuyos detalles se dar\u00e1n por e-mail.<\/li>\n<li>\u00a0Est\u00e1 permitido subir con cosplays de tem\u00e1tica idol (anime, videojuegos, idols reales&#8230;), as\u00ed como de otras series o juegos que aunque no sean tem\u00e1tica idol parte de su trama se centre en el mundo de la canci\u00f3n y el baile (Visual Prison, A3, BanG Dream!), canciones oficiales de VOCALOID y artistas japoneses que tengan est\u00e9tica idol (Kyary Pamyu Pamyu, Garnidelia&#8230;). Quedan permitidas las versiones propias cis-swap \/versiones masculinas o femeninas de cualquier personaje de la serie siempre y cuando la adaptaci\u00f3n sea fiel al traje que se quiere representar.<\/li>\n<li>\u00a0Se permitir\u00e1 la representaci\u00f3n de coreograf\u00edas no oficiales. Si los autores de la coreograf\u00eda proh\u00edben su uso en alg\u00fan apartado no podr\u00e1 usarse. Permitimos que un participante individual baile una coreograf\u00eda grupal siempre y cuando se centre en la parte de su personaje.<\/li>\n<li>Se debe representar obligatoriamente una coreograf\u00eda del personaje del que se haga cosplay. Al aceptar un m\u00e1ximo de tres coreograf\u00edas, no tienen por qu\u00e9 ser todas del mismo personaje ni tem\u00e1tica.<\/li>\n<li>Ejemplos:\n<ol style=\"text-align: justify;\">\n<li>Una persona se puede inscribir en individual con un personaje de Love Live y bailar una canci\u00f3n que cante su personaje y luego bailar con otro grupo inscrito de Vocaloid una canci\u00f3n con ellos, aunque, no coincida la tem\u00e1tica, siempre y cuando este grupo previamente ya hubiera bailado una canci\u00f3n de Vocaloid por su cuenta.<\/li>\n<li>Dos grupos de 3 personas que previamente ya han bailado una canci\u00f3n acorde a lo que van, bailan una canci\u00f3n de otra tem\u00e1tica juntos los 6.<\/li>\n<li>Un grupo de 3 personas que van de Aqours bailan el opening juntas, pero luego una de ellas baila una canci\u00f3n en solitario y luego otras dos del mismo grupo, una en pareja.<\/li>\n<li>\u00a0Grupo A baila dos canciones y una tercera con un componente del grupo B. El grupo B compuesto por 4 personas, baila una canci\u00f3n todos juntos, otra con el individual C y el componente que baila con el grupo A. El individual C baila un mix de 4 minutos sola y luego hace la colaboraci\u00f3n con el grupo B.<\/li>\n<\/ol>\n<\/li>\n<li>Al ser exhibici\u00f3n en esta edici\u00f3n, permitiremos la participaci\u00f3n de lo popularmente llamado &#8220;Kaigai Idols&#8221; o &#8220;Overseas Idols&#8221;, quedando en este caso exentos de llevar cosplay y representar a un personaje. S\u00ed ser\u00e1 obligatorio interpretar canciones de idols japoneses y llevar una indumentaria acorde. Se valorar\u00e1 esta excepci\u00f3n en funci\u00f3n a los perfiles que pediremos en la inscripci\u00f3n.<\/li>\n<li>\u00a0Quedan permitidos los remixes. El tiempo m\u00e1ximo permitido por inscripci\u00f3n es de 10 minutos (tiempo aproximado de tres canciones en total)<\/li>\n<li>Los cosplays\/trajes pueden ser comprados o hechos a mano. Podr\u00e1n participar cosplays y coreograf\u00edas previamente presentadas a cualquier concurso o exhibici\u00f3n.<\/li>\n<li>Est\u00e1 terminantemente prohibido manchar el escenario (incluyendo confeti aunque luego se pueda limpiar) y arrojar objetos al p\u00fablico. Las normas de seguridad ser\u00e1n las mismas que las de cualquier concurso de cosplay normal. Permitiremos la utilizaci\u00f3n de atrezzo siempre que el montaje no sea superior a 20 segundos y que sea subido y bajado por los propios participantes y sin ning\u00fan tipo de ayuda.<\/li>\n<li>Todas las im\u00e1genes tomadas durante Japan Weekend Idol Exhibition podr\u00e1n ser usadas por Japan Weekend sin ning\u00fan tipo de compensaci\u00f3n a los cosplayers o a los fot\u00f3grafos y\/o vide\u00f3grafos.<\/li>\n<li>\u00a0Crear cualquier tipo de altercado o falta de respeto contra otros participantes, contra la propia exhibici\u00f3n en el evento o en las redes sociales provocar\u00e1 la anulaci\u00f3n de la participaci\u00f3n e incluso la participaci\u00f3n en futuras exhibiciones y concursos relacionados.<\/li>\n<\/ol>\n<p style=\"text-align: justify;\">Si se tiene cualquier duda, contactar con: inscripciones<em>@japanweekend.com<\/em><\/p>\n[\/vc_column_text][\/vc_column][vc_column][vc_btn title=&#8221;Formulario de Inscripci\u00f3n &#8211; Idol Exhibition&#8221; color=&#8221;turquoise&#8221; align=&#8221;center&#8221; link=&#8221;url:https%3A%2F%2Fforms.gle%2FdxJqz3FRTRQM5L9i9&#8243;][\/vc_column][vc_column][\/vc_column][\/vc_row][vc_row][vc_column][\/vc_column][\/vc_row]\n","protected":false},"excerpt":{"rendered":"<p>[vc_row][vc_column][vc_single_image image=&#8221;6084&#8243; img_size=&#8221;full&#8221; alignment=&#8221;center&#8221; title=&#8221;1- HarmonyX Showtime.&#8221;][vc_single_image image=&#8221;6075&#8243; img_size=&#8221;full&#8221; alignment=&#8221;center&#8221; title=&#8221;2- HarmonyX: AriAran&#8221;][vc_single_image image=&#8221;6076&#8243; img_size=&#8221;full&#8221; alignment=&#8221;center&#8221; title=&#8221;3- Ander&#8221;][vc_single_image image=&#8221;6077&#8243; img_size=&#8221;full&#8221; alignment=&#8221;center&#8221; title=&#8221;4- DOUBLE:B&#8221;][vc_single_image image=&#8221;6078&#8243; img_size=&#8221;full&#8221; alignment=&#8221;center&#8221; title=&#8221;5- REBEL$TARS&#8221;][vc_single_image image=&#8221;6079&#8243; img_size=&#8221;full&#8221; alignment=&#8221;center&#8221; title=&#8221;6- Kumiku&#8221;][vc_single_image image=&#8221;6080&#8243; img_size=&#8221;full&#8221; alignment=&#8221;center&#8221; title=&#8221;7- Rockstars&#8221;][vc_single_image image=&#8221;6081&#8243; img_size=&#8221;full&#8221; alignment=&#8221;center&#8221; title=&#8221;8- Yaras&#8221;][vc_single_image image=&#8221;6082&#8243; img_size=&#8221;full&#8221; alignment=&#8221;center&#8221; title=&#8221;9- Guilty&#8221;][vc_single_image image=&#8221;6085&#8243; img_size=&#8221;full&#8221; alignment=&#8221;center&#8221; title=&#8221;10- \u2606WonderTime\u2606&#8221;][vc_single_image image=&#8221;6083&#8243; img_size=&#8221;full&#8221; [&hellip;]<\/p>\n","protected":false},"author":1,"featured_media":0,"parent":0,"menu_order":0,"comment_status":"closed","ping_status":"closed","template":"","meta":[],"_links":{"self":[{"href":"https:\/\/www.japanweekend.com\/bilbao\/wp-json\/wp\/v2\/pages\/4576"}],"collection":[{"href":"https:\/\/www.japanweekend.com\/bilbao\/wp-json\/wp\/v2\/pages"}],"about":[{"href":"https:\/\/www.japanweekend.com\/bilbao\/wp-json\/wp\/v2\/types\/page"}],"author":[{"embeddable":true,"href":"https:\/\/www.japanweekend.com\/bilbao\/wp-json\/wp\/v2\/users\/1"}],"replies":[{"embeddable":true,"href":"https:\/\/www.japanweekend.com\/bilbao\/wp-json\/wp\/v2\/comments?post=4576"}],"version-history":[{"count":31,"href":"https:\/\/www.japanweekend.com\/bilbao\/wp-json\/wp\/v2\/pages\/4576\/revisions"}],"predecessor-version":[{"id":6089,"href":"https:\/\/www.japanweekend.com\/bilbao\/wp-json\/wp\/v2\/pages\/4576\/revisions\/6089"}],"wp:attachment":[{"href":"https:\/\/www.japanweekend.com\/bilbao\/wp-json\/wp\/v2\/media?parent=4576"}],"curies":[{"name":"wp","href":"https:\/\/api.w.org\/{rel}","templated":true}]}}