{"id":5600,"date":"2025-03-04T13:03:09","date_gmt":"2025-03-04T13:03:09","guid":{"rendered":"https:\/\/www.japanweekend.com\/barcelona\/?page_id=5600"},"modified":"2026-04-07T09:43:39","modified_gmt":"2026-04-07T09:43:39","slug":"zona-18-arte","status":"publish","type":"page","link":"https:\/\/www.japanweekend.com\/barcelona\/zona-18-arte\/","title":{"rendered":"Zona +18"},"content":{"rendered":"[vc_row][vc_column][vc_single_image image=&#8221;5611&#8243; img_size=&#8221;large&#8221; alignment=&#8221;center&#8221;][vc_column_text]\n<h1 style=\"text-align: center;\"><strong>\u00a1NO TE PIERDAS NUESTRA ZONA +18!<\/strong><\/h1>\n<h5 style=\"text-align: center;\"><span style=\"color: #800080;\">No se permitir\u00e1 la entrada a menores de 18 a\u00f1os. <\/span><\/h5>\n<h5 style=\"text-align: center;\"><span style=\"color: #800080;\">Imprescindible documentaci\u00f3n oficial para acceder al interior de la zona.<\/span><\/h5>\n[\/vc_column_text][vc_column_text]\n<h2 style=\"text-align: center;\"><span style=\"color: #993366;\">ARTESANOS\u00a0<\/span><\/h2>\n[\/vc_column_text][vc_single_image image=&#8221;6925&#8243; img_size=&#8221;full&#8221; alignment=&#8221;center&#8221;][vc_column_text]\n<h2 style=\"text-align: center;\"><span style=\"color: #993366;\">ILUSTRADORES Y DISE\u00d1ADORES 3D\u00a0<\/span><\/h2>\n[\/vc_column_text][vc_single_image image=&#8221;6924&#8243; img_size=&#8221;full&#8221; alignment=&#8221;center&#8221;][\/vc_column][\/vc_row][vc_row][vc_column][vc_single_image image=&#8221;6927&#8243; img_size=&#8221;full&#8221; alignment=&#8221;center&#8221;][\/vc_column][\/vc_row]\n","protected":false},"excerpt":{"rendered":"<p>[vc_row][vc_column][vc_single_image image=&#8221;5611&#8243; img_size=&#8221;large&#8221; alignment=&#8221;center&#8221;][vc_column_text] \u00a1NO TE PIERDAS NUESTRA ZONA +18! No se permitir\u00e1 la entrada a menores de 18 a\u00f1os. Imprescindible documentaci\u00f3n oficial para acceder al interior de la zona. [\/vc_column_text][vc_column_text] ARTESANOS\u00a0 [\/vc_column_text][vc_single_image image=&#8221;6925&#8243; img_size=&#8221;full&#8221; alignment=&#8221;center&#8221;][vc_column_text] ILUSTRADORES Y DISE\u00d1ADORES 3D\u00a0 [\/vc_column_text][vc_single_image image=&#8221;6924&#8243; img_size=&#8221;full&#8221; alignment=&#8221;center&#8221;][\/vc_column][\/vc_row][vc_row][vc_column][vc_single_image image=&#8221;6927&#8243; img_size=&#8221;full&#8221; alignment=&#8221;center&#8221;][\/vc_column][\/vc_row]<\/p>\n","protected":false},"author":1,"featured_media":0,"parent":0,"menu_order":0,"comment_status":"closed","ping_status":"closed","template":"","meta":[],"_links":{"self":[{"href":"https:\/\/www.japanweekend.com\/barcelona\/wp-json\/wp\/v2\/pages\/5600"}],"collection":[{"href":"https:\/\/www.japanweekend.com\/barcelona\/wp-json\/wp\/v2\/pages"}],"about":[{"href":"https:\/\/www.japanweekend.com\/barcelona\/wp-json\/wp\/v2\/types\/page"}],"author":[{"embeddable":true,"href":"https:\/\/www.japanweekend.com\/barcelona\/wp-json\/wp\/v2\/users\/1"}],"replies":[{"embeddable":true,"href":"https:\/\/www.japanweekend.com\/barcelona\/wp-json\/wp\/v2\/comments?post=5600"}],"version-history":[{"count":6,"href":"https:\/\/www.japanweekend.com\/barcelona\/wp-json\/wp\/v2\/pages\/5600\/revisions"}],"predecessor-version":[{"id":6928,"href":"https:\/\/www.japanweekend.com\/barcelona\/wp-json\/wp\/v2\/pages\/5600\/revisions\/6928"}],"wp:attachment":[{"href":"https:\/\/www.japanweekend.com\/barcelona\/wp-json\/wp\/v2\/media?parent=5600"}],"curies":[{"name":"wp","href":"https:\/\/api.w.org\/{rel}","templated":true}]}}