{"id":4760,"date":"2024-02-01T10:49:30","date_gmt":"2024-02-01T10:49:30","guid":{"rendered":"https:\/\/www.japanweekend.com\/barcelona\/?page_id=4760"},"modified":"2025-01-14T10:37:44","modified_gmt":"2025-01-14T10:37:44","slug":"cover-fest","status":"publish","type":"page","link":"https:\/\/www.japanweekend.com\/barcelona\/cover-fest\/","title":{"rendered":"Cover Fest"},"content":{"rendered":"[vc_row][vc_column][vc_column_text]\n<h2 style=\"text-align: center;\">COVER FEST<\/h2>\n<h4 style=\"text-align: center;\">Vice2dance<\/h4>\n<ol>\n<li style=\"text-align: justify;\">Entre 20 y 24 actuaciones ser\u00e1n elegidas para la Exhibici\u00f3n CoverFest que tendr\u00e1 lugar el s\u00e1bado 15 de Marzo en la Japan Weekend de Barcelona.<\/li>\n<li style=\"text-align: justify;\">Se aceptan covers y coreograf\u00edas originales de Kpop, Jpop, Cpop, Tpop o coreograf\u00edas de Parapara, etc Importante: (Enviad link de Youtube del original).\n<ul>\n<li>\u00a0Canciones de origen ASI\u00c1TICO con coreograf\u00edas originales por propios integrantes del grupo candidato o creadas por academias\/profesores no coreanos.<\/li>\n<li>Coreograf\u00edas de programas de entretenimiento como SWF<\/li>\n<li>Coreograf\u00edas creadas por academias, dance teams o coreograf@s ASIATIC@S (1Million, LaChica, Aiki etc)<\/li>\n<li>\u00a0Que hayan sido ejecutadas o presentadas por grupos de kpop<\/li>\n<li>Canciones de videojuegos que sean parte de la discograf\u00eda de un grupo o<br \/>\nque hayan sido presentadas por alg\u00fan grupo determinado de Kpop, Jpop etc. ( Ej.:K\/DA, NWJNS, LE SSERAFIM)<\/li>\n<\/ul>\n<\/li>\n<li style=\"text-align: justify;\">Habr\u00e1 una preselecci\u00f3n para poder escoger las mejores actuaciones que participaran en el COVER FEST:\n<ul>\n<li>Es necesario que envi\u00e9is el LINK de un v\u00eddeo alojado en Youtube en modo oculto. (No ser\u00e1n v\u00e1lidos los &#8220;Shorts&#8221;) con vuestra actuaci\u00f3n, de no menos de 30 segundos para tener una referencia de vuestro trabajo<\/li>\n<li>Para Mixes o actuaciones con intro, se deber\u00e1 enviar un v\u00eddeo que contenga 30s por canci\u00f3n diferente usada. (Ejemplo 1, Mix de 3 canciones, el v\u00eddeo enviado debe durar al menos 1 minuto y 30 segundos, con 30s de baile por cada parte del mix. Ejemplo 2, Intro + canci\u00f3n , el v\u00eddeo enviado deber\u00e1 ser de al menos 1 minuto, donde se vean 30s de intro + 30 de canci\u00f3n)<\/li>\n<li>El tiempo empezar\u00e1 a contar cuando se empieza a bailar, no ser\u00e1 v\u00e1lido un v\u00eddeo con 30 segundos donde el bailar\u00edn est\u00e9 parado 10 segundos y baile 20.<\/li>\n<li>En el v\u00eddeo enviado debe aparecer el conjunto total de participantes que van a bailar. No ser\u00e1n v\u00e1lidas las inscripciones con distinto n\u00famero de participantes al mostrado en el v\u00eddeo.<\/li>\n<li>El v\u00eddeo debe tener un m\u00ednimo de resoluci\u00f3n 720p (HD) o 1080p (FHD), bien enfocado, con buena iluminaci\u00f3n y buen encuadre, es decir, que se vean todos los bailarines de cuerpo entero. La c\u00e1mara ha de estar fija en el centro para que se puedan apreciar a todos los participantes en todo momento, sin cambios de \u00e1ngulo(1).<\/li>\n<\/ul>\n<\/li>\n<li style=\"text-align: justify;\">En caso de haber 2 o m\u00e1s participantes con la misma actuaci\u00f3n, se decidir\u00e1 el que mejor est\u00e9 ejecutado y posiblemente donde se vea el vestuario final.<\/li>\n<li style=\"text-align: justify;\">La inscripci\u00f3n se har\u00e1 v\u00eda email al siguiente correo: vice2dance@gmail.com detallando los siguientes datos:(2)\n<ol>\n<li>Numero de contacto y nombre de responsable de grupo<\/li>\n<li>Nombre del Grupo\/ Solista:<\/li>\n<li>N\u00famero de integrantes:<\/li>\n<li>\u00a0Nombres y apellidos: el nombre no tiene que coincidir con el DNI mientras que los apellidos y el n\u00famero s\u00ed.<\/li>\n<li>Instagram del grupo o solista<\/li>\n<li>Nombre de la canci\u00f3n\/ Mix:<\/li>\n<li>Links de los v\u00eddeos (Youtube) vuestro, y del original:<\/li>\n<li>Concepto y descripci\u00f3n del vestuario:<\/li>\n<li>Audio en formato Mp3, y Logo en alta calidad (preferiblemente vectorizado) con fondo transparente y en formato PNG (como archivo adjunto al mail)<\/li>\n<\/ol>\n<\/li>\n<li style=\"text-align: justify;\">\u00a0La fecha final de env\u00edo de las inscripciones ser\u00e1 el s\u00e1bado 22 de Febrero a las 22:00, y el listado de los finalistas se har\u00e1 p\u00fablico antes del 2 de Marzo.\n<ul>\n<li>En el Instagram de @Vicetodance se ir\u00e1 informando del momento exacto<\/li>\n<li>\u00a0La organizaci\u00f3n se pondr\u00e1 en contacto por mail con los grupos que hayan pasado adem\u00e1s de enviar un link para un grupo en telegram de acceso restringido a los l\u00edderes\/responsables de cada grupo<\/li>\n<\/ul>\n<\/li>\n<li style=\"text-align: justify;\">\u00a0La duraci\u00f3n de las canciones o mixes tendr\u00e1 un l\u00edmite de 4 minutos tanto para grupos como para solistas. El l\u00edmite m\u00e1ximo para grupos ser\u00e1 de 15 personas.<\/li>\n<li style=\"text-align: justify;\">En caso de que alg\u00fan participante (grupo\/solista) quiera cambiar de canci\u00f3n, o sustituir alg\u00fan miembro, tendr\u00e1 que ser enviado de nuevo un v\u00eddeo antes de la fecha final de env\u00edo (22\/02\/25).\n<ul>\n<li>Pasada esa fecha no podr\u00e1 haber ning\u00fan tipo de cambio, a excepci\u00f3n del vestuario.<\/li>\n<li>Por enfermedad, o motivos de fuerza mayor, se dar\u00e1 la opci\u00f3n de sustituir o bailar sin las personas afectadas.<\/li>\n<li>Se ha de avisar a la organizaci\u00f3n estas incidencias, a trav\u00e9s del mail de inscripci\u00f3n<\/li>\n<li>El incumplimiento de este punto podr\u00eda dar lugar a una descalificaci\u00f3n para futuras ediciones<\/li>\n<\/ul>\n<\/li>\n<li style=\"text-align: justify;\">Solo se permite una participaci\u00f3n por persona, independientemente de grupo o solista, as\u00ed aseguramos dar la oportunidad al m\u00e1ximo n\u00famero de participantes posible.<\/li>\n<li style=\"text-align: justify;\">En el caso de que la participaci\u00f3n sea colaboraci\u00f3n como Backdancer, contar\u00e1 ya como una actuaci\u00f3n completa, est\u00e9 el tiempo que est\u00e9 en el escenario.<\/li>\n<li style=\"text-align: justify;\">Las actuaciones deber\u00e1n ser novedad en este evento, es decir, que sea la primera vez que se revelen en p\u00fablico o por redes sociales.\n<ul>\n<li>Quedan exentos de esta norma &#8220;challenges&#8221; cortos\/shorts y covers grupales en las que haya habido un \u00fanico miembro del grupo que la haya mostrado p\u00fablicamente\/redes<\/li>\n<li>En el caso de ser seleccionados y que se detectara que fuera repetici\u00f3n, o haya sido previamente presentada en redes, quedar\u00edan descalificados todos sus componentes, inclusive el mismo d\u00eda del evento.<\/li>\n<\/ul>\n<\/li>\n<li style=\"text-align: justify;\">Para todos los bailarines que queden clasificados para la CoverFest, se les facilitar\u00e1 una entrada al precio reducido de 6 euros.\n<ul>\n<li>El mismo d\u00eda, antes de la apertura de puertas, se anunciar\u00e1 por Instagram el lugar y hora en que se har\u00e1 la venta.<\/li>\n<li>Para poder adquirir una entrada, se deber\u00e1 pagar en efectivo, mostrando documento de identidad (o pasaporte) para acreditar el nombre de la persona.(Importante que los apellidos de la persona que se inscribe, aparezcan en dicho documento).<\/li>\n<li>En el caso de que alguna persona no pueda estar presente en el momento de la venta, se permite que alguien autorizado la pueda comprar en su nombre, pero deber\u00e1 mostrar una fotograf\u00eda en su m\u00f3vil del documento de identidad (a color, y en buena resoluci\u00f3n) del afectado.<\/li>\n<li>No ser\u00e1 posible dar entradas a este precio a familiares (salvo excepci\u00f3n por parte de la organizaci\u00f3n) fot\u00f3grafos, maquilladores, etc, tan solo a los grupos y solistas que est\u00e9n anunciados en el cartel.(3)<\/li>\n<\/ul>\n<\/li>\n<li style=\"text-align: justify;\">\u00a0Los participantes aceptan ceder a la organizaci\u00f3n de Japan Weekend y a ViceToDance los derechos de imagen para la filmaci\u00f3n y difusi\u00f3n de la actuaci\u00f3n dentro de la web y las redes sociales, as\u00ed como en cualquier otro medio escrito y\/o digital que se requiera por ambas partes, sin compensaci\u00f3n econ\u00f3mica alguna a los participantes.<\/li>\n<li style=\"text-align: justify;\">ViceToDance no est\u00e1 obligado a grabar o transmitir cualquier parte de la exhibici\u00f3n, en el que los participantes y\/o finalistas hayan aparecido, o en cualquier parte de su contribuci\u00f3n al evento.<\/li>\n<li style=\"text-align: justify;\">Queda prohibida la utilizaci\u00f3n de l\u00edquidos ,confeti, p\u00e9talos, polvos de talco u otros materiales que ensucien o manchen el escenario.<\/li>\n<li style=\"text-align: justify;\">Queda prohibida cualquier manifestaci\u00f3n ofensiva, pol\u00edtica, de mal gusto o de car\u00e1cter pornogr\u00e1fico que pueda da\u00f1ar la sensibilidad de los asistentes. En el caso de detectarse dicho hecho, la actuaci\u00f3n ser\u00e1 interrumpida sin previo aviso y se proceder\u00e1 a su descalificaci\u00f3n.<\/li>\n<li style=\"text-align: justify;\">La autorizaci\u00f3n para la participaci\u00f3n de menores a un concurso NO ser\u00e1 necesaria para la CoverFest, ya que se trata de un espect\u00e1culo sin ganadores ni premios.<\/li>\n<li style=\"text-align: justify;\">\u00a0La organizaci\u00f3n de este evento se reserva el derecho de cambiar o agregar nuevas normas seg\u00fan vea necesario para el correcto funcionamiento de la exhibici\u00f3n.<\/li>\n<\/ol>\n[\/vc_column_text][\/vc_column][\/vc_row]\n","protected":false},"excerpt":{"rendered":"<p>[vc_row][vc_column][vc_column_text] COVER FEST Vice2dance Entre 20 y 24 actuaciones ser\u00e1n elegidas para la Exhibici\u00f3n CoverFest que tendr\u00e1 lugar el s\u00e1bado 15 de Marzo en la Japan Weekend de Barcelona. Se aceptan covers y coreograf\u00edas originales de Kpop, Jpop, Cpop, Tpop o coreograf\u00edas de Parapara, etc Importante: (Enviad link de Youtube del original). \u00a0Canciones de origen [&hellip;]<\/p>\n","protected":false},"author":1,"featured_media":0,"parent":0,"menu_order":0,"comment_status":"closed","ping_status":"closed","template":"","meta":[],"_links":{"self":[{"href":"https:\/\/www.japanweekend.com\/barcelona\/wp-json\/wp\/v2\/pages\/4760"}],"collection":[{"href":"https:\/\/www.japanweekend.com\/barcelona\/wp-json\/wp\/v2\/pages"}],"about":[{"href":"https:\/\/www.japanweekend.com\/barcelona\/wp-json\/wp\/v2\/types\/page"}],"author":[{"embeddable":true,"href":"https:\/\/www.japanweekend.com\/barcelona\/wp-json\/wp\/v2\/users\/1"}],"replies":[{"embeddable":true,"href":"https:\/\/www.japanweekend.com\/barcelona\/wp-json\/wp\/v2\/comments?post=4760"}],"version-history":[{"count":7,"href":"https:\/\/www.japanweekend.com\/barcelona\/wp-json\/wp\/v2\/pages\/4760\/revisions"}],"predecessor-version":[{"id":5512,"href":"https:\/\/www.japanweekend.com\/barcelona\/wp-json\/wp\/v2\/pages\/4760\/revisions\/5512"}],"wp:attachment":[{"href":"https:\/\/www.japanweekend.com\/barcelona\/wp-json\/wp\/v2\/media?parent=4760"}],"curies":[{"name":"wp","href":"https:\/\/api.w.org\/{rel}","templated":true}]}}