{"id":4432,"date":"2023-03-02T10:57:24","date_gmt":"2023-03-02T10:57:24","guid":{"rendered":"https:\/\/www.japanweekend.com\/barcelona\/?page_id=4432"},"modified":"2026-04-08T15:34:00","modified_gmt":"2026-04-08T15:34:00","slug":"cosplay-junior","status":"publish","type":"page","link":"https:\/\/www.japanweekend.com\/barcelona\/cosplay-junior\/","title":{"rendered":"Concurso de cosplay Junior"},"content":{"rendered":"[vc_row][vc_column][vc_column_text]\n<h2 style=\"text-align: center;\"><b>Bases de participaci\u00f3n<\/b><\/h2>\n<p>&nbsp;<\/p>\n<ol>\n<li style=\"font-weight: 400; text-align: justify;\" aria-level=\"1\"><span style=\"font-weight: 400;\">El\u00a0 concurso se celebrar\u00e1 el s\u00e1bado 11 de abril a las 12:00 en el &#8220;Escenario de actividades&#8221;.<\/span><\/li>\n<li style=\"font-weight: 400; text-align: justify;\" aria-level=\"1\"><span style=\"font-weight: 400;\">La <\/span><b>inscripci\u00f3n<\/b><span style=\"font-weight: 400;\"> ser\u00e1 presencial hasta 15 minutos antes del concurso en la mesa de al lado del mismo escenario. Habr\u00e1 que presentar un documento de identidad en el que se vea la edad del participante.<\/span><\/li>\n<li style=\"font-weight: 400; text-align: justify;\" aria-level=\"1\"><span style=\"font-weight: 400;\">Los menores de 7 a\u00f1os no pagan entrada. Recuerda llevar un documento que lo acredite.<\/span><\/li>\n<li style=\"font-weight: 400; text-align: justify;\" aria-level=\"1\"><span style=\"font-weight: 400;\">Podr\u00e1n participar ni\u00f1os y ni\u00f1as menores de 16 a\u00f1os. Los participantes de 16 a\u00f1os o m\u00e1s deber\u00e1n participar en Japan Weekend Idol Festival o en el Concurso de Cosplay de la tarde (inscripciones abiertas).\u00a0<\/span><\/li>\n<li style=\"font-weight: 400; text-align: justify;\" aria-level=\"1\"><span style=\"font-weight: 400;\">La participaci\u00f3n podr\u00e1 ser tanto de forma individual como en grupo. En caso de ser grupo ocupar\u00e1n todos los integrantes una \u00fanica plaza. Cada grupo podr\u00e1 tener un m\u00e1ximo de 9 integrantes.<\/span><\/li>\n<li style=\"font-weight: 400; text-align: justify;\" aria-level=\"1\"><span style=\"font-weight: 400;\">El concurso tendr\u00e1 un total de 20 plazas.<\/span><\/li>\n<li style=\"font-weight: 400; text-align: justify;\" aria-level=\"1\"><span style=\"font-weight: 400;\">Los participantes podr\u00e1n preparar una actuaci\u00f3n para representar al personaje. Esta actuaci\u00f3n no puede exceder del tiempo l\u00edmite (2 minutos) y se les har\u00e1 alguna pregunta sobre su disfraz, en caso de no querer actuar los participantes pueden subir al escenario y desfilar. Si se desea puede ser acompa\u00f1ado de sus padres, hermanos o tutores legales.<\/span><\/li>\n<li style=\"font-weight: 400; text-align: justify;\" aria-level=\"1\"><span style=\"font-weight: 400;\">La tem\u00e1tica del concurso es libre: personajes c\u00f3mic japon\u00e9s, c\u00f3mic americano, pel\u00edculas, videojuegos, series de dibujos animados, personajes de literatura, etc. En el caso de participar en grupo pediremos que todos los integrantes lleven disfraces de la misma tem\u00e1tica (por ejemplo, todos disfrazados de personajes de Hora de Aventuras).<\/span><\/li>\n<li style=\"font-weight: 400; text-align: justify;\" aria-level=\"1\"><span style=\"font-weight: 400;\">Los concursantes podr\u00e1n participar con tanto con trajes elaborados a mano (ya sea por uno mismo o con ayuda) como comprados. No obstante, el jurado valorar\u00e1 positivamente que el participante haya elaborado su disfraz, ya sea todo o en parte.<\/span><\/li>\n<li style=\"font-weight: 400; text-align: justify;\" aria-level=\"1\"><span style=\"font-weight: 400;\">En caso de querer acompa\u00f1ar la actuaci\u00f3n de audio, rogamos que nos lo entreguen el mismo d\u00eda de concurso en formato .mp3, o .mp4 si desean proyectar un video. Aceptaremos \u00fanicamente USBs.<\/span><span style=\"font-weight: 400;\"><br \/>\n<\/span><\/li>\n<li style=\"font-weight: 400; text-align: justify;\" aria-level=\"1\"><span style=\"font-weight: 400;\">Las <\/span><b>inscripciones<\/b><span style=\"font-weight: 400;\"> se realizar\u00e1n in situ el domingo hasta media hora antes del concurso en el escenario principal. Ser\u00e1 necesario aportar un documento de identidad que acredite la edad del participante.<\/span><\/li>\n<li style=\"font-weight: 400; text-align: justify;\" aria-level=\"1\"><span style=\"font-weight: 400;\">Japan Weekend se reserva el derecho de utilizar las fotograf\u00edas tomadas durante el concurso sin ning\u00fan tipo de compensaci\u00f3n a los participantes.<\/span><\/li>\n<\/ol>\n<h3>JURADO<\/h3>\n<p>El jurado se anunciar\u00e1 pr\u00f3ximamente<\/p>\n<h3>PREMIOS<\/h3>\n<ul>\n<li><span style=\"font-weight: 400;\">Mejor Cosplay Infantil (0-6): Juguete cortes\u00eda de Famosa<\/span><\/li>\n<li><span style=\"font-weight: 400;\">Mejor Cosplay Junior (7-11): Juguete cortes\u00eda de Famosa<\/span><\/li>\n<li><span style=\"font-weight: 400;\">Mejor Cosplay Juvenil (12-15): Juguete cortes\u00eda de Famosa<\/span><\/li>\n<li>Mejor Cosplay en Familia: <span style=\"font-weight: 400;\">Juguetes cortes\u00eda de Famosa<\/span><\/li>\n<\/ul>\n<p><b>*<\/b><span style=\"font-weight: 400;\"> Si no hubiese un m\u00ednimo de 4 participantes de un rango de edad, ese premio no se entregar\u00eda.\u00a0<\/span>[\/vc_column_text]    <div class=\"vcx-sponsored-wrapper sponsors-area sponsors-area-default sponsors-area-nogap  sponsors-area-noshadow  vcx-spwrap-item3 sponsor-anim-default \">\r\n\r\n        <div class=\"vcx-sponsored-title\"><h3 class=\"sponsored-heading first-heading\" style=\"color:#554bb9;\">Concurso patrocinado por<\/h3><\/div>\r\n        <div class=\"sponsors-area\">\r\n                <div class=\"single single-default lgx-item3\">\r\n                    <a class=\"Concurso patrocinado por\" href=\"https:\/\/forsuperfans.es\" target=\"_blank\" ><img src=\"https:\/\/www.japanweekend.com\/barcelona\/wp-content\/uploads\/sites\/5\/2026\/04\/hello-kitty-for-super-fans-4sf-1-2.png\" alt=\"Sponsor\"\/><\/a>\r\n                <\/div> <!--\/\/single-->\r\n\r\n            <\/div>    <\/div>\r\n    [\/vc_column][\/vc_row]\n","protected":false},"excerpt":{"rendered":"<p>[vc_row][vc_column][vc_column_text] Bases de participaci\u00f3n &nbsp; El\u00a0 concurso se celebrar\u00e1 el s\u00e1bado 11 de abril a las 12:00 en el &#8220;Escenario de actividades&#8221;. La inscripci\u00f3n ser\u00e1 presencial hasta 15 minutos antes del concurso en la mesa de al lado del mismo escenario. Habr\u00e1 que presentar un documento de identidad en el que se vea la edad [&hellip;]<\/p>\n","protected":false},"author":1,"featured_media":0,"parent":0,"menu_order":0,"comment_status":"closed","ping_status":"closed","template":"","meta":[],"_links":{"self":[{"href":"https:\/\/www.japanweekend.com\/barcelona\/wp-json\/wp\/v2\/pages\/4432"}],"collection":[{"href":"https:\/\/www.japanweekend.com\/barcelona\/wp-json\/wp\/v2\/pages"}],"about":[{"href":"https:\/\/www.japanweekend.com\/barcelona\/wp-json\/wp\/v2\/types\/page"}],"author":[{"embeddable":true,"href":"https:\/\/www.japanweekend.com\/barcelona\/wp-json\/wp\/v2\/users\/1"}],"replies":[{"embeddable":true,"href":"https:\/\/www.japanweekend.com\/barcelona\/wp-json\/wp\/v2\/comments?post=4432"}],"version-history":[{"count":23,"href":"https:\/\/www.japanweekend.com\/barcelona\/wp-json\/wp\/v2\/pages\/4432\/revisions"}],"predecessor-version":[{"id":6985,"href":"https:\/\/www.japanweekend.com\/barcelona\/wp-json\/wp\/v2\/pages\/4432\/revisions\/6985"}],"wp:attachment":[{"href":"https:\/\/www.japanweekend.com\/barcelona\/wp-json\/wp\/v2\/media?parent=4432"}],"curies":[{"name":"wp","href":"https:\/\/api.w.org\/{rel}","templated":true}]}}