{"id":4297,"date":"2022-12-19T09:11:58","date_gmt":"2022-12-19T09:11:58","guid":{"rendered":"https:\/\/www.japanweekend.com\/barcelona\/?page_id=4297"},"modified":"2025-11-14T09:55:04","modified_gmt":"2025-11-14T09:55:04","slug":"retroweekend","status":"publish","type":"page","link":"https:\/\/www.japanweekend.com\/barcelona\/retroweekend\/","title":{"rendered":"Retroweekend"},"content":{"rendered":"[vc_row][vc_column][vc_column_text]\n<div class=\"wpb_wrapper\">\n<div class=\"wpb_text_column wpb_content_element \">\n<h2 style=\"text-align: center;\"><strong>NORMATIVA RETROWEEKEND<\/strong><\/h2>\n<p>&nbsp;<\/p>\n<h4>\u00bfQU\u00c9 HE DE SABER SOBRE RETRO WEEKEND?<\/h4>\n<p>Retro Weekend es la zona de Japan Weekend dedicada a los videojuegos cl\u00e1sicos, y no tan cl\u00e1sicos, tanto en consolas de &#8220;andar por casa&#8221; como recreativas. Es un espacio en donde los aficionados a los videojuegos y consolas podr\u00e1n encontrar material descatalogado o dif\u00edcil de conseguir, recreativas con partidas libres, exposiciones relacionadas con los videojuegos o actividades para todos los p\u00fablicos con las que disfrutar de este tipo de cultura, cada vez m\u00e1s de moda.<\/p>\n<p>Los Stands de Retro Weekend son espacios de exposici\u00f3n dedicados a la promoci\u00f3n y venta del material relacionado con los videojuegos (consolas, perif\u00e9ricos y videojuegos) y de respaldo a las entidades no lucrativas relacionadas con la tem\u00e1tica (asociaciones, comunidades de amigos\u2026).<\/p>\n<h4>\u00bfC\u00d3MO FUNCIONA EL PROCESO DE SOLICITUD DE STAND?<\/h4>\n<p>Los responsables de stand deben rellenar el formulario con su solicitud que viene a continuaci\u00f3n, rellenando todos los datos requeridos y con los comentarios oportunos. Pasados unos d\u00edas desde la apertura de solicitudes comenzaremos a contestar, indicando la APROBACI\u00d3N o CANCELACI\u00d3N del stand, y posteriormente se os enviar\u00e1n los datos bancarios para hacer el ingreso correspondiente junto con el contrato como stand de Retro Weekend. En caso de que se agoten las plazas, cerraremos el acceso al formulario.<\/p>\n<p>La selecci\u00f3n de stands se hace en funci\u00f3n de los criterios de orden de solicitud, adecuaci\u00f3n del stand y cumplimiento de la normativa en anteriores ediciones de Japan Weekend.<\/p>\n<h4>\u00bfQU\u00c9 HEMOS DE ESPERAR A PARTIR DE ENTONCES?<\/h4>\n<div>\n<p>Aparte de respetar los horarios de montaje\/desmontaje que indiquemos en el correo de confirmaci\u00f3n, por motivos de seguridad e higiene no vais a poder contar con ayuda de personas extra no acreditadas para el evento, \u00fanicamente aquellas que vayan a estar en el stand durante la celebraci\u00f3n del mismo, que tengan acreditaci\u00f3n.<\/p>\n<p>&nbsp;<\/p>\n<\/div>\n<h4>\u00bfNO PED\u00cdS NADA M\u00c1S?<\/h4>\n<div>\n<p>S\u00ed, que os impliqu\u00e9is un poco con el evento, decorando vuestro stand lo mejor posible y manteni\u00e9ndolo abierto mientras dure la convenci\u00f3n. Para nosotros la Zona Retro es muy importante y queremos que lo siga siendo, ofreci\u00e9ndoos espacios para que pod\u00e1is desarrollar actividades y, de paso, daros a conocer un poco m\u00e1s.<\/p>\n<p>Eso, y que cumpl\u00e1is la normativa. Confiamos en vosotros, pero tomaremos medidas para confirmar que tra\u00e9is el material correcto.<\/p>\n<\/div>\n<\/div>\n<\/div>\n<div><\/div>\n<div><\/div>\n<div>Para cualquier duda, pod\u00e9is contactar por escrito en retroweekend.com@gmail.com<\/div>\n[\/vc_column_text][\/vc_column][\/vc_row][vc_row][vc_column][vc_btn title=&#8221;Formulario de pre-inscripci\u00f3n en RetroWeekend Barcelona&#8221; color=&#8221;primary&#8221; align=&#8221;center&#8221; link=&#8221;url:https%3A%2F%2Fforms.gle%2FRndaJYjJSgtZVpUw5&#8243;][\/vc_column][\/vc_row]\n","protected":false},"excerpt":{"rendered":"<p>[vc_row][vc_column][vc_column_text] NORMATIVA RETROWEEKEND &nbsp; \u00bfQU\u00c9 HE DE SABER SOBRE RETRO WEEKEND? Retro Weekend es la zona de Japan Weekend dedicada a los videojuegos cl\u00e1sicos, y no tan cl\u00e1sicos, tanto en consolas de &#8220;andar por casa&#8221; como recreativas. Es un espacio en donde los aficionados a los videojuegos y consolas podr\u00e1n encontrar material descatalogado o dif\u00edcil [&hellip;]<\/p>\n","protected":false},"author":1,"featured_media":0,"parent":0,"menu_order":0,"comment_status":"closed","ping_status":"closed","template":"","meta":[],"_links":{"self":[{"href":"https:\/\/www.japanweekend.com\/barcelona\/wp-json\/wp\/v2\/pages\/4297"}],"collection":[{"href":"https:\/\/www.japanweekend.com\/barcelona\/wp-json\/wp\/v2\/pages"}],"about":[{"href":"https:\/\/www.japanweekend.com\/barcelona\/wp-json\/wp\/v2\/types\/page"}],"author":[{"embeddable":true,"href":"https:\/\/www.japanweekend.com\/barcelona\/wp-json\/wp\/v2\/users\/1"}],"replies":[{"embeddable":true,"href":"https:\/\/www.japanweekend.com\/barcelona\/wp-json\/wp\/v2\/comments?post=4297"}],"version-history":[{"count":12,"href":"https:\/\/www.japanweekend.com\/barcelona\/wp-json\/wp\/v2\/pages\/4297\/revisions"}],"predecessor-version":[{"id":6778,"href":"https:\/\/www.japanweekend.com\/barcelona\/wp-json\/wp\/v2\/pages\/4297\/revisions\/6778"}],"wp:attachment":[{"href":"https:\/\/www.japanweekend.com\/barcelona\/wp-json\/wp\/v2\/media?parent=4297"}],"curies":[{"name":"wp","href":"https:\/\/api.w.org\/{rel}","templated":true}]}}