{"id":4007,"date":"2021-08-24T14:23:54","date_gmt":"2021-08-24T14:23:54","guid":{"rendered":"https:\/\/www.japanweekend.com\/barcelona\/?page_id=4007"},"modified":"2026-04-07T10:33:05","modified_gmt":"2026-04-07T10:33:05","slug":"idolfest","status":"publish","type":"page","link":"https:\/\/www.japanweekend.com\/barcelona\/idolfest\/","title":{"rendered":"Japan Weekend Idol Festival"},"content":{"rendered":"[vc_row][vc_column][vc_column_text]\n<h3 style=\"text-align: justify;\"><b>\u00bfEn qu\u00e9 consiste Japan Weekend Idol Festival?<\/b><\/h3>\n<p style=\"text-align: justify;\"><span style=\"font-weight: 400;\">Cada d\u00eda aparecen m\u00e1s cosplayers de series y videojuegos de tem\u00e1tica idol por lo que Japan Weekend ha decido hacer un festival de baile e interpretaci\u00f3n \u00fanicamente para dichos cosplayers. La nueva edici\u00f3n del Japan Weekend Idol Festival <b>se celebrar\u00e1 el s\u00e1bado 11 de abril a las 14:15 en el escenario principal<\/b>\u00a0y consistir\u00e1 en una macro exhibici\u00f3n para todo aquel que quiera apuntarse y cumpla los requisitos.\u00a0<\/span><\/p>\n[\/vc_column_text][vc_column_text]\n[\/vc_column_text]<div class=\"lgx-heading  \" >\r\n                    <h2 class=\"heading\">\u00a1Conoce a les participantes!<\/h2>\r\n                    <h3 class=\"subheading\">El orden de los carteles tambi\u00e9n ser\u00e1 el orden de actuaci\u00f3n, \u00a1venid a animarles!<\/h3>              \r\n              <\/div>[vc_single_image image=&#8221;6932&#8243; img_size=&#8221;full&#8221; alignment=&#8221;center&#8221; title=&#8221;1- Candy Moon&#8221;][vc_single_image image=&#8221;6933&#8243; img_size=&#8221;full&#8221; alignment=&#8221;center&#8221; title=&#8221;2- Bloss&#8221;][vc_single_image image=&#8221;6934&#8243; img_size=&#8221;full&#8221; alignment=&#8221;center&#8221; title=&#8221;3- TriDash&#8221;][vc_single_image image=&#8221;6935&#8243; img_size=&#8221;full&#8221; alignment=&#8221;center&#8221; title=&#8221;4- Okiku&#8221;][vc_single_image image=&#8221;6936&#8243; img_size=&#8221;full&#8221; alignment=&#8221;center&#8221; title=&#8221;5- Illu5ion&#8221;][vc_single_image image=&#8221;6937&#8243; img_size=&#8221;full&#8221; alignment=&#8221;center&#8221; title=&#8221;6- Vampaliar&#8221;][vc_single_image image=&#8221;6956&#8243; img_size=&#8221;full&#8221; alignment=&#8221;center&#8221; title=&#8221;7- Arisa&#8221;][vc_single_image image=&#8221;6939&#8243; img_size=&#8221;full&#8221; alignment=&#8221;center&#8221; title=&#8221;8- Viladecavalls&#8221;][vc_single_image image=&#8221;6940&#8243; img_size=&#8221;full&#8221; alignment=&#8221;center&#8221; title=&#8221;9- 4i&#8221;][vc_single_image image=&#8221;6941&#8243; img_size=&#8221;full&#8221; alignment=&#8221;center&#8221; title=&#8221;10- Mirai no Pleyade&#8217;s&#8221;][vc_single_image image=&#8221;6943&#8243; img_size=&#8221;full&#8221; alignment=&#8221;center&#8221; title=&#8221;11- Fuu&#8221;][vc_single_image image=&#8221;6944&#8243; img_size=&#8221;full&#8221; alignment=&#8221;center&#8221; title=&#8221;12- \u00daltima temporada de: \u00a1Pensaban que era mi \u00faltimo idol pero a\u00fan sigo aqu\u00ed brillando!&#8221;][vc_single_image image=&#8221;6945&#8243; img_size=&#8221;full&#8221; alignment=&#8221;center&#8221; title=&#8221;13- Kizuna&#8221;][vc_single_image image=&#8221;6946&#8243; img_size=&#8221;full&#8221; alignment=&#8221;center&#8221; title=&#8221;14- Blade&#8221;][vc_single_image image=&#8221;6947&#8243; img_size=&#8221;full&#8221; alignment=&#8221;center&#8221; title=&#8221;15- Nana&#8221;][vc_single_image image=&#8221;6948&#8243; img_size=&#8221;full&#8221; alignment=&#8221;center&#8221; title=&#8221;16- Noche fogosa&#8221;][vc_single_image image=&#8221;6949&#8243; img_size=&#8221;full&#8221; alignment=&#8221;center&#8221; title=&#8221;17- HATORI&#8221;][vc_single_image image=&#8221;6950&#8243; img_size=&#8221;full&#8221; alignment=&#8221;center&#8221; title=&#8221;18- Semana Especial sube al Idol Festival&#8221;][vc_single_image image=&#8221;6951&#8243; img_size=&#8221;full&#8221; alignment=&#8221;center&#8221; title=&#8221;19- Countdown&#8221;][vc_single_image image=&#8221;6952&#8243; img_size=&#8221;full&#8221; alignment=&#8221;center&#8221; title=&#8221;20- Eli&#8221;][vc_column_text]\n<p style=\"text-align: justify;\">\n<h2 style=\"text-align: justify;\"><\/h2>\n[\/vc_column_text][vc_column_text]\n<h2 style=\"text-align: center;\"><b>BASES DE PARTICIPACI\u00d3N<\/b><\/h2>\n<ol style=\"text-align: justify;\">\n<li style=\"text-align: justify;\">La edad m\u00ednima para participar es de 16 a\u00f1os cumplidos el d\u00eda del concurso.<\/li>\n<li style=\"text-align: justify;\">Las inscripciones se abrir\u00e1n el <strong>16 de Marzo a las 15:00<\/strong>. El enlace ser\u00e1: <a href=\"https:\/\/docs.google.com\/forms\/d\/e\/1FAIpQLSdQv_8gn1FACYXVmoTCEMNe-UW5nQI2BQPZu5nJ7gVQbcXmow\/viewform?usp=header\"><strong data-start=\"332\" data-end=\"358\">INSCRIPCIONES IDOLFEST<\/strong><\/a>.<\/li>\n<li style=\"text-align: justify;\">En el formulario se deber\u00e1 incluir un enlace a una carpeta <strong>p\u00fablica de Drive<\/strong> con im\u00e1genes de referencia del personaje\/idol, traje y v\u00eddeo de la coreograf\u00eda. Puedes consultar la <strong><a href=\"https:\/\/docs.google.com\/forms\/d\/e\/1FAIpQLSeum2gi1LU-Eu2T_6p5wBYaE29ZN7CgU3PCPiTBsD-ZJf0PNQ\/viewform?usp=header\">muestra del formulario<\/a><\/strong>, pero no es v\u00e1lida como inscripci\u00f3n.<\/li>\n<li style=\"text-align: justify;\">Los grupos deben estar completos al momento de la inscripci\u00f3n. No se permite inscribirse individualmente para luego formar grupo. Solo se permitir\u00e1n cambios por causas mayores.<\/li>\n<li data-start=\"230\" data-end=\"359\">En el caso de recibir varias solicitudes de inscripci\u00f3n para un mismo participante, se tomar\u00e1 como v\u00e1lida la \u00faltima seg\u00fan la marca temporal. En caso de que el formulario est\u00e9 incompleto, contenga errores, o la carpeta de archivos est\u00e9 en privado o no incluya el material requerido, la participaci\u00f3n quedar\u00e1 autom\u00e1ticamente en lista de reserva.<\/li>\n<li data-start=\"230\" data-end=\"359\">Se permiten actuaciones individuales y grupales. El m\u00e1ximo por grupo es de 9 personas y cada persona solo puede participar una vez por edici\u00f3n. Se admitir\u00e1n hasta 20 actuaciones en total<\/li>\n<li>Al confirmar la participaci\u00f3n, se pedir\u00e1 entre otras cosas, un cartel. Una vez publicado, no se permiten cambios de integrantes ni se puede a\u00f1adir a nadie m\u00e1s salvo causas justificadas.<\/li>\n<li>Se permiten cosplays de tem\u00e1tica idol japonesa (anime, videojuegos, idols reales, etc.) o de series que incluyan m\u00fasica y baile en su trama <span style=\"font-weight: 400;\">(A3, BanG Dream!, Macross Frontier)<\/span>. Tambi\u00e9n se aceptan vtubers japoneses, canciones oficiales de VOCALOID\u00a0 y artistas japoneses con est\u00e9tica idol <span style=\"font-weight: 400;\">(Kyary Pamyu Pamyu, Garnidelia&#8230;)<\/span>. Las versiones de g\u00e9nero est\u00e1n permitidas si el traje es fiel al original. <span style=\"font-weight: 400;\">Quedan permitidas las versiones propias cis-swap \/ versiones masculinas o femeninas de cualquier personaje de la serie siempre y cuando la adaptaci\u00f3n sea fiel al traje que se quiere representar. Para consultar cualquier duda al respecto, escribid a inscripciones@japanweekend.com<\/span><\/li>\n<li style=\"text-align: justify;\">Se aceptan coreograf\u00edas no oficiales si existe un v\u00eddeo de referencia que no haya sido creado por los participantes. Si los autores proh\u00edben su uso, no podr\u00e1 utilizarse.<\/li>\n<li>Un participante individual puede interpretar una coreograf\u00eda grupal siempre que destaque su personaje a<span style=\"font-weight: 400;\">unque tambi\u00e9n baile parte de otros para dinamizar la coreograf\u00eda.<\/span><\/li>\n<li>El personaje del cosplay debe coincidir con la coreograf\u00eda. No se puede ir de un personaje y bailar una coreograf\u00eda de otro aunque sea de la misma fuente. En el caso de existir una cover del personaje, se podr\u00e1 valorar el caso.<\/li>\n<li style=\"text-align: justify;\">Se permite incluir hasta 3 canciones en un remix, siempre que se respeten las bases.<\/li>\n<li>La duraci\u00f3n m\u00e1xima por actuaci\u00f3n es de 3 minutos para individuales y 3 minutos y medio para grupales. <span style=\"font-weight: 400;\">Podremos admitir un margen de 5 segundos extra si fuese necesario para la finalizaci\u00f3n de la canci\u00f3n.<\/span><\/li>\n<li style=\"text-align: justify;\"><span style=\"font-weight: 400;\">Se priorizar\u00e1 el baile a la actuaci\u00f3n interpretativa, al fin y al cabo es un concurso de cosplay de idols. No se permitir\u00e1n actuaciones que no incluyan baile.<\/span><\/li>\n<li style=\"text-align: justify;\"><span style=\"font-weight: 400;\">Los cosplays pueden ser comprados o hechos a mano pero se valorar\u00e1 positivamente el hecho de que sean hechos a mano de cara a un empate. El jurado puede decidir revisar los cosplays antes, despu\u00e9s del concurso o no revisarlos.<\/span><\/li>\n<li>Es obligatorio ir caracterizado y con el cosplay del personaje\/idol. Las versiones casuales solo se permiten si aparecen en la obra original. El color y corte de pelo deben ser fieles, aunque se permiten peque\u00f1as modificaciones si no se usa peluca.<\/li>\n<li aria-level=\"1\">Se aplicar\u00e1 un\u00a0<strong>descuento del 50% en la entrada para las personas admitidas<\/strong>. Los detalles sobre c\u00f3mo obtener dicho descuento ser\u00e1n comunicados por correo electr\u00f3nico. La confirmaci\u00f3n de plaza implicar\u00e1 un c\u00f3digo para una entrada con descuento a una hora adecuada para participar en el concurso.<\/li>\n<li>No se pueden usar trajes que hayan ganado premios en ediciones anteriores. Si se hace, no se podr\u00e1 optar a premio econ\u00f3mico. No se puede usar el mismo cosplay en la pasarela o JWCS del mismo d\u00eda.<\/li>\n<li style=\"text-align: justify;\"><span style=\"font-weight: 400;\">Est\u00e1\u00a0 prohibido ensuciar el escenario (incluyendo confeti aunque luego sea limpiable) y lanzar objetos al p\u00fablico. Las normas de seguridad ser\u00e1n las mismas que las de cualquier concurso de cosplay normal.<\/span><\/li>\n<li style=\"text-align: justify;\">Se permite usar atrezzo si el montaje y desmontaje no dura m\u00e1s de 20 segundos y lo hacen los propios participantes.<\/li>\n<li style=\"text-align: justify;\">Las im\u00e1genes y v\u00eddeos tomados durante el evento podr\u00e1n ser usados por Japan Weekend sin compensaci\u00f3n a los participantes ni fot\u00f3grafos y\/o vide\u00f3grafos.<\/li>\n<li style=\"text-align: justify;\"><span style=\"font-weight: 400;\">Crear cualquier tipo de altercado o falta de respeto contra otros participantes, contra el jurado o contra el propio concurso en el evento o en las redes sociales provocar\u00e1 la descalificaci\u00f3n en el propio o en futuros concurso<\/span><\/li>\n<li style=\"text-align: justify;\">Participar implica aceptar estas bases. Las bases pueden modificarse hasta el d\u00eda del concurso.<\/li>\n<\/ol>\n<h3 style=\"text-align: justify;\"><b>JURADO<\/b><\/h3>\n<ol style=\"text-align: justify;\">\n<li style=\"font-weight: 400;\" aria-level=\"1\"><span style=\"font-weight: 400;\">El jurado estar\u00e1 formado por<a href=\"https:\/\/www.instagram.com\/sh1ny_st4rs\/\"> SH1NY ST4RS\u00a0<\/a><\/span><\/li>\n<li style=\"font-weight: 400;\" aria-level=\"1\"><span style=\"font-weight: 400;\">El jurado no discutir\u00e1 acerca del concurso o de los participantes antes del concurso ni despu\u00e9s. En caso de que un participante se acerque a un miembro del jurado se comunicar\u00e1 de inmediato y la organizaci\u00f3n tomar\u00e1 las medidas necesarias. Si un participante necesita consejos de cara a un futuro concurso ser\u00e1n dados sin tener en cuenta el presente.<\/span><\/li>\n<li style=\"font-weight: 400;\" aria-level=\"1\"><span style=\"font-weight: 400;\">La decisi\u00f3n del jurado ser\u00e1 irrevocable.<\/span><\/li>\n<\/ol>\n<h3 style=\"text-align: justify;\"><b>\u00bfCu\u00e1les son los premios?*<\/b><\/h3>\n<ul style=\"text-align: justify;\">\n<li>Primer\u00a0<span class=\"il\">premio<\/span>: 200\u20ac<\/li>\n<li><span class=\"il\">Segundo premio<\/span>: 100\u20ac<\/li>\n<li>Menci\u00f3n especial: 50\u20ac<\/li>\n<\/ul>\n<p style=\"text-align: justify;\"><i>Se ajustar\u00e1n los premios una vez se compruebe la participaci\u00f3n*<\/i><\/p>\n<h2 style=\"text-align: justify;\"><\/h2>\n[\/vc_column_text][\/vc_column][vc_column][vc_btn title=&#8221;FORMULARIO DE INSCRIPCI\u00d3N IDOL FESTIVAL BARCELONA 26&#8243; style=&#8221;3d&#8221; shape=&#8221;round&#8221; color=&#8221;orange&#8221; align=&#8221;center&#8221; link=&#8221;url:https%3A%2F%2Fdocs.google.com%2Fforms%2Fd%2Fe%2F1FAIpQLSdQv_8gn1FACYXVmoTCEMNe-UW5nQI2BQPZu5nJ7gVQbcXmow%2Fviewform%3Fusp%3Dheader&#8221;][\/vc_column][\/vc_row][vc_row][vc_column][\/vc_column][\/vc_row]\n","protected":false},"excerpt":{"rendered":"<p>[vc_row][vc_column][vc_column_text] \u00bfEn qu\u00e9 consiste Japan Weekend Idol Festival? Cada d\u00eda aparecen m\u00e1s cosplayers de series y videojuegos de tem\u00e1tica idol por lo que Japan Weekend ha decido hacer un festival de baile e interpretaci\u00f3n \u00fanicamente para dichos cosplayers. La nueva edici\u00f3n del Japan Weekend Idol Festival se celebrar\u00e1 el s\u00e1bado 11 de abril a las [&hellip;]<\/p>\n","protected":false},"author":1,"featured_media":0,"parent":0,"menu_order":0,"comment_status":"closed","ping_status":"closed","template":"","meta":[],"_links":{"self":[{"href":"https:\/\/www.japanweekend.com\/barcelona\/wp-json\/wp\/v2\/pages\/4007"}],"collection":[{"href":"https:\/\/www.japanweekend.com\/barcelona\/wp-json\/wp\/v2\/pages"}],"about":[{"href":"https:\/\/www.japanweekend.com\/barcelona\/wp-json\/wp\/v2\/types\/page"}],"author":[{"embeddable":true,"href":"https:\/\/www.japanweekend.com\/barcelona\/wp-json\/wp\/v2\/users\/1"}],"replies":[{"embeddable":true,"href":"https:\/\/www.japanweekend.com\/barcelona\/wp-json\/wp\/v2\/comments?post=4007"}],"version-history":[{"count":51,"href":"https:\/\/www.japanweekend.com\/barcelona\/wp-json\/wp\/v2\/pages\/4007\/revisions"}],"predecessor-version":[{"id":6957,"href":"https:\/\/www.japanweekend.com\/barcelona\/wp-json\/wp\/v2\/pages\/4007\/revisions\/6957"}],"wp:attachment":[{"href":"https:\/\/www.japanweekend.com\/barcelona\/wp-json\/wp\/v2\/media?parent=4007"}],"curies":[{"name":"wp","href":"https:\/\/api.w.org\/{rel}","templated":true}]}}