{"id":4894,"date":"2025-03-19T13:25:37","date_gmt":"2025-03-19T11:25:37","guid":{"rendered":"https:\/\/www.japanweekend.com\/alicante\/?page_id=4894"},"modified":"2026-03-23T23:44:26","modified_gmt":"2026-03-23T21:44:26","slug":"idolfest","status":"publish","type":"page","link":"https:\/\/www.japanweekend.com\/alicante\/idolfest\/","title":{"rendered":"Japan Weekend Idol Festival"},"content":{"rendered":"[vc_row][vc_column]<div class=\"lgx-heading  \" >\r\n                    <h2 class=\"heading\">\u00a1Conoce a nuestros participantes!<\/h2>\r\n                    <h3 class=\"subheading\">El orden de los carteles tambi\u00e9n ser\u00e1 el orden de actuaci\u00f3n, \u00a1venid a animarles!<\/h3>              \r\n              <\/div>[vc_single_image image=&#8221;5334&#8243; img_size=&#8221;full&#8221; alignment=&#8221;center&#8221; title=&#8221;1- Reb&#8221;][vc_single_image image=&#8221;5335&#8243; img_size=&#8221;full&#8221; alignment=&#8221;center&#8221; title=&#8221;2- ZasK&#8221;][vc_single_image image=&#8221;5336&#8243; img_size=&#8221;full&#8221; alignment=&#8221;center&#8221; title=&#8221;3- Rinkashi&#8221;][vc_single_image image=&#8221;5337&#8243; img_size=&#8221;full&#8221; alignment=&#8221;center&#8221; title=&#8221;4- Alex&#8221;][vc_single_image image=&#8221;5338&#8243; img_size=&#8221;full&#8221; alignment=&#8221;center&#8221; title=&#8221;5- Justice&#8221;][vc_single_image image=&#8221;5339&#8243; img_size=&#8221;full&#8221; alignment=&#8221;center&#8221; title=&#8221;6- Fabu&#8221;][vc_single_image image=&#8221;5340&#8243; img_size=&#8221;full&#8221; alignment=&#8221;center&#8221; title=&#8221;7- Malicecos&#8221;][vc_single_image image=&#8221;5341&#8243; img_size=&#8221;full&#8221; alignment=&#8221;center&#8221; title=&#8221;8- Electric Beat&#8221;][vc_single_image image=&#8221;5342&#8243; img_size=&#8221;full&#8221; alignment=&#8221;center&#8221; title=&#8221;9- Nessy&#8221;][vc_single_image image=&#8221;5343&#8243; img_size=&#8221;full&#8221; alignment=&#8221;center&#8221; title=&#8221;10- GodSeven&#8221;][vc_single_image image=&#8221;5345&#8243; img_size=&#8221;full&#8221; alignment=&#8221;center&#8221; title=&#8221;11- \u611b\u2192dreamland!&#8221;][vc_single_image image=&#8221;5346&#8243; img_size=&#8221;full&#8221; alignment=&#8221;center&#8221; title=&#8221;12- Lucyel&#8221;][vc_single_image image=&#8221;5347&#8243; img_size=&#8221;full&#8221; alignment=&#8221;center&#8221; title=&#8221;13- Sugar Trauma&#8221;][vc_single_image image=&#8221;5348&#8243; img_size=&#8221;full&#8221; alignment=&#8221;center&#8221; title=&#8221;14- Ruki Kat&#8221;][vc_single_image image=&#8221;5349&#8243; img_size=&#8221;full&#8221; alignment=&#8221;center&#8221; title=&#8221;15- Segunda temporada de \u00a1Pensaban que era mi \u00faltimo idol pero a\u00fan sigo aqu\u00ed brillando!&#8221;][vc_single_image image=&#8221;5350&#8243; img_size=&#8221;full&#8221; alignment=&#8221;center&#8221; title=&#8221;16- Kaleid\u00f8&#8221;][vc_single_image image=&#8221;5351&#8243; img_size=&#8221;full&#8221; alignment=&#8221;center&#8221; title=&#8221;17- Hana Banana&#8221;][vc_single_image image=&#8221;5352&#8243; img_size=&#8221;full&#8221; alignment=&#8221;center&#8221; title=&#8221;18- Equipo de rescate azul&#8221;][vc_single_image image=&#8221;5353&#8243; img_size=&#8221;full&#8221; alignment=&#8221;center&#8221; title=&#8221;19- Hikarilore&#8221;][vc_single_image image=&#8221;5355&#8243; img_size=&#8221;full&#8221; alignment=&#8221;center&#8221; title=&#8221;20- Hummy&#8221;][vc_column_text]\n<h3 style=\"text-align: justify;\"><b>\u00bfEn qu\u00e9 consiste Japan Weekend Idol Festival?<\/b><\/h3>\n<p style=\"text-align: justify;\"><span style=\"font-weight: 400;\">Cada d\u00eda aparecen m\u00e1s cosplayers de series y videojuegos de tem\u00e1tica idol por lo que Japan Weekend ha decido hacer un festival de baile e interpretaci\u00f3n \u00fanicamente para dichos cosplayers. La nueva edici\u00f3n del Japan Weekend Idol Festival <b>se celebrar\u00e1 el domingo 29 de marzo por la tarde en el escenario principal <\/b><em>(hora por confirmar)<\/em>\u00a0y consistir\u00e1 en una macro exhibici\u00f3n para todo aquel que quiera apuntarse y cumpla los requisitos.\u00a0<\/span><\/p>\n[\/vc_column_text][vc_column_text]\n<h2 style=\"text-align: center;\"><b>BASES DE PARTICIPACI\u00d3N<\/b><\/h2>\n<p>&nbsp;<\/p>\n<ol style=\"text-align: justify;\">\n<li>El concurso de dance se celebrar\u00e1 el<b> domingo 29 de marzo a las 16:00\u00a0 en el escenario principal (hora por confirmar)<\/b><\/li>\n<li style=\"text-align: justify;\"><span style=\"font-weight: 400;\">El m\u00ednimo de edad permitida es de 16 a\u00f1os. Se aceptar\u00e1n participaciones de menores de 16 a\u00f1os siempre y cuando participen con un mayor de 18 con los permisos de sus tutores correspondientes.<\/span><\/li>\n<li style=\"text-align: justify;\"><span style=\"font-weight: 400;\">Las <\/span><b>inscripciones<\/b><span style=\"font-weight: 400;\"> se abrir\u00e1n el<\/span><b> 27 de febrero a las 15:00 <\/b>\u00a0y se anunciar\u00e1n en<strong> <a href=\"https:\/\/twitter.com\/Japan_weekend\/\">twitter<\/a><\/strong>. <span style=\"font-weight: 400;\">El link a las inscripciones ser\u00e1: <a href=\"https:\/\/forms.gle\/q9bSZGoDMoDsgXJXA\">INSCRIPCIONES IDOLFEST\u00a0<\/a><\/span><\/li>\n<li style=\"text-align: justify;\">En el formulario a parte de datos se solicitar\u00e1 un enlace a una carpeta de drive que tendr\u00e1 que estar en <strong>p\u00fablico\u00a0<\/strong>con im\u00e1genes de referencia de los personajes\/idols y trajes as\u00ed como el v\u00eddeo de referencia de la coreograf\u00eda. Pod\u00e9is consultar la <a href=\"https:\/\/forms.gle\/cqVAE9HEz4C2PveAA\">MUESTRA DEL FORMULARIO<\/a> de inscripci\u00f3n para ver lo que pedimos. Las respuestas en este formulario no ser\u00e1n v\u00e1lidas.<\/li>\n<li style=\"text-align: justify;\"><span style=\"font-weight: 400;\">A la hora de inscribirse y si se diese el caso el grupo ha de estar al completo. No se puede inscribir una persona y luego buscar un grupo, no se permitir\u00e1n modificaciones en la inscripci\u00f3n exceptuando causas mayores.<\/span><\/li>\n<li style=\"text-align: justify;\"><span style=\"font-weight: 400;\">Se permiten participantes individuales y grupales. Por razones de seguridad, cada grupo puede tener un m\u00e1ximo de 9 integrantes. Una misma persona puede participar una sola vez por edici\u00f3n.<\/span><\/li>\n<li style=\"text-align: justify;\"><span style=\"font-weight: 400;\">Admitiremos un m\u00e1ximo de 20 participaciones.<\/span><\/li>\n<li style=\"text-align: justify;\"><span style=\"font-weight: 400;\">Una vez confirmada la plaza pediremos un cartel cuyos detalles se dar\u00e1n por e-mail, una vez publicado el cartel en la web la participaci\u00f3n no es modificable (un participante no puede sustituir a otro que ya aparezca en el cartel y al mismo tiempo no puede subir nadie extra que no aparezca en el mismo).<\/span><\/li>\n<li style=\"text-align: justify;\"><span style=\"font-weight: 400;\">Est\u00e1 permitido subir con cosplays de tem\u00e1tica idol (anime, videojuegos, idols reales&#8230;), as\u00ed como de otras series o juegos que aunque no sean tem\u00e1tica &#8220;idol&#8221; parte de su trama se centre en el mundo de la canci\u00f3n y el baile (Visual Prison, A3, BanG Dream!) , canciones oficiales de VOCALOID y artistas japoneses que tengan est\u00e9tica &#8220;idol&#8221; (Kyary Pamyu Pamyu, Garnidelia&#8230;). Quedan permitidas las versiones propias cis-swap \/ versiones masculinas o femeninas de cualquier personaje de la serie siempre y cuando la adaptaci\u00f3n sea fiel al traje que se quiere representar. Para consultar cualquier duda al respecto, escribid a inscripciones@japanweekend.com<\/span><\/li>\n<li style=\"text-align: justify;\"><span style=\"font-weight: 400;\">Se permitir\u00e1 la representaci\u00f3n de coreograf\u00edas no oficiales siempre y cuando exista un video de referencia ajeno a los participantes. Si los autores del video original proh\u00edben el uso de la coreograf\u00eda en alg\u00fan apartado no podr\u00e1 usarse.<\/span><\/li>\n<li style=\"text-align: justify;\"><span style=\"font-weight: 400;\">Permitimos que un participante individual baile una coreograf\u00eda grupal siempre y cuando se centre en la parte de su personaje aunque tambi\u00e9n baile parte de otros para dinamizar la coreograf\u00eda, siempre tendr\u00e1 que destacar el suyo.<\/span><\/li>\n<li style=\"text-align: justify;\"><span style=\"font-weight: 400;\">Se debe representar obligatoriamente la coreograf\u00eda del personaje del que se haga cosplay, no se puede ir de un personaje de una fuente y bailar una coreograf\u00eda de otra fuente.<\/span><\/li>\n<li style=\"text-align: justify;\"><span style=\"font-weight: 400;\">Queda permitido bailar m\u00e1s de una canci\u00f3n siempre que se cumplan las bases de participaci\u00f3n. El m\u00e1ximo de canciones permitidas para un remix es de 3.<\/span><\/li>\n<li style=\"text-align: justify;\"><span style=\"font-weight: 400;\">El tiempo m\u00e1ximo permitido por actuaci\u00f3n es de 3 minutos para los participantes individuales y 3 minutos y medio para los grupales. Podremos admitir un margen de 5 segundos extra si fuese necesario para la finalizaci\u00f3n de la canci\u00f3n.<\/span><\/li>\n<li style=\"text-align: justify;\"><span style=\"font-weight: 400;\">Se priorizar\u00e1 el baile a la actuaci\u00f3n interpretativa, al fin y al cabo es un concurso de cosplay de idols. No se permitir\u00e1n actuaciones que no incluyan baile.<\/span><\/li>\n<li style=\"text-align: justify;\"><span style=\"font-weight: 400;\">Los cosplays pueden ser comprados o hechos a mano pero se valorar\u00e1 positivamente el hecho de que sean hechos a mano de cara a un empate. El jurado puede decidir revisar los cosplays antes o despu\u00e9s del concurso o no.<\/span><\/li>\n<li style=\"text-align: justify;\"><span style=\"font-weight: 400;\">Es obligatorio ir caracterizado y con el cosplay de la serie que se representar\u00e1, no es un concurso de baile, es un concurso de cosplay de tem\u00e1tica idol. Las versiones casuales quedan prohibidas al no ser que aparezcan en la fuente representada. Ir caracterizado implica el mismo corte y color de pelo (con leves modificaciones permitidas si no se utiliza peluca).<\/span><\/li>\n<li style=\"text-align: justify;\"><span style=\"font-weight: 400;\">Se podr\u00e1n presentar trajes presentados al concurso de cosplay del s\u00e1bado. Si el participante ha ganado un premio econ\u00f3mico el s\u00e1bado no ganar\u00e1 ning\u00fan premio el domingo, pero podr\u00e1 actuar igualmente. Si un participante de un grupal ha ganado un premio econ\u00f3mico el s\u00e1bado, el grupo al completo no podr\u00e1 ganar nada el domingo pero igualmente podr\u00e1 exhibir su actuaci\u00f3n.\u00a0<\/span><\/li>\n<li aria-level=\"1\">Se aplicar\u00e1 un\u00a0<strong>descuento del 50% en la entrada para las personas admitidas<\/strong>. Los detalles sobre c\u00f3mo obtener dicho descuento ser\u00e1n comunicados por correo electr\u00f3nico. La confirmaci\u00f3n de plaza implicar\u00e1 un c\u00f3digo para una entrada con descuento.<\/li>\n<li style=\"text-align: justify;\"><span style=\"font-weight: 400;\">Est\u00e1 terminantemente prohibido manchar el escenario (incluyendo confeti aunque luego sea limpiable) y arrojar objetos al p\u00fablico. Las normas de seguridad ser\u00e1n las mismas que las de cualquier concurso de cosplay normal.<\/span><\/li>\n<li style=\"text-align: justify;\"><span style=\"font-weight: 400;\">Permitiremos la utilizaci\u00f3n de atrezzo siempre que el montaje no sea superior a 20 segundos y que sea subido y bajado por los propios participantes y sin ning\u00fan tipo de ayuda.<\/span><\/li>\n<li style=\"text-align: justify;\"><span style=\"font-weight: 400;\">Todas las im\u00e1genes tomadas durante Japan Weekend Idol Festival podr\u00e1n ser usadas por Japan Weekend sin ning\u00fan tipo de compensaci\u00f3n a los cosplayers o a los fot\u00f3grafos y\/o vide\u00f3grafos.<\/span><\/li>\n<li style=\"text-align: justify;\"><span style=\"font-weight: 400;\">Crear cualquier tipo de altercado o falta de respeto contra otros participantes, contra el jurado o contra el propio concurso en el evento o en las redes sociales provocar\u00e1 la descalificaci\u00f3n en el propio o en futuros concursos.<\/span><\/li>\n<li style=\"text-align: justify;\"><span style=\"font-weight: 400;\">La participaci\u00f3n en el concurso supone la aceptaci\u00f3n de todas las bases.<\/span><\/li>\n<li style=\"text-align: justify;\"><span style=\"font-weight: 400;\">Las bases podr\u00e1n sufrir cualquier tipo de modificaci\u00f3n hasta el d\u00eda del concurso.<\/span><\/li>\n<\/ol>\n<h3 style=\"text-align: justify;\"><b>JURADO<\/b><\/h3>\n<ol style=\"text-align: justify;\">\n<li style=\"font-weight: 400; text-align: justify;\" aria-level=\"1\"><span style=\"font-weight: 400;\">El jurado se anunciar\u00e1 pr\u00f3ximamente.<\/span><\/li>\n<li style=\"font-weight: 400; text-align: justify;\" aria-level=\"1\"><span style=\"font-weight: 400;\">El jurado no discutir\u00e1 acerca del concurso o de los participantes antes del concurso ni despu\u00e9s. En caso de que un participante se acerque a un miembro del jurado se comunicar\u00e1 de inmediato y la organizaci\u00f3n tomar\u00e1 las medidas necesarias. Si un participante necesita consejos de cara a un futuro concurso ser\u00e1n dados sin tener en cuenta el presente.<\/span><\/li>\n<li style=\"font-weight: 400; text-align: justify;\" aria-level=\"1\"><span style=\"font-weight: 400;\">La decisi\u00f3n del jurado ser\u00e1 irrevocable.<\/span><\/li>\n<\/ol>\n<h3 style=\"text-align: justify;\"><b>\u00bfCu\u00e1les son los premios?*<\/b><\/h3>\n<ul style=\"text-align: justify;\">\n<li>Primer\u00a0<span class=\"il\">premio<\/span>: 150\u20ac + Mu\u00f1eca 4SF cortes\u00eda de Famosa<\/li>\n<li><span class=\"il\">Segundo premio<\/span>: 100\u20ac + Mu\u00f1eca 4SF cortes\u00eda de Famosa<\/li>\n<li>Tercer premio: 50\u20ac en Kurogami + Mu\u00f1eca 4SF cortes\u00eda de Famosa<\/li>\n<li>Menci\u00f3n especial : 25\u20ac en Kurogami + Mu\u00f1eca 4SF cortes\u00eda de Famosa<\/li>\n<li>Menci\u00f3n especial Famosa: Colecci\u00f3n de mu\u00f1ecas 4SF cortes\u00eda de Famosa<\/li>\n<\/ul>\n<p style=\"text-align: justify;\"><em>*Los premios podr\u00edan ser modificados seg\u00fan la participaci\u00f3n<\/em><\/p>\n[\/vc_column_text][\/vc_column][vc_column][vc_btn title=&#8221;FORMULARIO DE INSCRIPCI\u00d3N &#8211; IDOL FESTIVAL&#8221; style=&#8221;gradient-custom&#8221; gradient_custom_color_1=&#8221;#b298f2&#8243; gradient_custom_color_2=&#8221;#8f1fe0&#8243; shape=&#8221;round&#8221; align=&#8221;center&#8221; i_icon_fontawesome=&#8221;fas fa-pen&#8221; add_icon=&#8221;true&#8221; link=&#8221;url:https%3A%2F%2Fforms.gle%2FCFLrVHs8ioPeCsWi8&#8243;][vc_separator border_width=&#8221;2&#8243;]    <div class=\"vcx-sponsored-wrapper sponsors-area sponsors-area-default sponsors-area-nogap  sponsors-area-noshadow  vcx-spwrap-item3 sponsor-anim-default \">\r\n\r\n        <div class=\"vcx-sponsored-title\"><h3 class=\"sponsored-heading first-heading\" style=\"color:#554bb9;\">Concurso patrocinado por<\/h3><\/div>\r\n        <div class=\"sponsors-area\">\r\n                <div class=\"single single-default lgx-item3\">\r\n                    <a class=\"Concurso patrocinado por\" href=\"https:\/\/forsuperfans.es\" target=\"_blank\" ><img src=\"https:\/\/www.japanweekend.com\/alicante\/wp-content\/uploads\/sites\/7\/2026\/03\/hello-kitty-for-super-fans-4sf-1.png\" alt=\"Sponsor\"\/><\/a>\r\n                <\/div> <!--\/\/single-->\r\n\r\n            \r\n                <div class=\"single single-default lgx-item3\">\r\n                    <a class=\"Concurso patrocinado por\" href=\"https:\/\/kurogami.com\/es\/tienda\" target=\"_blank\" ><img src=\"https:\/\/www.japanweekend.com\/alicante\/wp-content\/uploads\/sites\/7\/2024\/04\/KUROGAMI-2024oscuro.png\" alt=\"Sponsor\"\/><\/a>\r\n                <\/div> <!--\/\/single-->\r\n\r\n            <\/div>    <\/div>\r\n    [\/vc_column][vc_column][\/vc_column][\/vc_row]\n","protected":false},"excerpt":{"rendered":"<p>[vc_row][vc_column][vc_single_image image=&#8221;5334&#8243; img_size=&#8221;full&#8221; alignment=&#8221;center&#8221; title=&#8221;1- Reb&#8221;][vc_single_image image=&#8221;5335&#8243; img_size=&#8221;full&#8221; alignment=&#8221;center&#8221; title=&#8221;2- ZasK&#8221;][vc_single_image image=&#8221;5336&#8243; img_size=&#8221;full&#8221; alignment=&#8221;center&#8221; title=&#8221;3- Rinkashi&#8221;][vc_single_image image=&#8221;5337&#8243; img_size=&#8221;full&#8221; alignment=&#8221;center&#8221; title=&#8221;4- Alex&#8221;][vc_single_image image=&#8221;5338&#8243; img_size=&#8221;full&#8221; alignment=&#8221;center&#8221; title=&#8221;5- Justice&#8221;][vc_single_image image=&#8221;5339&#8243; img_size=&#8221;full&#8221; alignment=&#8221;center&#8221; title=&#8221;6- Fabu&#8221;][vc_single_image image=&#8221;5340&#8243; img_size=&#8221;full&#8221; alignment=&#8221;center&#8221; title=&#8221;7- Malicecos&#8221;][vc_single_image image=&#8221;5341&#8243; img_size=&#8221;full&#8221; alignment=&#8221;center&#8221; title=&#8221;8- Electric Beat&#8221;][vc_single_image image=&#8221;5342&#8243; img_size=&#8221;full&#8221; alignment=&#8221;center&#8221; title=&#8221;9- Nessy&#8221;][vc_single_image image=&#8221;5343&#8243; img_size=&#8221;full&#8221; alignment=&#8221;center&#8221; title=&#8221;10- GodSeven&#8221;][vc_single_image image=&#8221;5345&#8243; img_size=&#8221;full&#8221; alignment=&#8221;center&#8221; [&hellip;]<\/p>\n","protected":false},"author":1,"featured_media":0,"parent":0,"menu_order":0,"comment_status":"closed","ping_status":"closed","template":"","meta":[],"_links":{"self":[{"href":"https:\/\/www.japanweekend.com\/alicante\/wp-json\/wp\/v2\/pages\/4894"}],"collection":[{"href":"https:\/\/www.japanweekend.com\/alicante\/wp-json\/wp\/v2\/pages"}],"about":[{"href":"https:\/\/www.japanweekend.com\/alicante\/wp-json\/wp\/v2\/types\/page"}],"author":[{"embeddable":true,"href":"https:\/\/www.japanweekend.com\/alicante\/wp-json\/wp\/v2\/users\/1"}],"replies":[{"embeddable":true,"href":"https:\/\/www.japanweekend.com\/alicante\/wp-json\/wp\/v2\/comments?post=4894"}],"version-history":[{"count":28,"href":"https:\/\/www.japanweekend.com\/alicante\/wp-json\/wp\/v2\/pages\/4894\/revisions"}],"predecessor-version":[{"id":5388,"href":"https:\/\/www.japanweekend.com\/alicante\/wp-json\/wp\/v2\/pages\/4894\/revisions\/5388"}],"wp:attachment":[{"href":"https:\/\/www.japanweekend.com\/alicante\/wp-json\/wp\/v2\/media?parent=4894"}],"curies":[{"name":"wp","href":"https:\/\/api.w.org\/{rel}","templated":true}]}}