{"id":4484,"date":"2024-04-09T14:06:09","date_gmt":"2024-04-09T12:06:09","guid":{"rendered":"https:\/\/www.japanweekend.com\/alicante\/?page_id=4484"},"modified":"2026-03-13T18:13:16","modified_gmt":"2026-03-13T16:13:16","slug":"concurso-de-cosplay-junior","status":"publish","type":"page","link":"https:\/\/www.japanweekend.com\/alicante\/concurso-de-cosplay-junior\/","title":{"rendered":"Concurso de Cosplay Junior"},"content":{"rendered":"[vc_row][vc_column][vc_column_text]\n<h2 style=\"text-align: center;\"><b>Bases de participaci\u00f3n<\/b><\/h2>\n<ol style=\"text-align: justify;\">\n<li aria-level=\"1\">El\u00a0 concurso se celebrar\u00e1 el domingo 29 de marzo a las 12:00 en el \u201cEscenario Multiverso\u201d.<\/li>\n<li aria-level=\"1\">La\u00a0<b>inscripci\u00f3n<\/b>\u00a0ser\u00e1 presencial hasta 15 minutos antes del concurso en la mesa de al lado del mismo escenario. Habr\u00e1 que presentar un documento de identidad en el que se vea la edad del participante.<\/li>\n<li aria-level=\"1\">Los menores de 7 a\u00f1os no pagan entrada. Recuerda llevar un documento que lo acredite.<\/li>\n<li aria-level=\"1\">Podr\u00e1n participar ni\u00f1os y ni\u00f1as menores de 16 a\u00f1os. Los participantes de 16 a\u00f1os o m\u00e1s deber\u00e1n participar en Japan Weekend Idol Festival o en el Concurso de Cosplay del s\u00e1bado.<\/li>\n<li aria-level=\"1\">La participaci\u00f3n podr\u00e1 ser tanto de forma individual como en grupo. En caso de ser grupo ocupar\u00e1n todos los integrantes una \u00fanica plaza. Cada grupo podr\u00e1 tener un m\u00e1ximo de 6 integrantes.<\/li>\n<li aria-level=\"1\">El concurso tendr\u00e1 un total de 20 plazas con posibilidad de ampliaci\u00f3n.<\/li>\n<li aria-level=\"1\">Los participantes podr\u00e1n preparar una actuaci\u00f3n para representar al personaje. Esta actuaci\u00f3n no puede exceder del tiempo l\u00edmite (2 minutos) y se les har\u00e1 alguna pregunta sobre su disfraz, en caso de no querer actuar los participantes pueden subir al escenario y desfilar. Si se desea puede ser acompa\u00f1ado de sus padres, hermanos o tutores legales.<\/li>\n<li aria-level=\"1\">La tem\u00e1tica del concurso es libre: personajes c\u00f3mic japon\u00e9s, c\u00f3mic americano, pel\u00edculas, videojuegos, series de dibujos animados, personajes de literatura, etc. En el caso de participar en grupo pediremos que todos los integrantes lleven disfraces de la misma tem\u00e1tica (por ejemplo, todos disfrazados de personajes de Hora de Aventuras).<\/li>\n<li aria-level=\"1\">Los concursantes podr\u00e1n participar con tanto con trajes elaborados a mano (ya sea por uno mismo o con ayuda) como comprados. No obstante, el jurado valorar\u00e1 positivamente que el participante haya elaborado su disfraz, ya sea todo o en parte.<\/li>\n<li aria-level=\"1\">En caso de querer acompa\u00f1ar la actuaci\u00f3n de audio, rogamos que nos lo entreguen el mismo d\u00eda de concurso en formato .mp3, o .mp4 si desean proyectar un video. Aceptaremos \u00fanicamente USBs.<\/li>\n<li aria-level=\"1\">Las\u00a0<b>inscripciones<\/b>\u00a0se realizar\u00e1n in situ el domingo hasta media hora antes del concurso en el escenario principal. Ser\u00e1 necesario aportar un documento de identidad que acredite la edad del participante.<\/li>\n<li aria-level=\"1\">Japan Weekend se reserva el derecho de utilizar las fotograf\u00edas tomadas durante el concurso sin ning\u00fan tipo de compensaci\u00f3n a los participantes.<\/li>\n<\/ol>\n<h3 style=\"text-align: justify;\">JURADO<\/h3>\n<p style=\"text-align: justify;\">El jurado estar\u00e1 compuesto por los cosplayers invitados.<\/p>\n<h3 style=\"text-align: justify;\">PREMIOS<\/h3>\n<ul style=\"text-align: justify;\">\n<li>Mejor Cosplay Infantil (0-6): Vale de 50\u20ac de Kurogami y juguete cortes\u00eda de Famosa.<\/li>\n<li>Mejor Cosplay Junior (7-11): Vale de 50\u20ac de Kurogami y juguete cortes\u00eda de Famosa.<\/li>\n<li>Mejor Cosplay Juvenil (12-15): Vale de 50\u20ac de Kurogami y juguete cortes\u00eda de Famosa.<\/li>\n<li>Mejor Cosplay en familia: Vale de 50\u20ac de Kurogami, juguetes cortes\u00eda de Famosa y 20\u20ac en Odaiba Ediciones (a canjear durante el evento en su stand)<\/li>\n<\/ul>\n<p style=\"text-align: justify;\"><b>*<\/b><em> Si no hubiese 4 participantes de un rango de edad, ese premio no se entregar\u00eda. Tendr\u00e1 que haber m\u00ednimo tres familias participantes para dar este premio, si no las hubiese los peques podr\u00edan participar igualmente en el resto de categor\u00edas.<\/em><\/p>\n[\/vc_column_text][vc_separator border_width=&#8221;3&#8243;]    <div class=\"vcx-sponsored-wrapper sponsors-area sponsors-area-default sponsors-area-nogap  sponsors-area-noshadow  vcx-spwrap-item3 sponsor-anim-zoom \">\r\n\r\n        <div class=\"vcx-sponsored-title\"><h3 class=\"sponsored-heading first-heading\" style=\"color:#554bb9;\">Concurso patrocinado por<\/h3><\/div>\r\n        <div class=\"sponsors-area\">\r\n                <div class=\"single single-default lgx-item3\">\r\n                    <a class=\"Concurso patrocinado por\" href=\"https:\/\/forsuperfans.es\" target=\"_blank\" ><img src=\"https:\/\/www.japanweekend.com\/alicante\/wp-content\/uploads\/sites\/7\/2026\/03\/hello-kitty-for-super-fans-4sf-1.png\" alt=\"Sponsor\"\/><\/a>\r\n                <\/div> <!--\/\/single-->\r\n\r\n            \r\n                <div class=\"single single-default lgx-item3\">\r\n                    <a class=\"Concurso patrocinado por\" href=\"https:\/\/kurogami.com\/es\" target=\"_blank\" ><img src=\"https:\/\/www.japanweekend.com\/alicante\/wp-content\/uploads\/sites\/7\/2024\/04\/KUROGAMI-2024oscuro.png\" alt=\"Sponsor\"\/><\/a>\r\n                <\/div> <!--\/\/single-->\r\n\r\n            <\/div>    <\/div>\r\n    [\/vc_column][\/vc_row]\n","protected":false},"excerpt":{"rendered":"<p>[vc_row][vc_column][vc_column_text] Bases de participaci\u00f3n El\u00a0 concurso se celebrar\u00e1 el domingo 29 de marzo a las 12:00 en el \u201cEscenario Multiverso\u201d. La\u00a0inscripci\u00f3n\u00a0ser\u00e1 presencial hasta 15 minutos antes del concurso en la mesa de al lado del mismo escenario. Habr\u00e1 que presentar un documento de identidad en el que se vea la edad del participante. Los menores [&hellip;]<\/p>\n","protected":false},"author":1,"featured_media":0,"parent":0,"menu_order":0,"comment_status":"closed","ping_status":"closed","template":"","meta":[],"_links":{"self":[{"href":"https:\/\/www.japanweekend.com\/alicante\/wp-json\/wp\/v2\/pages\/4484"}],"collection":[{"href":"https:\/\/www.japanweekend.com\/alicante\/wp-json\/wp\/v2\/pages"}],"about":[{"href":"https:\/\/www.japanweekend.com\/alicante\/wp-json\/wp\/v2\/types\/page"}],"author":[{"embeddable":true,"href":"https:\/\/www.japanweekend.com\/alicante\/wp-json\/wp\/v2\/users\/1"}],"replies":[{"embeddable":true,"href":"https:\/\/www.japanweekend.com\/alicante\/wp-json\/wp\/v2\/comments?post=4484"}],"version-history":[{"count":14,"href":"https:\/\/www.japanweekend.com\/alicante\/wp-json\/wp\/v2\/pages\/4484\/revisions"}],"predecessor-version":[{"id":5316,"href":"https:\/\/www.japanweekend.com\/alicante\/wp-json\/wp\/v2\/pages\/4484\/revisions\/5316"}],"wp:attachment":[{"href":"https:\/\/www.japanweekend.com\/alicante\/wp-json\/wp\/v2\/media?parent=4484"}],"curies":[{"name":"wp","href":"https:\/\/api.w.org\/{rel}","templated":true}]}}