{"id":4130,"date":"2022-03-21T11:51:45","date_gmt":"2022-03-21T09:51:45","guid":{"rendered":"https:\/\/www.japanweekend.com\/acoruna\/?page_id=4130"},"modified":"2026-03-23T23:15:42","modified_gmt":"2026-03-23T21:15:42","slug":"karaoke","status":"publish","type":"page","link":"https:\/\/www.japanweekend.com\/alicante\/karaoke\/","title":{"rendered":"Concurso de Karaoke"},"content":{"rendered":"[vc_row][vc_column][vc_column_text]\n<h2 style=\"text-align: center;\"><b>BASES DE PARTICIPACI\u00d3N<\/b><\/h2>\n<p>&nbsp;<\/p>\n<ol>\n<li>El concurso de dance se celebrar\u00e1 el<b> s\u00e1bado 28 de marzo a las 11:30\u00a0 en el Escenario Multiverso (hora por confirmar).<\/b><\/li>\n<li>Las inscripciones ser\u00e1n presenciales al lado del escenario de multiverso y <b>se cerrar\u00e1n 10 minutos antes<\/b>\u00a0de que comience el concurso.<\/li>\n<li>Habr\u00e1 un m\u00e1ximo de <strong>20<\/strong><b>\u00a0plazas<\/b>\u00a0con 5 suplentes en el caso de que alg\u00fan participante llegase tarde o por otras causas que impidan participar.<\/li>\n<li>Los menores de 16 a\u00f1os tendr\u00e1n que tener una autorizaci\u00f3n de alg\u00fan tutor legal.<\/li>\n<li>La participaci\u00f3n en el concurso supone la aceptaci\u00f3n de las bases y el permiso para tomar fotograf\u00edas y v\u00eddeos de dicha participaci\u00f3n.<\/li>\n<li>La canci\u00f3n\u00a0<b>no podr\u00e1 sobrepasar los 3 minutos<\/b>\u00a0y deber\u00e1 ser instrumental a excepci\u00f3n de incluir coros para una buena valoraci\u00f3n del jurado. Se dejar\u00e1 un margen de m\u00e1ximo 15 segundos extras, despu\u00e9s\u00a0<b>se cortar\u00e1 el audio suavemente.<\/b><\/li>\n<li>El formato del archivo de la canci\u00f3n deber\u00e1 estar en\u00a0<b>MP3 o WAV<\/b>. Si es un v\u00eddeo, deber\u00e1 de estar en mp4 (no se garantiza que pueda ser proyectado). Se recomienda tener la canci\u00f3n con el m\u00ednimo silencio posible al principio para una buena gesti\u00f3n t\u00e9cnica desde el escenario, adem\u00e1s que el silencio forma parte de la duraci\u00f3n de la canci\u00f3n. Tambi\u00e9n se recomienda una entrada preparada previamente por la persona participante si lo necesitara, como por ejemplo un metr\u00f3nomo, un golpe sonoro o similar.<\/li>\n<li><b>Se tendr\u00e1 que entregar el audio en un dispositivo con conexi\u00f3n USB<\/b>\u00a0(pendrive preferiblemente) en el momento de la inscripci\u00f3n. Para facilitar la gesti\u00f3n, en el dispositivo USB solo podr\u00e1 estar la canci\u00f3n. La canci\u00f3n deber\u00e1 estar nombrada con el nombre del participante (se admiten apodos siempre y cuando se apunten\u00a0<b>igual\u00a0<\/b>en la lista) y el nombre de la canci\u00f3n. Ejemplo: Jolyne \u2013 Sono chi no Sadame.mp3<\/li>\n<li>La canci\u00f3n deber\u00e1 de ser con tem\u00e1tica de anime, videojuegos o m\u00fasica asi\u00e1tica oriental, sin importar el idioma.<\/li>\n<li>Se valorar\u00e1 la actuaci\u00f3n y vestimenta de los participantes acorde a la serie, juego o grupo. En caso de ser as\u00ed se deber\u00e1 entregar en el formulario una imagen del personaje\/artista en concreto, para poder ser valorado por el jurado. No ser\u00e1 determinante para ganar, puesto que en este concurso se valora la voz, pero es un extra para la performance.<\/li>\n<li>Queda permitido cantar con la letra a la vista pero restar\u00e1 puntos de cara a la valoraci\u00f3n final.<\/li>\n<\/ol>\n<h3><b>Jurado y premios<\/b><\/h3>\n<ul>\n<li>El jurado se anunciar\u00e1 pr\u00f3ximamente<\/li>\n<li data-start=\"2728\" data-end=\"3239\">El jurado no debatir\u00e1 con los participantes sobre valoraciones antes ni despu\u00e9s del concurso.<\/li>\n<li data-start=\"2728\" data-end=\"3239\">\u00a0Cualquier intento de contacto directo con los miembros del jurado ser\u00e1 comunicado a la organizaci\u00f3n, que tomar\u00e1 las medidas pertinentes.<\/li>\n<li data-start=\"2728\" data-end=\"3239\">\u00a0En caso de que un participante desee recibir consejos para futuras ediciones, podr\u00e1 hacerlo al margen de la valoraci\u00f3n del presente concurso.<\/li>\n<li data-start=\"2728\" data-end=\"3239\">La decisi\u00f3n del jurado ser\u00e1 definitiva e inapelable.<\/li>\n<\/ul>\n<p><strong>Premios<\/strong><\/p>\n<p>\u25ba<b>Primer\u00a0<span class=\"il\">premio<\/span>:<\/b> 100\u20ac\u00a0 en\u00a0 Kurogami, dar un concierto y ser jurado en la pr\u00f3xima edici\u00f3n de Sal\u00f3n del Manga de Alicante<\/p>\n<p>\u25ba<b>Segundo\u00a0<span class=\"il\">premio<\/span>:<\/b> 50\u20ac\u00a0 en Kurogami<\/p>\n<p>&nbsp;<\/p>\n<p><em>Los premios podr\u00edan ajustarse seg\u00fan la participaci\u00f3n\u00a0<\/em>[\/vc_column_text][vc_separator border_width=&#8221;3&#8243;]    <div class=\"vcx-sponsored-wrapper sponsors-area sponsors-area-default sponsors-area-nogap  sponsors-area-noshadow  vcx-spwrap-item3 sponsor-anim-zoom \">\r\n\r\n        <div class=\"vcx-sponsored-title\"><h3 class=\"sponsored-heading first-heading\" style=\"color:#554bb9;\">Concurso patrocinado por<\/h3><\/div>\r\n        <div class=\"sponsors-area\">\r\n                <div class=\"single single-default lgx-item3\">\r\n                    <a class=\"Concurso patrocinado por\" href=\"https:\/\/kurogami.com\/es\" target=\"_blank\" ><img src=\"https:\/\/www.japanweekend.com\/alicante\/wp-content\/uploads\/sites\/7\/2024\/04\/KUROGAMI-2024oscuro.png\" alt=\"Sponsor\"\/><\/a>\r\n                <\/div> <!--\/\/single-->\r\n\r\n            <\/div>    <\/div>\r\n    [\/vc_column][\/vc_row]\n","protected":false},"excerpt":{"rendered":"<p>[vc_row][vc_column][vc_column_text] BASES DE PARTICIPACI\u00d3N &nbsp; El concurso de dance se celebrar\u00e1 el s\u00e1bado 28 de marzo a las 11:30\u00a0 en el Escenario Multiverso (hora por confirmar). Las inscripciones ser\u00e1n presenciales al lado del escenario de multiverso y se cerrar\u00e1n 10 minutos antes\u00a0de que comience el concurso. Habr\u00e1 un m\u00e1ximo de 20\u00a0plazas\u00a0con 5 suplentes en el [&hellip;]<\/p>\n","protected":false},"author":1,"featured_media":0,"parent":0,"menu_order":0,"comment_status":"closed","ping_status":"closed","template":"","meta":[],"_links":{"self":[{"href":"https:\/\/www.japanweekend.com\/alicante\/wp-json\/wp\/v2\/pages\/4130"}],"collection":[{"href":"https:\/\/www.japanweekend.com\/alicante\/wp-json\/wp\/v2\/pages"}],"about":[{"href":"https:\/\/www.japanweekend.com\/alicante\/wp-json\/wp\/v2\/types\/page"}],"author":[{"embeddable":true,"href":"https:\/\/www.japanweekend.com\/alicante\/wp-json\/wp\/v2\/users\/1"}],"replies":[{"embeddable":true,"href":"https:\/\/www.japanweekend.com\/alicante\/wp-json\/wp\/v2\/comments?post=4130"}],"version-history":[{"count":21,"href":"https:\/\/www.japanweekend.com\/alicante\/wp-json\/wp\/v2\/pages\/4130\/revisions"}],"predecessor-version":[{"id":5387,"href":"https:\/\/www.japanweekend.com\/alicante\/wp-json\/wp\/v2\/pages\/4130\/revisions\/5387"}],"wp:attachment":[{"href":"https:\/\/www.japanweekend.com\/alicante\/wp-json\/wp\/v2\/media?parent=4130"}],"curies":[{"name":"wp","href":"https:\/\/api.w.org\/{rel}","templated":true}]}}