{"id":3984,"date":"2021-08-11T13:00:44","date_gmt":"2021-08-11T11:00:44","guid":{"rendered":"https:\/\/www.japanweekend.com\/barcelona\/?page_id=3984"},"modified":"2026-03-25T12:50:55","modified_gmt":"2026-03-25T10:50:55","slug":"asian-cover-dance","status":"publish","type":"page","link":"https:\/\/www.japanweekend.com\/alicante\/asian-cover-dance\/","title":{"rendered":"Asian Cover Dance"},"content":{"rendered":"[vc_row][vc_column]<div class=\"lgx-heading  \" >\r\n                    <h2 class=\"heading\">\u00a1Conoce a los participantes!<\/h2>\r\n                    <h3 class=\"subheading\">El orden de los carteles tambi\u00e9n ser\u00e1 el orden de actuaci\u00f3n, \u00a1venid a animarles!<\/h3>              \r\n              <\/div>[vc_single_image image=&#8221;5408&#8243; img_size=&#8221;full&#8221; alignment=&#8221;center&#8221; title=&#8221;1- ANTONELLA&#8221;][vc_single_image image=&#8221;5409&#8243; img_size=&#8221;full&#8221; alignment=&#8221;center&#8221; title=&#8221;2- OLYMPUS&#8221;][vc_single_image image=&#8221;5410&#8243; img_size=&#8221;full&#8221; alignment=&#8221;center&#8221; title=&#8221;3- MANZANALOVER7&#8243;][vc_single_image image=&#8221;5411&#8243; img_size=&#8221;full&#8221; alignment=&#8221;center&#8221; title=&#8221;4- WAVE&#8221;][vc_single_image image=&#8221;5412&#8243; img_size=&#8221;full&#8221; alignment=&#8221;center&#8221; title=&#8221;5- ZUZU&#8221;][vc_single_image image=&#8221;5413&#8243; img_size=&#8221;full&#8221; alignment=&#8221;center&#8221; title=&#8221;6- PRISMA&#8221;][vc_single_image image=&#8221;5415&#8243; img_size=&#8221;full&#8221; alignment=&#8221;center&#8221; title=&#8221;7- ELLA&#8221;][vc_single_image image=&#8221;5417&#8243; img_size=&#8221;full&#8221; alignment=&#8221;center&#8221; title=&#8221;8- KROWN&#8221;][vc_single_image image=&#8221;5418&#8243; img_size=&#8221;full&#8221; alignment=&#8221;center&#8221; title=&#8221;9- A.K&#8221;][vc_single_image image=&#8221;5419&#8243; img_size=&#8221;full&#8221; alignment=&#8221;center&#8221; title=&#8221;10- 2ND CHANCE&#8221;][vc_single_image image=&#8221;5420&#8243; img_size=&#8221;full&#8221; alignment=&#8221;center&#8221; title=&#8221;11- NATALIA&#8221;][vc_single_image image=&#8221;5421&#8243; img_size=&#8221;full&#8221; alignment=&#8221;center&#8221; title=&#8221;12- VIXEN&#8217;S NEW LINE&#8221;][vc_single_image image=&#8221;5422&#8243; img_size=&#8221;full&#8221; alignment=&#8221;center&#8221; title=&#8221;13- MARTA&#8221;][vc_single_image image=&#8221;5423&#8243; img_size=&#8221;full&#8221; alignment=&#8221;center&#8221; title=&#8221;14- COLETAAA&#8221;][vc_single_image image=&#8221;5424&#8243; img_size=&#8221;full&#8221; alignment=&#8221;center&#8221; title=&#8221;15- KURY&#8221;][vc_single_image image=&#8221;5426&#8243; img_size=&#8221;full&#8221; alignment=&#8221;center&#8221; title=&#8221;16- ATARAXIA&#8221;][vc_single_image image=&#8221;5427&#8243; img_size=&#8221;full&#8221; alignment=&#8221;center&#8221; title=&#8221;17- PAPI TOMOE&#8221;][vc_single_image image=&#8221;5428&#8243; img_size=&#8221;full&#8221; alignment=&#8221;center&#8221; title=&#8221;18- MEOWNTRA&#8221;][vc_single_image image=&#8221;5429&#8243; img_size=&#8221;full&#8221; alignment=&#8221;center&#8221; title=&#8221;19- EITZ&#8221;][vc_single_image image=&#8221;5430&#8243; img_size=&#8221;full&#8221; alignment=&#8221;center&#8221; title=&#8221;20- KOUL DC&#8221;][vc_column_text]\n<h2 style=\"text-align: center;\"><b>BASES DE PARTICIPACI\u00d3N<\/b><\/h2>\n<p>&nbsp;<\/p>\n<ol style=\"text-align: justify;\">\n<li aria-level=\"1\">El concurso de dance se celebrar\u00e1 el<b> domingo 29 de marzo a las 12:00\u00a0 en el escenario principal. (hora por confirmar)<\/b><\/li>\n<li aria-level=\"1\">La selecci\u00f3n de participantes ser\u00e1 en funci\u00f3n a la preselecci\u00f3n online detallada en el siguiente apartado.<\/li>\n<li>El m\u00e1ximo de plazas permitidas es de 20, 10 en cada categor\u00eda, todos los inscritos que pasen de dicha plaza ser\u00e1n tomados como reserva. Permitiremos un m\u00e1ximo de 5 reservas por categor\u00eda.<\/li>\n<li aria-level=\"1\">El m\u00ednimo de edad permitida ser\u00e1 de\u00a0<b>12 a\u00f1os. <\/b>Los participantes menores de 16 a\u00f1os que se presenten en cualquier categor\u00eda tendr\u00e1n que presentar un consentimiento firmado por un tutor legal que se har\u00e1 llegar cuando se confirme la plaza as\u00ed como ir acompa\u00f1ados al evento por el mismo.<\/li>\n<li aria-level=\"1\">Por razones de seguridad cada grupo tendr\u00e1 un m\u00e1ximo de 10 integrantes.<\/li>\n<li aria-level=\"1\">Un mismo participante no podr\u00e1 formar parte de m\u00e1s de un grupo o presentarse en dos categor\u00edas distintas (grupal e individual)<\/li>\n<li aria-level=\"1\">Los participantes tendr\u00e1n que estar en el escenario 30 minutos antes del comienzo del concurso.<\/li>\n<li>Todos los participantes dispondr\u00e1n de una pantalla en caso de que deseen proyectar alg\u00fan video durante su actuaci\u00f3n. El archivo de video ha de estar fusionado con el de la m\u00fasica, \u00a0formando todo un \u00fanico archivo, formato 16:9 y no debe superar los 200MB.<\/li>\n<li aria-level=\"1\">Se aplicar\u00e1 un\u00a0<strong>descuento del 50% en la entrada para las personas admitidas<\/strong>. Los detalles sobre c\u00f3mo obtener dicho descuento ser\u00e1n comunicados por correo electr\u00f3nico. La confirmaci\u00f3n de plaza implicar\u00e1 un c\u00f3digo para una entrada con descuento a una hora adecuada para participar en el concurso.<\/li>\n<li aria-level=\"1\">Queda prohibida la utilizaci\u00f3n de productos peligrosos para los asistentes, como material pirot\u00e9cnico. No se permitir\u00e1 que ning\u00fan participante manche el escenario.<\/li>\n<li aria-level=\"1\">Est\u00e1 prohibido que los participantes utilicen en su actuaci\u00f3n armas y\/u otros objetos contundentes o imitaciones que por sus caracter\u00edsticas puedan inducir a confusi\u00f3n sobre su aut\u00e9ntica naturaleza, elementos peligrosos para la integridad f\u00edsica de las personas como material pirot\u00e9cnico e inflamable. Asimismo se proh\u00edbe durante el consumo alcohol, cigarrillos o sustancias sin prescripci\u00f3n m\u00e9dica.<\/li>\n<li aria-level=\"1\">Se prohibir\u00e1 la participaci\u00f3n de todo aquel que cree altercados contra la organizaci\u00f3n, el jurado u otros participantes ya sea presencialmente u online.<\/li>\n<li aria-level=\"1\">No se ceder\u00e1 ning\u00fan micr\u00f3fono, el audio ha de estar preparado con anterioridad<\/li>\n<li aria-level=\"1\">Las im\u00e1genes tomadas durante el concurso podr\u00e1n ser usadas por Japan Weekend sin ning\u00fan tipo de compensaci\u00f3n econ\u00f3mica a los participantes ni a los fot\u00f3grafos.<\/li>\n<li aria-level=\"1\">Las bases podr\u00e1n sufrir cualquier modificaci\u00f3n de aqu\u00ed al d\u00eda del concurso seg\u00fan las necesidades de la organizaci\u00f3n, la participaci\u00f3n en el concurso supone la aceptaci\u00f3n de las mismas.<\/li>\n<\/ol>\n<p style=\"text-align: justify;\"><b>CRITERIOS DE PRESELECCI\u00d3N<\/b><\/p>\n<ol style=\"text-align: justify;\">\n<li aria-level=\"1\">El formulario de inscripci\u00f3n al concurso se abrir\u00e1<b> el 25 de febrero a las 11:00<\/b>\u00a0y se <b>cerrar\u00e1 el de 10 de marzo<\/b> a las <strong>18<\/strong><b>:00 <\/b>horas.<\/li>\n<li aria-level=\"1\">El link al formulario ser\u00e1 el siguiente:<a href=\"https:\/\/docs.google.com\/forms\/d\/e\/1FAIpQLSevFRXUT1j_N2D2TwpKja0Iela64IlaqmWHVeHdwW0kqMUBxg\/viewform?usp=preview\">\u00a0Formulario de preselecci\u00f3n concurso Asian Cover Dance<\/a><\/li>\n<li aria-level=\"1\">Al realizar la inscripci\u00f3n se tendr\u00e1 que rellenar un formulario donde entre otros datos se deber\u00e1 incluir un link a un v\u00eddeo del baile de los interesados y otro a una carpeta en drive de acceso\u00a0<b>p\u00fablico<\/b>\u00a0con la canci\u00f3n\/mix que se quiere presentar para realizar la preselecci\u00f3n.<\/li>\n<li aria-level=\"1\">El v\u00eddeo deber\u00e1 subirse en\u00a0<b>oculto a YouTube<\/b>, proporcionando el link en la inscripci\u00f3n.<\/li>\n<li aria-level=\"1\">El v\u00eddeo debe tener una calidad m\u00ednima de\u00a0<b>720p<\/b>\u00a0para poder observar bien los movimientos, detalles y expresiones.<\/li>\n<li aria-level=\"1\">Se deber\u00e1 mandar un v\u00eddeo de m\u00ednimo un minuto de duraci\u00f3n y m\u00e1ximo un minuto y medio, mostrando la parte de la coreograf\u00eda que se considere conveniente. (No hace falta que sea desde el principio de la canci\u00f3n o remix)<\/li>\n<li aria-level=\"1\">La c\u00e1mara debe ser\u00a0<b>est\u00e1tica<\/b>\u00a0y el v\u00eddeo no debe tener\u00a0<b>ning\u00fan corte<\/b>. Es necesario que se pueda apreciar bien el baile. No se valorar\u00e1n el vestuario o el entorno para el proceso de preselecci\u00f3n.<\/li>\n<li aria-level=\"1\">La canci\u00f3n o remix que se baile en el v\u00eddeo mandado para la preselecci\u00f3n deber\u00e1 ser el mismo con el que se vaya a actuar.\u00a0<b>No se admitir\u00e1n cambios en el audio<\/b>.<\/li>\n<li aria-level=\"1\">En el caso de categor\u00eda grupal, todos los integrantes que aparezcan en el v\u00eddeo deber\u00e1n estar disponibles para actuar el d\u00eda del concurso. No se permitir\u00e1n inclusiones de miembros que no salieran previamente en el v\u00eddeo de preselecci\u00f3n, ni cambios de miembros del grupo. En caso de fuerza mayor y de que un miembro no pueda participar, el grupo podr\u00e1 actuar con una persona menos, pero nunca a\u00f1adiendo a alguien nuevo.<\/li>\n<li aria-level=\"1\">Los participantes seleccionados para el concurso se notificar\u00e1n mediante el correo electr\u00f3nico de contacto y se anunciar\u00e1n en la web el d\u00eda <strong>13 de marzo<\/strong>\u00a0<b>de 2026<\/b>.<\/li>\n<li aria-level=\"1\">En el caso de haber alguna duda o cambio en la inscripci\u00f3n, escribid a <a href=\"mailto:ktokki.alc@gmail.com\" target=\"_blank\" rel=\"noopener\">ktokki.alc@gmail.<wbr \/>com<\/a><\/li>\n<\/ol>\n<p style=\"text-align: justify;\"><b>CRITERIOS DE EVALUACI\u00d3N Y ACTUACI\u00d3N<\/b><\/p>\n<ol style=\"text-align: justify;\">\n<li aria-level=\"1\">Se admiten canciones o remixes de toda clase de pop asi\u00e1tico. Si se trata de un remix no podr\u00e1n mezclarse m\u00e1s de tres canciones.<\/li>\n<li aria-level=\"1\">Se permitir\u00e1 que un 20% de la actuaci\u00f3n sea coreograf\u00eda original realizada por el grupo o solista.<\/li>\n<li aria-level=\"1\">No se aceptar\u00e1n cambios en la canci\u00f3n elegida para actuar en el concurso, la indicada en la inscripci\u00f3n ser\u00e1 la definitiva.<\/li>\n<li aria-level=\"1\">Se evaluar\u00e1n las actuaciones conforme a los siguientes porcentajes:<\/li>\n<\/ol>\n<ul style=\"text-align: justify;\">\n<li aria-level=\"1\">Baile, coreograf\u00eda, coordinaci\u00f3n, ritmo, limpieza de los pasos, t\u00e9cnica: 60%<\/li>\n<li aria-level=\"1\">Actitud, carisma, expresividad, interacci\u00f3n con el p\u00fablico, presencia en el escenario: 30%<\/li>\n<li aria-level=\"1\">Vestuario acorde al original: 10%<\/li>\n<\/ul>\n<p style=\"text-align: justify;\">5. Es obligatorio realizar una actuaci\u00f3n\u00a0<b>que no sea inferior a 1 minuto y medio y que no exceda de los 4 minutos<\/b> sin excepci\u00f3n. Se admitir\u00e1\u00a0 un margen de 5 segundos extra siempre que sea necesario para la finalizaci\u00f3n de la actuaci\u00f3n pero se rechazar\u00e1n todas las\u00a0 \u00a0 \u00a0 \u00a0inscripciones que no cumplan dicha norma.<\/p>\n<p style=\"text-align: justify;\">6. No se ceder\u00e1 ning\u00fan micr\u00f3fono, el audio ha de estar preparado con anterioridad.<\/p>\n<p style=\"text-align: justify;\">7.Quedan prohibidas las escenas er\u00f3ticas y\/o pornogr\u00e1ficas, as\u00ed como tambi\u00e9n cualquier acto inmoral o contrario que no sea propio de la coreograf\u00eda y que pueda causar alteraciones en el orden del concurso o afectar a los asistentes.<\/p>\n<p style=\"text-align: justify;\">8.Descalificaremos sin excepci\u00f3n a todos los participantes que no cumplan las bases del concurso o las medidas de seguridad. La no acataci\u00f3n de las indicaciones de la organizaci\u00f3n supondr\u00e1 una penalizaci\u00f3n de cara a futuros concursos.<\/p>\n<p style=\"text-align: justify;\"><b>JURADO<\/b><\/p>\n<ol style=\"text-align: justify;\">\n<li aria-level=\"1\">El jurado se anunciar\u00e1 pr\u00f3ximamente.<\/li>\n<li aria-level=\"1\">El jurado no discutir\u00e1 acerca del concurso o de los participantes antes del concurso ni despu\u00e9s. En caso de que un participante se acerque a un miembro del jurado se comunicar\u00e1 de inmediato y la organizaci\u00f3n tomar\u00e1 las medidas necesarias. Si un participante necesita consejos de cara a un futuro concurso ser\u00e1n dados sin tener en cuenta el presente.<\/li>\n<li aria-level=\"1\">La decisi\u00f3n del jurado ser\u00e1 irrevocable.<\/li>\n<\/ol>\n<p style=\"text-align: justify;\"><b>PREMIOS<\/b><\/p>\n<ul style=\"text-align: justify;\">\n<li aria-level=\"1\">Primer premio grupal : 250\u20ac + 50 \u20ac en Kurogami<\/li>\n<li aria-level=\"1\">Menci\u00f3n especial grupal: 100\u20ac en material cortes\u00eda de <a href=\"https:\/\/kpopverse.es\/\">Kpopverse<\/a> (a canjear durante el evento)<\/li>\n<li aria-level=\"1\">Primer premio individual: 100\u20ac + 25\u20ac en Kurogami<\/li>\n<li aria-level=\"1\">Menci\u00f3n especial individual: 50\u20ac en material cortes\u00eda de <a href=\"https:\/\/kpopverse.es\/\">Kpopverse<\/a> (a canjear durante el evento)<\/li>\n<li aria-level=\"1\">Dos menciones especiales generales de 50\u20ac cortes\u00eda de Kurogami<\/li>\n<\/ul>\n<p style=\"text-align: justify;\"><em>Los premios podr\u00e1n ser ajustados dependiendo de la participaci\u00f3n. Podr\u00e1n optar a las menciones especiales ambas categor\u00edas. Las menciones especiales generales podr\u00e1n optar tanto grupos como individuales.<\/em><\/p>\n[\/vc_column_text][vc_btn title=&#8221;Inscripciones Asian Cover Dance&#8221; style=&#8221;3d&#8221; shape=&#8221;round&#8221; color=&#8221;turquoise&#8221; align=&#8221;center&#8221; i_icon_fontawesome=&#8221;fas fa-pen&#8221; add_icon=&#8221;true&#8221; link=&#8221;url:https%3A%2F%2Fdocs.google.com%2Fforms%2Fd%2Fe%2F1FAIpQLSevFRXUT1j_N2D2TwpKja0Iela64IlaqmWHVeHdwW0kqMUBxg%2Fviewform%3Fusp%3Dpreview&#8221;][\/vc_column][vc_column][vc_separator]    <div class=\"vcx-sponsored-wrapper sponsors-area sponsors-area-default sponsors-area-nogap  sponsors-area-noshadow  vcx-spwrap-item3 sponsor-anim-zoom \">\r\n\r\n        <div class=\"vcx-sponsored-title\"><h3 class=\"sponsored-heading first-heading\" style=\"color:#554bb9;\">Concurso patrocinado por<\/h3><\/div>\r\n        <div class=\"sponsors-area\">\r\n                <div class=\"single single-default lgx-item3\">\r\n                    <a class=\"Concurso patrocinado por\" href=\"https:\/\/kurogami.com\/es\/tienda\" target=\"_blank\" ><img src=\"https:\/\/www.japanweekend.com\/alicante\/wp-content\/uploads\/sites\/7\/2026\/02\/k-urogami-logo.png\" alt=\"Sponsor\"\/><\/a>\r\n                <\/div> <!--\/\/single-->\r\n\r\n            \r\n                <div class=\"single single-default lgx-item3\">\r\n                    <a class=\"Concurso patrocinado por\" href=\"https:\/\/kpopverse.es\" target=\"_blank\" ><img src=\"https:\/\/www.japanweekend.com\/alicante\/wp-content\/uploads\/sites\/7\/2026\/02\/LOGO-COLOR-2.png\" alt=\"Sponsor\"\/><\/a>\r\n                <\/div> <!--\/\/single-->\r\n\r\n            <\/div>    <\/div>\r\n    [\/vc_column][vc_column][\/vc_column][\/vc_row][vc_row][vc_column][\/vc_column][\/vc_row]\n","protected":false},"excerpt":{"rendered":"<p>[vc_row][vc_column][vc_single_image image=&#8221;5408&#8243; img_size=&#8221;full&#8221; alignment=&#8221;center&#8221; title=&#8221;1- ANTONELLA&#8221;][vc_single_image image=&#8221;5409&#8243; img_size=&#8221;full&#8221; alignment=&#8221;center&#8221; title=&#8221;2- OLYMPUS&#8221;][vc_single_image image=&#8221;5410&#8243; img_size=&#8221;full&#8221; alignment=&#8221;center&#8221; title=&#8221;3- MANZANALOVER7&#8243;][vc_single_image image=&#8221;5411&#8243; img_size=&#8221;full&#8221; alignment=&#8221;center&#8221; title=&#8221;4- WAVE&#8221;][vc_single_image image=&#8221;5412&#8243; img_size=&#8221;full&#8221; alignment=&#8221;center&#8221; title=&#8221;5- ZUZU&#8221;][vc_single_image image=&#8221;5413&#8243; img_size=&#8221;full&#8221; alignment=&#8221;center&#8221; title=&#8221;6- PRISMA&#8221;][vc_single_image image=&#8221;5415&#8243; img_size=&#8221;full&#8221; alignment=&#8221;center&#8221; title=&#8221;7- ELLA&#8221;][vc_single_image image=&#8221;5417&#8243; img_size=&#8221;full&#8221; alignment=&#8221;center&#8221; title=&#8221;8- KROWN&#8221;][vc_single_image image=&#8221;5418&#8243; img_size=&#8221;full&#8221; alignment=&#8221;center&#8221; title=&#8221;9- A.K&#8221;][vc_single_image image=&#8221;5419&#8243; img_size=&#8221;full&#8221; alignment=&#8221;center&#8221; title=&#8221;10- 2ND CHANCE&#8221;][vc_single_image image=&#8221;5420&#8243; img_size=&#8221;full&#8221; alignment=&#8221;center&#8221; [&hellip;]<\/p>\n","protected":false},"author":1,"featured_media":0,"parent":0,"menu_order":0,"comment_status":"closed","ping_status":"closed","template":"","meta":[],"_links":{"self":[{"href":"https:\/\/www.japanweekend.com\/alicante\/wp-json\/wp\/v2\/pages\/3984"}],"collection":[{"href":"https:\/\/www.japanweekend.com\/alicante\/wp-json\/wp\/v2\/pages"}],"about":[{"href":"https:\/\/www.japanweekend.com\/alicante\/wp-json\/wp\/v2\/types\/page"}],"author":[{"embeddable":true,"href":"https:\/\/www.japanweekend.com\/alicante\/wp-json\/wp\/v2\/users\/1"}],"replies":[{"embeddable":true,"href":"https:\/\/www.japanweekend.com\/alicante\/wp-json\/wp\/v2\/comments?post=3984"}],"version-history":[{"count":67,"href":"https:\/\/www.japanweekend.com\/alicante\/wp-json\/wp\/v2\/pages\/3984\/revisions"}],"predecessor-version":[{"id":5431,"href":"https:\/\/www.japanweekend.com\/alicante\/wp-json\/wp\/v2\/pages\/3984\/revisions\/5431"}],"wp:attachment":[{"href":"https:\/\/www.japanweekend.com\/alicante\/wp-json\/wp\/v2\/media?parent=3984"}],"curies":[{"name":"wp","href":"https:\/\/api.w.org\/{rel}","templated":true}]}}