{"id":3988,"date":"2021-08-11T13:02:06","date_gmt":"2021-08-11T13:02:06","guid":{"rendered":"https:\/\/www.japanweekend.com\/barcelona\/?page_id=3988"},"modified":"2023-10-21T14:59:30","modified_gmt":"2023-10-21T12:59:30","slug":"cosplay","status":"publish","type":"page","link":"https:\/\/www.japanweekend.com\/acoruna\/cosplay\/","title":{"rendered":"Concurso de Cosplay"},"content":{"rendered":"[vc_row][vc_column][vc_text_separator title=&#8221;Bases de participaci\u00f3n&#8221;][vc_column_text]\n<div class=\"wpb_wrapper\">\n<ol>\n<li>El concurso se celebrar\u00e1 el s\u00e1bado a las 16:30 en el escenario principal.<\/li>\n<li>Las\u00a0<strong>inscripciones<\/strong> ser\u00e1n presenciales en el escenario principal desde la apertura del evento y se cerrar\u00e1n 60 minutos antes del concurso o cuando se llenen las plazas.<\/li>\n<li>El concurso seguir\u00e1 el formato de Pasarela Cosplay, pero permitiremos que act\u00fae antes de la pasarela todo aquel que cumpla las normas de participaci\u00f3n. Posteriormente deber\u00e1n desfilar en la pasarela individualmente todos los participantes por si no se llegase al m\u00ednimo para entregar el premio de actuaci\u00f3n, que ser\u00e1 de 4 participantes. Si no se inscribieran 3 actuaciones o m\u00e1s, el premio de actuaci\u00f3n pasar\u00e1 a ser un segundo premio de pasarela, por eso mismo todos los participantes, act\u00faen o no, desfilar\u00e1n.<\/li>\n<li>En cuanto a la pasarela, los cosplayers deber\u00e1n desfilar en solitario.<\/li>\n<li>El total de plazas permitidas es de 40, con un m\u00e1ximo de 15 con actuaci\u00f3n, todos los inscritos que pasen de la plaza n\u00famero 40 ser\u00e1n tomados como reserva. Se admitir\u00e1n 5 plazas en reserva.<\/li>\n<li>El desfile durar\u00e1 un m\u00e1ximo de 30 segundos y la m\u00fasica ser\u00e1 elegida por la organizaci\u00f3n.<\/li>\n<li>La actuaci\u00f3n durar\u00e1 un m\u00ednimo de 1 minuto y un m\u00e1ximo de 2 minutos y medio, sin excepci\u00f3n. Si el audio entregado dura m\u00e1s de lo permitido se cortar\u00e1. No se aceptar\u00e1 la inscripci\u00f3n de actuaciones sin audio preparado.<\/li>\n<li>Quedan permitidos los cosplays de cualquier procedencia excluyendo personajes originales. Los personajes de carne y hueso quedan permitidos siempre y cuando sean de ficci\u00f3n. En caso de basar los trajes en fanarts de personajes existentes se deber\u00e1 recurrir siempre a un ilustrador ajeno que haya publicado la fuente antes de la fecha de la publicaci\u00f3n de las bases, no se permitir\u00e1n cosplays de ilustraciones encargadas, cisswaps (versiones masculinas o femeninas) o gijinkas (humanizaciones no oficiales).<\/li>\n<li>No podr\u00e1n participar cosplays que hayan recibido premios econ\u00f3micos en cualquier evento de Japan Weekend o que hayan ganado una preselecci\u00f3n internacional organizada por Japan Weekend.<\/li>\n<li>Quedan prohibidos los efectos de fuego o humo, crackers que contengan p\u00f3lvora y luces l\u00e1ser. No se pueden esparcir objetos sobre el escenario durante el desfile, est\u00e1 prohibido manchar, marcar o da\u00f1ar el escenario. Si se perjudica a otro participante se prohibir\u00e1 participar en ning\u00fan concurso durante un a\u00f1o.<\/li>\n<li>Ateni\u00e9ndose al Real Decreto 137\/1993 sobre el Reglamento de Armas, queda terminantemente prohibido que los participantes utilicen en su desfile\u00a0armas de fuego, de metal y otros objetos contundentes o imitaciones que por sus caracter\u00edsticas puedan inducir a confusi\u00f3n sobre su aut\u00e9ntica naturaleza. Est\u00e1 prohibido tambi\u00e9n el uso de elementos peligrosos para la integridad f\u00edsica de las personas como material pirot\u00e9cnico e inflamable. S\u00f3lo se permitir\u00e1n imitaciones de armas en pl\u00e1stico, cart\u00f3n y otros materiales que no revistan peligrosidad ni para los concursantes ni para el p\u00fablico. Queda prohibido subir l\u00edquidos o cristales al escenario.<\/li>\n<li>Las im\u00e1genes tomadas durante el concurso podr\u00e1n ser usadas por Japan Weekend sin ning\u00fan tipo de compensaci\u00f3n econ\u00f3mica a los participantes ni a los fot\u00f3grafos.<\/li>\n<li>Las bases podr\u00e1n sufrir cualquier modificaci\u00f3n de aqu\u00ed al d\u00eda del concurso seg\u00fan las necesidades de la organizaci\u00f3n, la participaci\u00f3n en el concurso supone la aceptaci\u00f3n de las mismas.<\/li>\n<li>Para mantener las medidas de higiene, no contaremos con backstage ni cambiadores. Ser\u00e1 obligatorio mantener un espacio entre participantes de 1,5 metros, tanto para subir al escfenario como a la hora de inscribirse.<\/li>\n<\/ol>\n<p><strong>CRITERIOS OFICIALES DE PASARELA COSPLAY<\/strong><\/p>\n<p><strong>JURADO<\/strong><\/p>\n<ol>\n<li>El jurado se anunciar\u00e1 pr\u00f3ximamente.<\/li>\n<li>El jurado no podr\u00e1 seguir el proceso de los trajes que presenten los participantes. Si sucede, el jurado tiene prohibido tener en cuenta esa informaci\u00f3n a la hora de valorar el concurso.<\/li>\n<li>La revisi\u00f3n ser\u00e1 obligatoria para mayores de 16 a\u00f1os que hayan elaborado la mayor parte de su cosplay ellos mismos. Los turnos de revisi\u00f3n se informar\u00e1n en el momento de la inscripci\u00f3n.<\/li>\n<li>El jurado no discutir\u00e1 acerca del concurso o de los participantes. En caso de que un participante se acerque a un miembro del jurado por dicho tema se comunicar\u00e1 de inmediato y la organizaci\u00f3n tomar\u00e1 las medidas necesarias. Si un participante necesita consejos de cara a un futuro concurso ser\u00e1n dados sin tener en cuenta el presente.<\/li>\n<li>La decisi\u00f3n del jurado ser\u00e1 irrevocable.<br \/>\n<strong><br \/>\nCRITERIOS DE EVALUACI\u00d3N<\/strong><\/li>\n<li>En la pasarela el cosplay ser\u00e1 juzgado \u00fanicamente por su confecci\u00f3n y por la fidelidad a la imagen de referencia aportada. No se tendr\u00e1 en cuenta la interpretaci\u00f3n del personaje durante la pasarela pero es recomendable de cara a posibles fotograf\u00edas tomadas. La interpretaci\u00f3n se juzgar\u00e1 \u00fanicamente de cara al premio de actuaci\u00f3n, y se valorar\u00e1 en un 60%, contando un 40% el traje. En la pasarela el traje cuenta un 100%.<\/li>\n<li>La calidad de la parte requerida para el premio\u00a0del traje ser\u00e1 juzgada en general, es decir, no puede haber partes de mayor calidad que otras ya que restar\u00e1 puntos al cosplay en su totalidad.<\/li>\n<li>Se valorar\u00e1 la diversidad de m\u00e9todos y materiales siempre y cuando supongan\u00a0que el traje consiga un mejor acabado. Los jueces no tendr\u00e1n en cuenta las experiencias personales ni si ha supuesto un reto para el participante, lo importante ser\u00e1 el resultado final.<\/li>\n<li>Quedan permitidas las t\u00e9cnicas avanzadas de confecci\u00f3n. No se valorar\u00e1 lo cosido o bordado a mano si tiene un peor acabado que aquello que est\u00e1 hecho a m\u00e1quina. Si aquello hecho a mano tiene una calidad similar a lo hecho a m\u00e1quina podr\u00e1 ser valorado.<\/li>\n<li>Se valorar\u00e1 positivamente que los materiales est\u00e9n adaptados a la \u00e9poca del personaje. Por ejemplo, si el cosplay es de \u00e9poca medieval sumar\u00e1 puntos que el tejido se asemeje a los de la \u00e9poca. Si se utiliza un tejido de est\u00e9tica muy diferente a esa \u00e9poca restar\u00e1 puntos.<\/li>\n<li>El traje deber\u00e1 estar hecho a mano de un 80% a un 100% por el participante. Si se diese el caso, el 20% restante solo podr\u00e1 ser una pieza comprada\u00a0y modificada por el propio participante. Si se ha recibido ayuda en alguna parte del traje no supondr\u00e1 la descalificaci\u00f3n pero deber\u00e1 ser tenido en cuenta\u00a0para aplicar el criterio correspondiente.<\/li>\n<li>En el caso de que se ocultase y se descubriese que el participante ha sido ayudado o que el disfraz no est\u00e1 hecho por el concursante, \u00e9ste quedar\u00eda descalificado autom\u00e1ticamente y sin previo aviso y se\u00a0prohibir\u00eda la participaci\u00f3n en los concursos de Japan Weekend durante un a\u00f1o.<\/li>\n<li>Para evitar futuras sorpresas hay que tener en cuenta que un cosplay con unos acabados limpios pero sencillo siempre va a recibir m\u00e1s puntuaci\u00f3n que un traje voluminoso pero sin buenos acabados.<\/li>\n<\/ol>\n<p><strong>Actuaci\u00f3n e Interpretaci\u00f3n<\/strong><\/p>\n<ol>\n<li>Es obligatorio realizar una actuaci\u00f3n\u00a0<strong>que no sea inferior a 1 minuto y que no exceda los 2 minutos y medio\u00a0<\/strong>sin excepci\u00f3n. Se admitir\u00e1 un margen de 5 segundos extra siempre que sea necesario para la finalizaci\u00f3n de la actuaci\u00f3n pero se rechazar\u00e1n todas las inscripciones que no cumplan dicha norma.<\/li>\n<li>Se valorar\u00e1 la originalidad de la representaci\u00f3n y la interpretaci\u00f3n del personaje, incluyendo la expresividad corporal.<\/li>\n<li>El participante deber\u00e1 haber elaborado la actuaci\u00f3n por s\u00ed mismo y sin ning\u00fan tipo de ayuda creativa.\u00a0Si se ha recibido ayuda en alguna parte de la actuaci\u00f3n deber\u00e1 indicarse para aplicar el criterio correspondiente. En el caso de que se ocultase y se descubriese la descalificaci\u00f3n ser\u00eda autom\u00e1tica y se tendr\u00eda en cuenta de cara a futuros concursos de Japan Weekend.<\/li>\n<li>No se ceder\u00e1 ning\u00fan micr\u00f3fono, la interpretaci\u00f3n ha de estar preparada con anterioridad.<\/li>\n<li>Quedan prohibidas las escenas er\u00f3ticas y\/o pornogr\u00e1ficas, as\u00ed como tambi\u00e9n cualquier acto inmoral o contrario que no sea propio del personaje y que pueda causar alteraciones en el orden del concurso o afectar a los asistentes.<\/li>\n<li><strong>Descalificaremos sin excepci\u00f3n a todos los participantes que no cumplan las bases del concurso. La no acataci\u00f3n de las indicaciones de la organizaci\u00f3n supondr\u00e1\u00a0una penalizaci\u00f3n de cara a futuros concursos.<\/strong><\/li>\n<\/ol>\n<h2>Premios<\/h2>\n<p>El jurado elegir\u00e1 directamente a los ganadores, los premios ser\u00e1n los siguientes:<\/p>\n<ul>\n<li>Primer premio: 200\u20ac<\/li>\n<li>Premio actuaci\u00f3n\/Segundo Premio: 150\u20ac<\/li>\n<li>Menci\u00f3n especial: 50\u20ac<\/li>\n<li>Menci\u00f3n especial junior: Mangas y DVDs<\/li>\n<\/ul>\n<\/div>\n<div class=\"wpb_wrapper\">\n<p>*La menci\u00f3n junior se entregar\u00e1 en caso de que se presenten m\u00e1s de 4 participantes menores de 16 a\u00f1os. Tendr\u00e1 que haber un m\u00ednimo de 4 actuaciones cuyas participaciones tengan un mayor de 16 a\u00f1os o m\u00e1s, de no cumplir el m\u00ednimo de participaci\u00f3n el premio actuaci\u00f3n pasar\u00e1 a ser el segundo premio de Pasarela Cosplay. En caso de que haya menos de 10 participantes que puedan optar a premio el jurado considerar\u00e1 entregar un \u00fanico premio de 100\u20ac.<\/p>\n<\/div>\n[\/vc_column_text][\/vc_column][\/vc_row]\n","protected":false},"excerpt":{"rendered":"<p>[vc_row][vc_column][vc_text_separator title=&#8221;Bases de participaci\u00f3n&#8221;][vc_column_text] El concurso se celebrar\u00e1 el s\u00e1bado a las 16:30 en el escenario principal. Las\u00a0inscripciones ser\u00e1n presenciales en el escenario principal desde la apertura del evento y se cerrar\u00e1n 60 minutos antes del concurso o cuando se llenen las plazas. El concurso seguir\u00e1 el formato de Pasarela Cosplay, pero permitiremos que act\u00fae [&hellip;]<\/p>\n","protected":false},"author":1,"featured_media":0,"parent":0,"menu_order":0,"comment_status":"closed","ping_status":"open","template":"","meta":[],"_links":{"self":[{"href":"https:\/\/www.japanweekend.com\/acoruna\/wp-json\/wp\/v2\/pages\/3988"}],"collection":[{"href":"https:\/\/www.japanweekend.com\/acoruna\/wp-json\/wp\/v2\/pages"}],"about":[{"href":"https:\/\/www.japanweekend.com\/acoruna\/wp-json\/wp\/v2\/types\/page"}],"author":[{"embeddable":true,"href":"https:\/\/www.japanweekend.com\/acoruna\/wp-json\/wp\/v2\/users\/1"}],"replies":[{"embeddable":true,"href":"https:\/\/www.japanweekend.com\/acoruna\/wp-json\/wp\/v2\/comments?post=3988"}],"version-history":[{"count":23,"href":"https:\/\/www.japanweekend.com\/acoruna\/wp-json\/wp\/v2\/pages\/3988\/revisions"}],"predecessor-version":[{"id":4454,"href":"https:\/\/www.japanweekend.com\/acoruna\/wp-json\/wp\/v2\/pages\/3988\/revisions\/4454"}],"wp:attachment":[{"href":"https:\/\/www.japanweekend.com\/acoruna\/wp-json\/wp\/v2\/media?parent=3988"}],"curies":[{"name":"wp","href":"https:\/\/api.w.org\/{rel}","templated":true}]}}